{"id":24321,"date":"2026-04-07T15:53:03","date_gmt":"2026-04-07T13:53:03","guid":{"rendered":"https:\/\/ddbags.nl\/?post_type=product&#038;p=24321"},"modified":"2026-04-07T16:01:52","modified_gmt":"2026-04-07T14:01:52","slug":"nychel-minnesota-bordeaux-metallic-snake-caramel-kopie","status":"publish","type":"product","link":"https:\/\/ddbags.nl\/de\/produkt\/nychel-minnesota-bordeaux-metallic-snake-caramel-kopie\/","title":{"rendered":"NYCHEL &#8211; Minnesota Bordeaux \/ Metallic Snake Caramel (kopie)"},"content":{"rendered":"<p>Mit dieser <strong>DIY-Crossbody Tasche NYCHEL<\/strong> fertigst du im Handumdrehen deine eigene, einzigartige Lederhandtasche an.<\/p>\n<p>Diese <strong>DIY-Crossbody Tasche NYCHEL<\/strong> ist ein exklusives Modell, das ich selbst entworfen und entwickelt habe \u2013 du wirst es nirgendwo anders finden. Die runden Formen verleihen der Tasche eine elegante Note, w\u00e4hrend sie gleichzeitig gen\u00fcgend Platz f\u00fcr all deine Essentials bietet. Zus\u00e4tzlich verf\u00fcgt sie \u00fcber ein separates Vorderfach.<\/p>\n<h4><strong>Wie l\u00e4uft die Anfertigung dieser Tasche ab?<\/strong><\/h4>\n<p>Dank der einzigartigen Zusammenstellung unseres <a href=\"https:\/\/ddbags.nl\/de\/diy-pakketten\/\">DIY-Sets<\/a> kannst du eigentlich nichts falsch machen. Alle Schnittteile sind pr\u00e4zise gestanzt und alle ben\u00f6tigten Kurzwaren sowie Zubeh\u00f6rteile sind enthalten.<br \/>\nMit Hilfe einer klar strukturierten \u201eSchritt-f\u00fcr-Schritt\u201c-Anleitung mit vielen Fotos kannst du die Tasche einfach selbst zusammensetzen \u2013 perfekt auch f\u00fcr ambitionierte Einsteiger.<\/p>\n<h4><strong>Wie erhalte ich diese N\u00e4hanleitung?<\/strong><\/h4>\n<p>Die <strong>Anleitung<\/strong> ist <strong><a href=\"https:\/\/ddbags.nl\/wp-content\/uploads\/2025\/08\/Werkbeschrijving_NYCHEL_DE_online.pdf\">hier<\/a><\/strong> als PDF herunterzuladen.<\/p>\n<h4><strong>Ma\u00dfe der Tasche:<\/strong><\/h4>\n<ul>\n<li>Breite: 19 cm<\/li>\n<li>H\u00f6he: 15 cm<\/li>\n<li>Tiefe: 5 cm<\/li>\n<\/ul>\n<h4><strong>Arbeitszeit:<\/strong><\/h4>\n<p><strong>Durchschnittlich:<\/strong> \u00b1 4 Stunden<\/p>\n<h4><strong>Inhalt des DIY-Sets:<\/strong><\/h4>\n<ul>\n<li>Gestanzte Lederzuschnitte (9 St\u00fcck)<\/li>\n<li>Trageriemen (2-teilig)<\/li>\n<li>Karabinerhaken \u2013 2 St.<\/li>\n<li>Ringe \u2013 2 St.<\/li>\n<li>Schnallen \u2013 2 St.<\/li>\n<li>Verschluss<\/li>\n<li>3 Schraubnieten<\/li>\n<li>10 Meter Garn und Nadel<\/li>\n<\/ul>\n<h4><strong>Ben\u00f6tigtes Werkzeug (nicht im Set enthalten):<\/strong><\/h4>\n<ul>\n<li>Kleiner Hammer<\/li>\n<li>Schraubendreher<\/li>\n<li>Ma\u00dfband<\/li>\n<li>Stift oder Marker mit feiner Spitze (wei\u00df empfohlen)<\/li>\n<li>Lochzange<\/li>\n<li>Schere<\/li>\n<li>Feuerzeug<\/li>\n<\/ul>\n<p><strong>HINWEIS:<\/strong> Falls du die Tasche in einer anderen Farbe oder Lederart w\u00fcnschst, ist das oft m\u00f6glich. Viele Lederarten der <a href=\"\/?product_cat=festival\">DIY-Crossbody Tasche FESTIVAL<\/a> sind ebenfalls f\u00fcr dieses Modell geeignet.<br \/>\nSiehst du dort eine Farbe oder Lederart, die dir gef\u00e4llt, <a href=\"mailto:info@ddbags.nl\">kontaktiere mich<\/a> einfach, um die M\u00f6glichkeiten zu pr\u00fcfen.<\/p>\n<ul>\n<li>Leder ist ein Naturprodukt \u2013 es kann daher IMMER kleine Abweichungen in Farbe oder Struktur geben.<\/li>\n<li>Lieferzeit: 2\u20133 Werktage<\/li>\n<\/ul>\n<h4 style=\"text-align: center;\"><em>\u201eViel Spa\u00df beim N\u00e4hen deiner DIY-Crossbody Tasche NYCHEL \u2013 dein neues, handgemachtes Lieblingsst\u00fcck\u201c<\/em><\/h4>\n","protected":false},"excerpt":{"rendered":"<p><strong>DIY Lederhandtasche NYCHEL<\/strong> mit Handnaht f\u00fcr ein edles Unikat. Enth\u00e4lt alle Materialien und &#8222;Schritt-f\u00fcr-Schritt&#8220; <a href=\"https:\/\/ddbags.nl\/wp-content\/uploads\/2025\/08\/Werkbeschrijving_NYCHEL_DE_online.pdf\"><strong>Anleitung<\/strong><\/a> \u2013 ideal f\u00fcr erfahrene Selbermacher.<\/p>\n","protected":false},"featured_media":24328,"template":"","meta":[],"product_brand":[],"product_cat":[157,159],"product_tag":[],"class_list":{"0":"post-24321","1":"product","2":"type-product","3":"status-publish","4":"has-post-thumbnail","6":"product_cat-diy-crossbody-taschen","7":"product_cat-diy-crossbody-tasche-nychel","9":"first","10":"instock","11":"taxable","12":"shipping-taxable","13":"purchasable","14":"product-type-variable"},"yoast_head":"<!-- This site is optimized with the Yoast SEO plugin v27.3 - https:\/\/yoast.com\/product\/yoast-seo-wordpress\/ -->\n<title>DIY Lederhandtasche NYCHEL \u2013 Handnaht-Set mit Anleitung<\/title>\n<meta name=\"description\" content=\"N\u00e4he deine eigene Lederhandtasche NYCHEL \u2013 unser DIY-Set mit Handnaht f\u00fcr ein edles Ergebnis. Inklusive Material &amp; Anleitung.\" \/>\n<meta name=\"robots\" content=\"index, follow, max-snippet:-1, max-image-preview:large, max-video-preview:-1\" \/>\n<link rel=\"canonical\" href=\"https:\/\/ddbags.nl\/de\/produkt\/nychel-minnesota-bordeaux-metallic-snake-caramel-kopie\/\" \/>\n<meta property=\"og:locale\" content=\"de_DE\" \/>\n<meta property=\"og:type\" content=\"article\" \/>\n<meta property=\"og:title\" content=\"DIY Lederhandtasche NYCHEL \u2013 Handnaht-Set mit Anleitung\" \/>\n<meta property=\"og:description\" content=\"N\u00e4he deine eigene Lederhandtasche NYCHEL \u2013 unser DIY-Set mit Handnaht f\u00fcr ein edles Ergebnis. Inklusive Material &amp; Anleitung.\" \/>\n<meta property=\"og:url\" content=\"https:\/\/ddbags.nl\/de\/produkt\/nychel-minnesota-bordeaux-metallic-snake-caramel-kopie\/\" \/>\n<meta property=\"og:site_name\" content=\"ddbags\" \/>\n<meta property=\"article:modified_time\" content=\"2026-04-07T14:01:52+00:00\" \/>\n<meta property=\"og:image\" content=\"https:\/\/ddbags.nl\/wp-content\/uploads\/2025\/11\/DIY-Crossbody-Tas-NYCHEL_minnesota_navy_metalic_snake_caramel_1.webp\" \/>\n\t<meta property=\"og:image:width\" content=\"1500\" \/>\n\t<meta property=\"og:image:height\" content=\"1071\" \/>\n\t<meta property=\"og:image:type\" content=\"image\/webp\" \/>\n<meta name=\"twitter:card\" content=\"summary_large_image\" \/>\n<meta name=\"twitter:label1\" content=\"Gesch\u00e4tzte Lesezeit\" \/>\n\t<meta name=\"twitter:data1\" content=\"2\u00a0Minuten\" \/>\n<script type=\"application\/ld+json\" class=\"yoast-schema-graph\">{\"@context\":\"https:\\\/\\\/schema.org\",\"@graph\":[{\"@type\":\"WebPage\",\"@id\":\"https:\\\/\\\/ddbags.nl\\\/de\\\/produkt\\\/nychel-minnesota-bordeaux-metallic-snake-caramel-kopie\\\/\",\"url\":\"https:\\\/\\\/ddbags.nl\\\/de\\\/produkt\\\/nychel-minnesota-bordeaux-metallic-snake-caramel-kopie\\\/\",\"name\":\"DIY Lederhandtasche NYCHEL \u2013 Handnaht-Set mit Anleitung\",\"isPartOf\":{\"@id\":\"https:\\\/\\\/ddbags.nl\\\/de\\\/#website\"},\"primaryImageOfPage\":{\"@id\":\"https:\\\/\\\/ddbags.nl\\\/de\\\/produkt\\\/nychel-minnesota-bordeaux-metallic-snake-caramel-kopie\\\/#primaryimage\"},\"image\":{\"@id\":\"https:\\\/\\\/ddbags.nl\\\/de\\\/produkt\\\/nychel-minnesota-bordeaux-metallic-snake-caramel-kopie\\\/#primaryimage\"},\"thumbnailUrl\":\"https:\\\/\\\/ddbags.nl\\\/wp-content\\\/uploads\\\/2025\\\/11\\\/DIY-Crossbody-Tas-NYCHEL_minnesota_navy_metalic_snake_caramel_1.webp\",\"datePublished\":\"2026-04-07T13:53:03+00:00\",\"dateModified\":\"2026-04-07T14:01:52+00:00\",\"description\":\"N\u00e4he deine eigene Lederhandtasche NYCHEL \u2013 unser DIY-Set mit Handnaht f\u00fcr ein edles Ergebnis. Inklusive Material & Anleitung.\",\"breadcrumb\":{\"@id\":\"https:\\\/\\\/ddbags.nl\\\/de\\\/produkt\\\/nychel-minnesota-bordeaux-metallic-snake-caramel-kopie\\\/#breadcrumb\"},\"inLanguage\":\"de\",\"potentialAction\":[{\"@type\":\"ReadAction\",\"target\":[\"https:\\\/\\\/ddbags.nl\\\/de\\\/produkt\\\/nychel-minnesota-bordeaux-metallic-snake-caramel-kopie\\\/\"]}]},{\"@type\":\"ImageObject\",\"inLanguage\":\"de\",\"@id\":\"https:\\\/\\\/ddbags.nl\\\/de\\\/produkt\\\/nychel-minnesota-bordeaux-metallic-snake-caramel-kopie\\\/#primaryimage\",\"url\":\"https:\\\/\\\/ddbags.nl\\\/wp-content\\\/uploads\\\/2025\\\/11\\\/DIY-Crossbody-Tas-NYCHEL_minnesota_navy_metalic_snake_caramel_1.webp\",\"contentUrl\":\"https:\\\/\\\/ddbags.nl\\\/wp-content\\\/uploads\\\/2025\\\/11\\\/DIY-Crossbody-Tas-NYCHEL_minnesota_navy_metalic_snake_caramel_1.webp\",\"width\":1500,\"height\":1071},{\"@type\":\"BreadcrumbList\",\"@id\":\"https:\\\/\\\/ddbags.nl\\\/de\\\/produkt\\\/nychel-minnesota-bordeaux-metallic-snake-caramel-kopie\\\/#breadcrumb\",\"itemListElement\":[{\"@type\":\"ListItem\",\"position\":1,\"name\":\"Home\",\"item\":\"https:\\\/\\\/ddbags.nl\\\/de\\\/home\\\/\"},{\"@type\":\"ListItem\",\"position\":2,\"name\":\"Shop\",\"item\":\"https:\\\/\\\/ddbags.nl\\\/de\\\/shop\\\/\"},{\"@type\":\"ListItem\",\"position\":3,\"name\":\"NYCHEL &#8211; Minnesota Bordeaux \\\/ Metallic Snake Caramel (kopie)\"}]},{\"@type\":\"WebSite\",\"@id\":\"https:\\\/\\\/ddbags.nl\\\/de\\\/#website\",\"url\":\"https:\\\/\\\/ddbags.nl\\\/de\\\/\",\"name\":\"DDBags\",\"description\":\"Maak je eigen leren tas!\",\"publisher\":{\"@id\":\"https:\\\/\\\/ddbags.nl\\\/de\\\/#organization\"},\"potentialAction\":[{\"@type\":\"SearchAction\",\"target\":{\"@type\":\"EntryPoint\",\"urlTemplate\":\"https:\\\/\\\/ddbags.nl\\\/de\\\/?s={search_term_string}\"},\"query-input\":{\"@type\":\"PropertyValueSpecification\",\"valueRequired\":true,\"valueName\":\"search_term_string\"}}],\"inLanguage\":\"de\"},{\"@type\":\"Organization\",\"@id\":\"https:\\\/\\\/ddbags.nl\\\/de\\\/#organization\",\"name\":\"DDBags\",\"url\":\"https:\\\/\\\/ddbags.nl\\\/de\\\/\",\"logo\":{\"@type\":\"ImageObject\",\"inLanguage\":\"de\",\"@id\":\"https:\\\/\\\/ddbags.nl\\\/de\\\/#\\\/schema\\\/logo\\\/image\\\/\",\"url\":\"https:\\\/\\\/ddbags.nl\\\/wp-content\\\/uploads\\\/2025\\\/04\\\/logo-ddbags.svg\",\"contentUrl\":\"https:\\\/\\\/ddbags.nl\\\/wp-content\\\/uploads\\\/2025\\\/04\\\/logo-ddbags.svg\",\"width\":174,\"height\":82,\"caption\":\"DDBags\"},\"image\":{\"@id\":\"https:\\\/\\\/ddbags.nl\\\/de\\\/#\\\/schema\\\/logo\\\/image\\\/\"}}]}<\/script>\n<!-- \/ Yoast SEO plugin. -->","yoast_head_json":{"title":"DIY Lederhandtasche NYCHEL \u2013 Handnaht-Set mit Anleitung","description":"N\u00e4he deine eigene Lederhandtasche NYCHEL \u2013 unser DIY-Set mit Handnaht f\u00fcr ein edles Ergebnis. Inklusive Material & Anleitung.","robots":{"index":"index","follow":"follow","max-snippet":"max-snippet:-1","max-image-preview":"max-image-preview:large","max-video-preview":"max-video-preview:-1"},"canonical":"https:\/\/ddbags.nl\/de\/produkt\/nychel-minnesota-bordeaux-metallic-snake-caramel-kopie\/","og_locale":"de_DE","og_type":"article","og_title":"DIY Lederhandtasche NYCHEL \u2013 Handnaht-Set mit Anleitung","og_description":"N\u00e4he deine eigene Lederhandtasche NYCHEL \u2013 unser DIY-Set mit Handnaht f\u00fcr ein edles Ergebnis. Inklusive Material & Anleitung.","og_url":"https:\/\/ddbags.nl\/de\/produkt\/nychel-minnesota-bordeaux-metallic-snake-caramel-kopie\/","og_site_name":"ddbags","article_modified_time":"2026-04-07T14:01:52+00:00","og_image":[{"width":1500,"height":1071,"url":"https:\/\/ddbags.nl\/wp-content\/uploads\/2025\/11\/DIY-Crossbody-Tas-NYCHEL_minnesota_navy_metalic_snake_caramel_1.webp","type":"image\/webp"}],"twitter_card":"summary_large_image","twitter_misc":{"Gesch\u00e4tzte Lesezeit":"2\u00a0Minuten"},"schema":{"@context":"https:\/\/schema.org","@graph":[{"@type":"WebPage","@id":"https:\/\/ddbags.nl\/de\/produkt\/nychel-minnesota-bordeaux-metallic-snake-caramel-kopie\/","url":"https:\/\/ddbags.nl\/de\/produkt\/nychel-minnesota-bordeaux-metallic-snake-caramel-kopie\/","name":"DIY Lederhandtasche NYCHEL \u2013 Handnaht-Set mit Anleitung","isPartOf":{"@id":"https:\/\/ddbags.nl\/de\/#website"},"primaryImageOfPage":{"@id":"https:\/\/ddbags.nl\/de\/produkt\/nychel-minnesota-bordeaux-metallic-snake-caramel-kopie\/#primaryimage"},"image":{"@id":"https:\/\/ddbags.nl\/de\/produkt\/nychel-minnesota-bordeaux-metallic-snake-caramel-kopie\/#primaryimage"},"thumbnailUrl":"https:\/\/ddbags.nl\/wp-content\/uploads\/2025\/11\/DIY-Crossbody-Tas-NYCHEL_minnesota_navy_metalic_snake_caramel_1.webp","datePublished":"2026-04-07T13:53:03+00:00","dateModified":"2026-04-07T14:01:52+00:00","description":"N\u00e4he deine eigene Lederhandtasche NYCHEL \u2013 unser DIY-Set mit Handnaht f\u00fcr ein edles Ergebnis. Inklusive Material & Anleitung.","breadcrumb":{"@id":"https:\/\/ddbags.nl\/de\/produkt\/nychel-minnesota-bordeaux-metallic-snake-caramel-kopie\/#breadcrumb"},"inLanguage":"de","potentialAction":[{"@type":"ReadAction","target":["https:\/\/ddbags.nl\/de\/produkt\/nychel-minnesota-bordeaux-metallic-snake-caramel-kopie\/"]}]},{"@type":"ImageObject","inLanguage":"de","@id":"https:\/\/ddbags.nl\/de\/produkt\/nychel-minnesota-bordeaux-metallic-snake-caramel-kopie\/#primaryimage","url":"https:\/\/ddbags.nl\/wp-content\/uploads\/2025\/11\/DIY-Crossbody-Tas-NYCHEL_minnesota_navy_metalic_snake_caramel_1.webp","contentUrl":"https:\/\/ddbags.nl\/wp-content\/uploads\/2025\/11\/DIY-Crossbody-Tas-NYCHEL_minnesota_navy_metalic_snake_caramel_1.webp","width":1500,"height":1071},{"@type":"BreadcrumbList","@id":"https:\/\/ddbags.nl\/de\/produkt\/nychel-minnesota-bordeaux-metallic-snake-caramel-kopie\/#breadcrumb","itemListElement":[{"@type":"ListItem","position":1,"name":"Home","item":"https:\/\/ddbags.nl\/de\/home\/"},{"@type":"ListItem","position":2,"name":"Shop","item":"https:\/\/ddbags.nl\/de\/shop\/"},{"@type":"ListItem","position":3,"name":"NYCHEL &#8211; Minnesota Bordeaux \/ Metallic Snake Caramel (kopie)"}]},{"@type":"WebSite","@id":"https:\/\/ddbags.nl\/de\/#website","url":"https:\/\/ddbags.nl\/de\/","name":"DDBags","description":"Maak je eigen leren tas!","publisher":{"@id":"https:\/\/ddbags.nl\/de\/#organization"},"potentialAction":[{"@type":"SearchAction","target":{"@type":"EntryPoint","urlTemplate":"https:\/\/ddbags.nl\/de\/?s={search_term_string}"},"query-input":{"@type":"PropertyValueSpecification","valueRequired":true,"valueName":"search_term_string"}}],"inLanguage":"de"},{"@type":"Organization","@id":"https:\/\/ddbags.nl\/de\/#organization","name":"DDBags","url":"https:\/\/ddbags.nl\/de\/","logo":{"@type":"ImageObject","inLanguage":"de","@id":"https:\/\/ddbags.nl\/de\/#\/schema\/logo\/image\/","url":"https:\/\/ddbags.nl\/wp-content\/uploads\/2025\/04\/logo-ddbags.svg","contentUrl":"https:\/\/ddbags.nl\/wp-content\/uploads\/2025\/04\/logo-ddbags.svg","width":174,"height":82,"caption":"DDBags"},"image":{"@id":"https:\/\/ddbags.nl\/de\/#\/schema\/logo\/image\/"}}]}},"_links":{"self":[{"href":"https:\/\/ddbags.nl\/de\/wp-json\/wp\/v2\/product\/24321","targetHints":{"allow":["GET"]}}],"collection":[{"href":"https:\/\/ddbags.nl\/de\/wp-json\/wp\/v2\/product"}],"about":[{"href":"https:\/\/ddbags.nl\/de\/wp-json\/wp\/v2\/types\/product"}],"wp:featuredmedia":[{"embeddable":true,"href":"https:\/\/ddbags.nl\/de\/wp-json\/wp\/v2\/media\/24328"}],"wp:attachment":[{"href":"https:\/\/ddbags.nl\/de\/wp-json\/wp\/v2\/media?parent=24321"}],"wp:term":[{"taxonomy":"product_brand","embeddable":true,"href":"https:\/\/ddbags.nl\/de\/wp-json\/wp\/v2\/product_brand?post=24321"},{"taxonomy":"product_cat","embeddable":true,"href":"https:\/\/ddbags.nl\/de\/wp-json\/wp\/v2\/product_cat?post=24321"},{"taxonomy":"product_tag","embeddable":true,"href":"https:\/\/ddbags.nl\/de\/wp-json\/wp\/v2\/product_tag?post=24321"}],"curies":[{"name":"wp","href":"https:\/\/api.w.org\/{rel}","templated":true}]}}