{"id":23251,"date":"2026-01-24T11:50:29","date_gmt":"2026-01-24T10:50:29","guid":{"rendered":"https:\/\/ddbags.nl\/?post_type=product&#038;p=23251"},"modified":"2026-01-24T12:12:33","modified_gmt":"2026-01-24T11:12:33","slug":"faye-jungle-suede-ocean-kopie","status":"publish","type":"product","link":"https:\/\/ddbags.nl\/de\/produkt\/faye-jungle-suede-ocean-kopie\/","title":{"rendered":"FAYE \u2013 Jungle Suede Ocean (kopie)"},"content":{"rendered":"<h4><strong>So funktioniert es<\/strong><\/h4>\n<p>Mit dem einzigartigen Aufbau unseres DIY-Sets kannst du nichts falsch machen. Alle Lederteile sind pr\u00e4zise vorgestanzt, und alle ben\u00f6tigten Materialien und Zubeh\u00f6rteile sind im Set enthalten.<br \/>\nMit Hilfe einer leicht verst\u00e4ndlichen <em>Schritt-f\u00fcr-Schritt-Anleitung<\/em> \u2013 reich bebildert \u2013 kannst du deinen individuellen Leder-Trageriemen FAYE ganz einfach selbst anfertigen.<\/p>\n<p>Diese Leder-Trageriemen k\u00f6nnen auch als zus\u00e4tzliche Option zum Modell <a href=\"\/?product_cat=vanity-flair\">DIY-Crossbody-Tasche VANITY Flair<\/a> bestellt werden.<\/p>\n<h4><strong>Wo finde ich die Anleitung?<\/strong><\/h4>\n<p>Diese <strong>Anleitung<\/strong> kannst du <strong><a href=\"https:\/\/ddbags.nl\/wp-content\/uploads\/2025\/08\/Werkbeschrijving_FAYE_DE_online.pdf\" target=\"_blank\" rel=\"noopener\">hier<\/a><\/strong> herunterladen.<\/p>\n<h4><strong>Inhalt des DIY-Leder-Trageriemen FAYE Sets:<\/strong><\/h4>\n<ul>\n<li>34 vorgestanzte Lederteile + 1 Endst\u00fcck<\/li>\n<li>2 Karabinerhaken<\/li>\n<li>1 Riemenschraube<\/li>\n<\/ul>\n<p><em>Der fertige Riemen ist ca. 135\u2013140 cm lang \u2013 perfekt f\u00fcr Crossbody-Taschen oder als Ersatzriemen.<\/em><\/p>\n<ul>\n<li>Leder ist ein Naturprodukt \u2013 daher sind leichte Abweichungen in Farbe oder Struktur normal und machen jeden Riemen einzigartig.<\/li>\n<li>Lieferzeit: 2\u20133 Werktage<\/li>\n<\/ul>\n<h4 style=\"text-align: center;\"><em>\u201eViel Freude beim Anfertigen deines DIY-Leder-Trageriemens FAYE!\u201c<\/em><\/h4>\n","protected":false},"excerpt":{"rendered":"<p><strong>DIY-Leder-Trageriemen FAYE<\/strong> mit einer klaren <a href=\"https:\/\/ddbags.nl\/wp-content\/uploads\/2025\/08\/Werkbeschrijving_FAYE_DE_online.pdf\"><strong>Schritt-f\u00fcr-Schritt-Anleitung<\/strong><\/a> mit Fotos<strong>.<\/strong><\/p>\n<p><em>&#8222;Mit diesem <strong>DIY-Set<\/strong> stellst du im Handumdrehen deinen eigenen Trageriemen her.\u201c<\/em><\/p>\n","protected":false},"featured_media":23271,"template":"","meta":[],"product_brand":[],"product_cat":[152],"product_tag":[],"class_list":{"0":"post-23251","1":"product","2":"type-product","3":"status-publish","4":"has-post-thumbnail","6":"product_cat-zubehor","8":"first","9":"instock","10":"taxable","11":"shipping-taxable","12":"purchasable","13":"product-type-variable"},"yoast_head":"<!-- This site is optimized with the Yoast SEO plugin v27.3 - https:\/\/yoast.com\/product\/yoast-seo-wordpress\/ -->\n<title>DIY-Leder-Trageriemen FAYE \u2013 Selbst machen | ddbags<\/title>\n<meta name=\"description\" content=\"Fertige deinen Leder-Trageriemen selbst mit dem DIY-Set FAYE. Komplett mit Leder, Zubeh\u00f6r &amp; Anleitung. Handgemacht in deinem Stil!\" \/>\n<meta name=\"robots\" content=\"index, follow, max-snippet:-1, max-image-preview:large, max-video-preview:-1\" \/>\n<link rel=\"canonical\" href=\"https:\/\/ddbags.nl\/de\/produkt\/faye-jungle-suede-ocean-kopie\/\" \/>\n<meta property=\"og:locale\" content=\"de_DE\" \/>\n<meta property=\"og:type\" content=\"article\" \/>\n<meta property=\"og:title\" content=\"DIY-Leder-Trageriemen FAYE \u2013 Selbst machen | ddbags\" \/>\n<meta property=\"og:description\" content=\"Fertige deinen Leder-Trageriemen selbst mit dem DIY-Set FAYE. Komplett mit Leder, Zubeh\u00f6r &amp; Anleitung. Handgemacht in deinem Stil!\" \/>\n<meta property=\"og:url\" content=\"https:\/\/ddbags.nl\/de\/produkt\/faye-jungle-suede-ocean-kopie\/\" \/>\n<meta property=\"og:site_name\" content=\"ddbags\" \/>\n<meta property=\"article:modified_time\" content=\"2026-01-24T11:12:33+00:00\" \/>\n<meta property=\"og:image\" content=\"https:\/\/ddbags.nl\/wp-content\/uploads\/2026\/01\/DIY-Portemonneetje-JUULTJE_Velours_Flower_Ecru.webp\" \/>\n\t<meta property=\"og:image:width\" content=\"1500\" \/>\n\t<meta property=\"og:image:height\" content=\"1072\" \/>\n\t<meta property=\"og:image:type\" content=\"image\/webp\" \/>\n<meta name=\"twitter:card\" content=\"summary_large_image\" \/>\n<meta name=\"twitter:label1\" content=\"Gesch\u00e4tzte Lesezeit\" \/>\n\t<meta name=\"twitter:data1\" content=\"1\u00a0Minute\" \/>\n<script type=\"application\/ld+json\" class=\"yoast-schema-graph\">{\"@context\":\"https:\\\/\\\/schema.org\",\"@graph\":[{\"@type\":\"WebPage\",\"@id\":\"https:\\\/\\\/ddbags.nl\\\/de\\\/produkt\\\/faye-jungle-suede-ocean-kopie\\\/\",\"url\":\"https:\\\/\\\/ddbags.nl\\\/de\\\/produkt\\\/faye-jungle-suede-ocean-kopie\\\/\",\"name\":\"DIY-Leder-Trageriemen FAYE \u2013 Selbst machen | ddbags\",\"isPartOf\":{\"@id\":\"https:\\\/\\\/ddbags.nl\\\/de\\\/#website\"},\"primaryImageOfPage\":{\"@id\":\"https:\\\/\\\/ddbags.nl\\\/de\\\/produkt\\\/faye-jungle-suede-ocean-kopie\\\/#primaryimage\"},\"image\":{\"@id\":\"https:\\\/\\\/ddbags.nl\\\/de\\\/produkt\\\/faye-jungle-suede-ocean-kopie\\\/#primaryimage\"},\"thumbnailUrl\":\"https:\\\/\\\/ddbags.nl\\\/wp-content\\\/uploads\\\/2026\\\/01\\\/DIY-Portemonneetje-JUULTJE_Velours_Flower_Ecru.webp\",\"datePublished\":\"2026-01-24T10:50:29+00:00\",\"dateModified\":\"2026-01-24T11:12:33+00:00\",\"description\":\"Fertige deinen Leder-Trageriemen selbst mit dem DIY-Set FAYE. Komplett mit Leder, Zubeh\u00f6r & Anleitung. Handgemacht in deinem Stil!\",\"breadcrumb\":{\"@id\":\"https:\\\/\\\/ddbags.nl\\\/de\\\/produkt\\\/faye-jungle-suede-ocean-kopie\\\/#breadcrumb\"},\"inLanguage\":\"de\",\"potentialAction\":[{\"@type\":\"ReadAction\",\"target\":[\"https:\\\/\\\/ddbags.nl\\\/de\\\/produkt\\\/faye-jungle-suede-ocean-kopie\\\/\"]}]},{\"@type\":\"ImageObject\",\"inLanguage\":\"de\",\"@id\":\"https:\\\/\\\/ddbags.nl\\\/de\\\/produkt\\\/faye-jungle-suede-ocean-kopie\\\/#primaryimage\",\"url\":\"https:\\\/\\\/ddbags.nl\\\/wp-content\\\/uploads\\\/2026\\\/01\\\/DIY-Portemonneetje-JUULTJE_Velours_Flower_Ecru.webp\",\"contentUrl\":\"https:\\\/\\\/ddbags.nl\\\/wp-content\\\/uploads\\\/2026\\\/01\\\/DIY-Portemonneetje-JUULTJE_Velours_Flower_Ecru.webp\",\"width\":1500,\"height\":1072},{\"@type\":\"BreadcrumbList\",\"@id\":\"https:\\\/\\\/ddbags.nl\\\/de\\\/produkt\\\/faye-jungle-suede-ocean-kopie\\\/#breadcrumb\",\"itemListElement\":[{\"@type\":\"ListItem\",\"position\":1,\"name\":\"Home\",\"item\":\"https:\\\/\\\/ddbags.nl\\\/de\\\/home\\\/\"},{\"@type\":\"ListItem\",\"position\":2,\"name\":\"Shop\",\"item\":\"https:\\\/\\\/ddbags.nl\\\/de\\\/shop\\\/\"},{\"@type\":\"ListItem\",\"position\":3,\"name\":\"FAYE \u2013 Jungle Suede Ocean (kopie)\"}]},{\"@type\":\"WebSite\",\"@id\":\"https:\\\/\\\/ddbags.nl\\\/de\\\/#website\",\"url\":\"https:\\\/\\\/ddbags.nl\\\/de\\\/\",\"name\":\"DDBags\",\"description\":\"Maak je eigen leren tas!\",\"publisher\":{\"@id\":\"https:\\\/\\\/ddbags.nl\\\/de\\\/#organization\"},\"potentialAction\":[{\"@type\":\"SearchAction\",\"target\":{\"@type\":\"EntryPoint\",\"urlTemplate\":\"https:\\\/\\\/ddbags.nl\\\/de\\\/?s={search_term_string}\"},\"query-input\":{\"@type\":\"PropertyValueSpecification\",\"valueRequired\":true,\"valueName\":\"search_term_string\"}}],\"inLanguage\":\"de\"},{\"@type\":\"Organization\",\"@id\":\"https:\\\/\\\/ddbags.nl\\\/de\\\/#organization\",\"name\":\"DDBags\",\"url\":\"https:\\\/\\\/ddbags.nl\\\/de\\\/\",\"logo\":{\"@type\":\"ImageObject\",\"inLanguage\":\"de\",\"@id\":\"https:\\\/\\\/ddbags.nl\\\/de\\\/#\\\/schema\\\/logo\\\/image\\\/\",\"url\":\"https:\\\/\\\/ddbags.nl\\\/wp-content\\\/uploads\\\/2025\\\/04\\\/logo-ddbags.svg\",\"contentUrl\":\"https:\\\/\\\/ddbags.nl\\\/wp-content\\\/uploads\\\/2025\\\/04\\\/logo-ddbags.svg\",\"width\":174,\"height\":82,\"caption\":\"DDBags\"},\"image\":{\"@id\":\"https:\\\/\\\/ddbags.nl\\\/de\\\/#\\\/schema\\\/logo\\\/image\\\/\"}}]}<\/script>\n<!-- \/ Yoast SEO plugin. -->","yoast_head_json":{"title":"DIY-Leder-Trageriemen FAYE \u2013 Selbst machen | ddbags","description":"Fertige deinen Leder-Trageriemen selbst mit dem DIY-Set FAYE. Komplett mit Leder, Zubeh\u00f6r & Anleitung. Handgemacht in deinem Stil!","robots":{"index":"index","follow":"follow","max-snippet":"max-snippet:-1","max-image-preview":"max-image-preview:large","max-video-preview":"max-video-preview:-1"},"canonical":"https:\/\/ddbags.nl\/de\/produkt\/faye-jungle-suede-ocean-kopie\/","og_locale":"de_DE","og_type":"article","og_title":"DIY-Leder-Trageriemen FAYE \u2013 Selbst machen | ddbags","og_description":"Fertige deinen Leder-Trageriemen selbst mit dem DIY-Set FAYE. Komplett mit Leder, Zubeh\u00f6r & Anleitung. Handgemacht in deinem Stil!","og_url":"https:\/\/ddbags.nl\/de\/produkt\/faye-jungle-suede-ocean-kopie\/","og_site_name":"ddbags","article_modified_time":"2026-01-24T11:12:33+00:00","og_image":[{"width":1500,"height":1072,"url":"https:\/\/ddbags.nl\/wp-content\/uploads\/2026\/01\/DIY-Portemonneetje-JUULTJE_Velours_Flower_Ecru.webp","type":"image\/webp"}],"twitter_card":"summary_large_image","twitter_misc":{"Gesch\u00e4tzte Lesezeit":"1\u00a0Minute"},"schema":{"@context":"https:\/\/schema.org","@graph":[{"@type":"WebPage","@id":"https:\/\/ddbags.nl\/de\/produkt\/faye-jungle-suede-ocean-kopie\/","url":"https:\/\/ddbags.nl\/de\/produkt\/faye-jungle-suede-ocean-kopie\/","name":"DIY-Leder-Trageriemen FAYE \u2013 Selbst machen | ddbags","isPartOf":{"@id":"https:\/\/ddbags.nl\/de\/#website"},"primaryImageOfPage":{"@id":"https:\/\/ddbags.nl\/de\/produkt\/faye-jungle-suede-ocean-kopie\/#primaryimage"},"image":{"@id":"https:\/\/ddbags.nl\/de\/produkt\/faye-jungle-suede-ocean-kopie\/#primaryimage"},"thumbnailUrl":"https:\/\/ddbags.nl\/wp-content\/uploads\/2026\/01\/DIY-Portemonneetje-JUULTJE_Velours_Flower_Ecru.webp","datePublished":"2026-01-24T10:50:29+00:00","dateModified":"2026-01-24T11:12:33+00:00","description":"Fertige deinen Leder-Trageriemen selbst mit dem DIY-Set FAYE. Komplett mit Leder, Zubeh\u00f6r & Anleitung. Handgemacht in deinem Stil!","breadcrumb":{"@id":"https:\/\/ddbags.nl\/de\/produkt\/faye-jungle-suede-ocean-kopie\/#breadcrumb"},"inLanguage":"de","potentialAction":[{"@type":"ReadAction","target":["https:\/\/ddbags.nl\/de\/produkt\/faye-jungle-suede-ocean-kopie\/"]}]},{"@type":"ImageObject","inLanguage":"de","@id":"https:\/\/ddbags.nl\/de\/produkt\/faye-jungle-suede-ocean-kopie\/#primaryimage","url":"https:\/\/ddbags.nl\/wp-content\/uploads\/2026\/01\/DIY-Portemonneetje-JUULTJE_Velours_Flower_Ecru.webp","contentUrl":"https:\/\/ddbags.nl\/wp-content\/uploads\/2026\/01\/DIY-Portemonneetje-JUULTJE_Velours_Flower_Ecru.webp","width":1500,"height":1072},{"@type":"BreadcrumbList","@id":"https:\/\/ddbags.nl\/de\/produkt\/faye-jungle-suede-ocean-kopie\/#breadcrumb","itemListElement":[{"@type":"ListItem","position":1,"name":"Home","item":"https:\/\/ddbags.nl\/de\/home\/"},{"@type":"ListItem","position":2,"name":"Shop","item":"https:\/\/ddbags.nl\/de\/shop\/"},{"@type":"ListItem","position":3,"name":"FAYE \u2013 Jungle Suede Ocean (kopie)"}]},{"@type":"WebSite","@id":"https:\/\/ddbags.nl\/de\/#website","url":"https:\/\/ddbags.nl\/de\/","name":"DDBags","description":"Maak je eigen leren tas!","publisher":{"@id":"https:\/\/ddbags.nl\/de\/#organization"},"potentialAction":[{"@type":"SearchAction","target":{"@type":"EntryPoint","urlTemplate":"https:\/\/ddbags.nl\/de\/?s={search_term_string}"},"query-input":{"@type":"PropertyValueSpecification","valueRequired":true,"valueName":"search_term_string"}}],"inLanguage":"de"},{"@type":"Organization","@id":"https:\/\/ddbags.nl\/de\/#organization","name":"DDBags","url":"https:\/\/ddbags.nl\/de\/","logo":{"@type":"ImageObject","inLanguage":"de","@id":"https:\/\/ddbags.nl\/de\/#\/schema\/logo\/image\/","url":"https:\/\/ddbags.nl\/wp-content\/uploads\/2025\/04\/logo-ddbags.svg","contentUrl":"https:\/\/ddbags.nl\/wp-content\/uploads\/2025\/04\/logo-ddbags.svg","width":174,"height":82,"caption":"DDBags"},"image":{"@id":"https:\/\/ddbags.nl\/de\/#\/schema\/logo\/image\/"}}]}},"_links":{"self":[{"href":"https:\/\/ddbags.nl\/de\/wp-json\/wp\/v2\/product\/23251","targetHints":{"allow":["GET"]}}],"collection":[{"href":"https:\/\/ddbags.nl\/de\/wp-json\/wp\/v2\/product"}],"about":[{"href":"https:\/\/ddbags.nl\/de\/wp-json\/wp\/v2\/types\/product"}],"wp:featuredmedia":[{"embeddable":true,"href":"https:\/\/ddbags.nl\/de\/wp-json\/wp\/v2\/media\/23271"}],"wp:attachment":[{"href":"https:\/\/ddbags.nl\/de\/wp-json\/wp\/v2\/media?parent=23251"}],"wp:term":[{"taxonomy":"product_brand","embeddable":true,"href":"https:\/\/ddbags.nl\/de\/wp-json\/wp\/v2\/product_brand?post=23251"},{"taxonomy":"product_cat","embeddable":true,"href":"https:\/\/ddbags.nl\/de\/wp-json\/wp\/v2\/product_cat?post=23251"},{"taxonomy":"product_tag","embeddable":true,"href":"https:\/\/ddbags.nl\/de\/wp-json\/wp\/v2\/product_tag?post=23251"}],"curies":[{"name":"wp","href":"https:\/\/api.w.org\/{rel}","templated":true}]}}