{"id":22968,"date":"2026-01-08T11:37:14","date_gmt":"2026-01-08T10:37:14","guid":{"rendered":"https:\/\/ddbags.nl\/?post_type=product&#038;p=22968"},"modified":"2026-04-28T16:06:57","modified_gmt":"2026-04-28T14:06:57","slug":"yvie-suede-sage","status":"publish","type":"product","link":"https:\/\/ddbags.nl\/de\/produkt\/yvie-suede-sage\/","title":{"rendered":"YVIE &#8211; Suede Sage"},"content":{"rendered":"<div class=\"fusion-fullwidth fullwidth-box fusion-builder-row-1 fusion-flex-container nonhundred-percent-fullwidth non-hundred-percent-height-scrolling\" style=\"--awb-border-radius-top-left:0px;--awb-border-radius-top-right:0px;--awb-border-radius-bottom-right:0px;--awb-border-radius-bottom-left:0px;--awb-flex-wrap:wrap;\" ><div class=\"fusion-builder-row fusion-row fusion-flex-align-items-flex-start fusion-flex-content-wrap\" style=\"max-width:1456px;margin-left: calc(-4% \/ 2 );margin-right: calc(-4% \/ 2 );\"><div class=\"fusion-layout-column fusion_builder_column fusion-builder-column-0 fusion_builder_column_1_1 1_1 fusion-flex-column\" style=\"--awb-bg-size:cover;--awb-width-large:100%;--awb-margin-top-large:0px;--awb-spacing-right-large:1.92%;--awb-margin-bottom-large:0px;--awb-spacing-left-large:1.92%;--awb-width-medium:100%;--awb-spacing-right-medium:1.92%;--awb-spacing-left-medium:1.92%;--awb-width-small:100%;--awb-spacing-right-small:1.92%;--awb-spacing-left-small:1.92%;\"><div class=\"fusion-column-wrapper fusion-flex-justify-content-flex-start fusion-content-layout-column\"><div class=\"fusion-text fusion-text-1\"><p>Mit dieser <strong>DIY-Crossbody Tasche YVIE<\/strong> fertigst du im Handumdrehen deine eigene <strong>Ledertasche<\/strong> an \u2013 inspiriert von der klassischen Schultasche, jetzt als moderne Crossbody Bag.<\/p>\n<p>Diese DIY-Crossbody Tasche YVIE ist ein Modell, das ich selbst entworfen und entwickelt habe. Sie kombiniert zeitloses Design mit praktischem Format. Gefertigt aus robustem, mattem <strong>Pull-Up-Leder<\/strong>, entwickelt sie im Laufe der Zeit eine wundersch\u00f6ne Patina. Pull-Up-Leder ist bekannt daf\u00fcr, dass beim Biegen oder Dehnen des Leders hellere Stellen entstehen \u2013 ein Merkmal, das jede Tasche zu einem Unikat macht.<\/p>\n<p>Die YVIE bietet ausreichend Platz f\u00fcr deine t\u00e4glichen Essentials und verf\u00fcgt \u00fcber ein separates Vorderfach.<br \/>\nTipp: Entdecke auch unsere <a href=\"\/?product_cat=nychel\">DIY Lederhandtasche NYCHEL<\/a> f\u00fcr Liebhaber der Handnaht oder die <a href=\"\/?product_cat=vanity-flair\">DIY Crossbody Tasche VANITY Flair<\/a> f\u00fcr einen eleganten Look.<\/p>\n<h4><strong>Wie l\u00e4uft die Anfertigung dieser Tasche ab?<\/strong><\/h4>\n<p>Durch die sorgf\u00e4ltige Zusammenstellung des <strong>DIY-Sets<\/strong> kannst du nichts falsch machen. Die Schnittmuster sind pr\u00e4zise gestanzt, und alle ben\u00f6tigten Kurzwaren und Teile sind enthalten.<br \/>\nMit unserer klaren <strong>Schritt-f\u00fcr-Schritt-Anleitung<\/strong> mit vielen Fotos kannst du die YVIE ganz ohne N\u00e4hmaschine selbst fertigen.<\/p>\n<p><img decoding=\"async\" class=\"alignnone wp-image-20970\" src=\"https:\/\/ddbags.nl\/wp-content\/uploads\/2025\/07\/YVIE_patroondelen_3D_foto.jpg\" alt=\"\" width=\"750\" height=\"553\" srcset=\"https:\/\/ddbags.nl\/wp-content\/uploads\/2025\/07\/YVIE_patroondelen_3D_foto-500x369.jpg 500w, https:\/\/ddbags.nl\/wp-content\/uploads\/2025\/07\/YVIE_patroondelen_3D_foto-700x516.jpg 700w, https:\/\/ddbags.nl\/wp-content\/uploads\/2025\/07\/YVIE_patroondelen_3D_foto-768x566.jpg 768w, https:\/\/ddbags.nl\/wp-content\/uploads\/2025\/07\/YVIE_patroondelen_3D_foto.jpg 1500w\" sizes=\"(max-width: 750px) 100vw, 750px\" \/><\/p>\n<h4><strong>Wie erhalte ich die N\u00e4hanleitung?<\/strong><\/h4>\n<p>Die <strong>Anleitung<\/strong> ist <strong><a href=\"https:\/\/ddbags.nl\/wp-content\/uploads\/2025\/08\/Werkbeschrijving_YVIE_DE_online.pdf\">hier<\/a><\/strong> herunterzuladen.<\/p>\n<h4><strong>Ma\u00dfe der fertigen Tasche<\/strong><\/h4>\n<ul>\n<li>Breite: 25 cm<\/li>\n<li>H\u00f6he: 18 cm<\/li>\n<li>Tiefe: 6 cm<\/li>\n<\/ul>\n<h4><strong>Ben\u00f6tigte Zeit<\/strong><\/h4>\n<p>Die durchschnittliche Arbeitszeit betr\u00e4gt ca. 4,5 Stunden.<\/p>\n<h4><strong>Das ist im DIY-Crossbody Tasche YVIE Set enthalten<\/strong><\/h4>\n<ul>\n<li>Gestanzte Lederzuschnitte (17 St\u00fcck)<\/li>\n<li>Trageriemen (bestehend aus 2 Teilen)<\/li>\n<li>Karabinerhaken \u2013 2 St.<\/li>\n<li>Ringe \u2013 2 St.<\/li>\n<li>Schnalle \u2013 3 St.<\/li>\n<li>Verschluss \u2013 2 St.<\/li>\n<li>5 Schraubnieten<\/li>\n<li>15 Meter Garn und Nadel<\/li>\n<\/ul>\n<h4><strong>Welches Werkzeug brauchst du? (nicht im Set enthalten)<\/strong><\/h4>\n<ul>\n<li>Kleiner Hammer<\/li>\n<li>Schraubendreher<\/li>\n<li>Ma\u00dfband<\/li>\n<li>Stift oder Marker mit feiner Spitze (vorzugsweise wei\u00df)<\/li>\n<li>Lochzange<\/li>\n<li>Schere<\/li>\n<li>Feuerzeug<\/li>\n<\/ul>\n<div class=\"resp-tabs-container\">\n<div id=\"tab-description\" class=\"tab-content resp-tab-content resp-tab-content-active\" aria-labelledby=\"tab_item-0\">\n<ul>\n<li>Leder ist ein Naturprodukt. Es kann daher immer kleine Abweichungen in Farbe oder Muster geben.<\/li>\n<li>Lieferzeit: 2\u20133 Werktage<\/li>\n<\/ul>\n<h4 style=\"text-align: center;\"><em>\u201eViel Spa\u00df beim N\u00e4hen deiner DIY-Crossbody Tasche YVIE\u201c<\/em><\/h4>\n<\/div>\n<\/div>\n<\/div><\/div><\/div><\/div><\/div>\n","protected":false},"excerpt":{"rendered":"<p>Luxuri\u00f6se <strong>DIY Lederhandtasche YVIE<\/strong>. Edles Design, hochwertiges Leder und komplettes N\u00e4hset mit klarer &#8222;Schritt-f\u00fcr-Schritt&#8220; <a href=\"https:\/\/ddbags.nl\/wp-content\/uploads\/2025\/08\/Werkbeschrijving_YVIE_DE_online.pdf\"><strong>Anleitung<\/strong><\/a> f\u00fcr ein einzigartiges, handgefertigtes Accessoire.<\/p>\n","protected":false},"featured_media":22977,"template":"","meta":[],"product_brand":[],"product_cat":[157,164],"product_tag":[],"class_list":{"0":"post-22968","1":"product","2":"type-product","3":"status-publish","4":"has-post-thumbnail","6":"product_cat-diy-crossbody-taschen","7":"product_cat-diy-crossbody-tasche-yvie","9":"first","10":"instock","11":"taxable","12":"shipping-taxable","13":"purchasable","14":"product-type-variable"},"yoast_head":"<!-- This site is optimized with the Yoast SEO plugin v27.4 - https:\/\/yoast.com\/product\/yoast-seo-wordpress\/ -->\n<title>DIY Lederhandtasche YVIE \u2013 Luxuri\u00f6ses N\u00e4hset mit Anleitung<\/title>\n<meta name=\"description\" content=\"DIY-Set YVIE: N\u00e4he deine eigene luxuri\u00f6se Lederhandtasche. Hochwertige Materialien, klare Anleitung und alle Teile im Set enthalten.\" \/>\n<meta name=\"robots\" content=\"index, follow, max-snippet:-1, max-image-preview:large, max-video-preview:-1\" \/>\n<link rel=\"canonical\" href=\"https:\/\/ddbags.nl\/de\/produkt\/yvie-suede-sage\/\" \/>\n<meta property=\"og:locale\" content=\"de_DE\" \/>\n<meta property=\"og:type\" content=\"article\" \/>\n<meta property=\"og:title\" content=\"DIY Lederhandtasche YVIE \u2013 Luxuri\u00f6ses N\u00e4hset mit Anleitung\" \/>\n<meta property=\"og:description\" content=\"DIY-Set YVIE: N\u00e4he deine eigene luxuri\u00f6se Lederhandtasche. Hochwertige Materialien, klare Anleitung und alle Teile im Set enthalten.\" \/>\n<meta property=\"og:url\" content=\"https:\/\/ddbags.nl\/de\/produkt\/yvie-suede-sage\/\" \/>\n<meta property=\"og:site_name\" content=\"ddbags\" \/>\n<meta property=\"article:modified_time\" content=\"2026-04-28T14:06:57+00:00\" \/>\n<meta property=\"og:image\" content=\"https:\/\/ddbags.nl\/wp-content\/uploads\/2026\/01\/DIY-Crossbody-Tas-YVIE_suede_sage_1.webp\" \/>\n\t<meta property=\"og:image:width\" content=\"1500\" \/>\n\t<meta property=\"og:image:height\" content=\"1071\" \/>\n\t<meta property=\"og:image:type\" content=\"image\/webp\" \/>\n<meta name=\"twitter:card\" content=\"summary_large_image\" \/>\n<meta name=\"twitter:label1\" content=\"Gesch\u00e4tzte Lesezeit\" \/>\n\t<meta name=\"twitter:data1\" content=\"2\u00a0Minuten\" \/>\n<script type=\"application\/ld+json\" class=\"yoast-schema-graph\">{\"@context\":\"https:\\\/\\\/schema.org\",\"@graph\":[{\"@type\":\"WebPage\",\"@id\":\"https:\\\/\\\/ddbags.nl\\\/de\\\/produkt\\\/yvie-suede-sage\\\/\",\"url\":\"https:\\\/\\\/ddbags.nl\\\/de\\\/produkt\\\/yvie-suede-sage\\\/\",\"name\":\"DIY Lederhandtasche YVIE \u2013 Luxuri\u00f6ses N\u00e4hset mit Anleitung\",\"isPartOf\":{\"@id\":\"https:\\\/\\\/ddbags.nl\\\/de\\\/#website\"},\"primaryImageOfPage\":{\"@id\":\"https:\\\/\\\/ddbags.nl\\\/de\\\/produkt\\\/yvie-suede-sage\\\/#primaryimage\"},\"image\":{\"@id\":\"https:\\\/\\\/ddbags.nl\\\/de\\\/produkt\\\/yvie-suede-sage\\\/#primaryimage\"},\"thumbnailUrl\":\"https:\\\/\\\/ddbags.nl\\\/wp-content\\\/uploads\\\/2026\\\/01\\\/DIY-Crossbody-Tas-YVIE_suede_sage_1.webp\",\"datePublished\":\"2026-01-08T10:37:14+00:00\",\"dateModified\":\"2026-04-28T14:06:57+00:00\",\"description\":\"DIY-Set YVIE: N\u00e4he deine eigene luxuri\u00f6se Lederhandtasche. Hochwertige Materialien, klare Anleitung und alle Teile im Set enthalten.\",\"breadcrumb\":{\"@id\":\"https:\\\/\\\/ddbags.nl\\\/de\\\/produkt\\\/yvie-suede-sage\\\/#breadcrumb\"},\"inLanguage\":\"de\",\"potentialAction\":[{\"@type\":\"ReadAction\",\"target\":[\"https:\\\/\\\/ddbags.nl\\\/de\\\/produkt\\\/yvie-suede-sage\\\/\"]}]},{\"@type\":\"ImageObject\",\"inLanguage\":\"de\",\"@id\":\"https:\\\/\\\/ddbags.nl\\\/de\\\/produkt\\\/yvie-suede-sage\\\/#primaryimage\",\"url\":\"https:\\\/\\\/ddbags.nl\\\/wp-content\\\/uploads\\\/2026\\\/01\\\/DIY-Crossbody-Tas-YVIE_suede_sage_1.webp\",\"contentUrl\":\"https:\\\/\\\/ddbags.nl\\\/wp-content\\\/uploads\\\/2026\\\/01\\\/DIY-Crossbody-Tas-YVIE_suede_sage_1.webp\",\"width\":1500,\"height\":1071},{\"@type\":\"BreadcrumbList\",\"@id\":\"https:\\\/\\\/ddbags.nl\\\/de\\\/produkt\\\/yvie-suede-sage\\\/#breadcrumb\",\"itemListElement\":[{\"@type\":\"ListItem\",\"position\":1,\"name\":\"Home\",\"item\":\"https:\\\/\\\/ddbags.nl\\\/de\\\/home\\\/\"},{\"@type\":\"ListItem\",\"position\":2,\"name\":\"Shop\",\"item\":\"https:\\\/\\\/ddbags.nl\\\/de\\\/shop\\\/\"},{\"@type\":\"ListItem\",\"position\":3,\"name\":\"YVIE &#8211; Suede Sage\"}]},{\"@type\":\"WebSite\",\"@id\":\"https:\\\/\\\/ddbags.nl\\\/de\\\/#website\",\"url\":\"https:\\\/\\\/ddbags.nl\\\/de\\\/\",\"name\":\"DDBags\",\"description\":\"Maak je eigen leren tas!\",\"publisher\":{\"@id\":\"https:\\\/\\\/ddbags.nl\\\/de\\\/#organization\"},\"potentialAction\":[{\"@type\":\"SearchAction\",\"target\":{\"@type\":\"EntryPoint\",\"urlTemplate\":\"https:\\\/\\\/ddbags.nl\\\/de\\\/?s={search_term_string}\"},\"query-input\":{\"@type\":\"PropertyValueSpecification\",\"valueRequired\":true,\"valueName\":\"search_term_string\"}}],\"inLanguage\":\"de\"},{\"@type\":\"Organization\",\"@id\":\"https:\\\/\\\/ddbags.nl\\\/de\\\/#organization\",\"name\":\"DDBags\",\"url\":\"https:\\\/\\\/ddbags.nl\\\/de\\\/\",\"logo\":{\"@type\":\"ImageObject\",\"inLanguage\":\"de\",\"@id\":\"https:\\\/\\\/ddbags.nl\\\/de\\\/#\\\/schema\\\/logo\\\/image\\\/\",\"url\":\"https:\\\/\\\/ddbags.nl\\\/wp-content\\\/uploads\\\/2025\\\/04\\\/logo-ddbags.svg\",\"contentUrl\":\"https:\\\/\\\/ddbags.nl\\\/wp-content\\\/uploads\\\/2025\\\/04\\\/logo-ddbags.svg\",\"width\":174,\"height\":82,\"caption\":\"DDBags\"},\"image\":{\"@id\":\"https:\\\/\\\/ddbags.nl\\\/de\\\/#\\\/schema\\\/logo\\\/image\\\/\"}}]}<\/script>\n<!-- \/ Yoast SEO plugin. -->","yoast_head_json":{"title":"DIY Lederhandtasche YVIE \u2013 Luxuri\u00f6ses N\u00e4hset mit Anleitung","description":"DIY-Set YVIE: N\u00e4he deine eigene luxuri\u00f6se Lederhandtasche. Hochwertige Materialien, klare Anleitung und alle Teile im Set enthalten.","robots":{"index":"index","follow":"follow","max-snippet":"max-snippet:-1","max-image-preview":"max-image-preview:large","max-video-preview":"max-video-preview:-1"},"canonical":"https:\/\/ddbags.nl\/de\/produkt\/yvie-suede-sage\/","og_locale":"de_DE","og_type":"article","og_title":"DIY Lederhandtasche YVIE \u2013 Luxuri\u00f6ses N\u00e4hset mit Anleitung","og_description":"DIY-Set YVIE: N\u00e4he deine eigene luxuri\u00f6se Lederhandtasche. Hochwertige Materialien, klare Anleitung und alle Teile im Set enthalten.","og_url":"https:\/\/ddbags.nl\/de\/produkt\/yvie-suede-sage\/","og_site_name":"ddbags","article_modified_time":"2026-04-28T14:06:57+00:00","og_image":[{"width":1500,"height":1071,"url":"https:\/\/ddbags.nl\/wp-content\/uploads\/2026\/01\/DIY-Crossbody-Tas-YVIE_suede_sage_1.webp","type":"image\/webp"}],"twitter_card":"summary_large_image","twitter_misc":{"Gesch\u00e4tzte Lesezeit":"2\u00a0Minuten"},"schema":{"@context":"https:\/\/schema.org","@graph":[{"@type":"WebPage","@id":"https:\/\/ddbags.nl\/de\/produkt\/yvie-suede-sage\/","url":"https:\/\/ddbags.nl\/de\/produkt\/yvie-suede-sage\/","name":"DIY Lederhandtasche YVIE \u2013 Luxuri\u00f6ses N\u00e4hset mit Anleitung","isPartOf":{"@id":"https:\/\/ddbags.nl\/de\/#website"},"primaryImageOfPage":{"@id":"https:\/\/ddbags.nl\/de\/produkt\/yvie-suede-sage\/#primaryimage"},"image":{"@id":"https:\/\/ddbags.nl\/de\/produkt\/yvie-suede-sage\/#primaryimage"},"thumbnailUrl":"https:\/\/ddbags.nl\/wp-content\/uploads\/2026\/01\/DIY-Crossbody-Tas-YVIE_suede_sage_1.webp","datePublished":"2026-01-08T10:37:14+00:00","dateModified":"2026-04-28T14:06:57+00:00","description":"DIY-Set YVIE: N\u00e4he deine eigene luxuri\u00f6se Lederhandtasche. Hochwertige Materialien, klare Anleitung und alle Teile im Set enthalten.","breadcrumb":{"@id":"https:\/\/ddbags.nl\/de\/produkt\/yvie-suede-sage\/#breadcrumb"},"inLanguage":"de","potentialAction":[{"@type":"ReadAction","target":["https:\/\/ddbags.nl\/de\/produkt\/yvie-suede-sage\/"]}]},{"@type":"ImageObject","inLanguage":"de","@id":"https:\/\/ddbags.nl\/de\/produkt\/yvie-suede-sage\/#primaryimage","url":"https:\/\/ddbags.nl\/wp-content\/uploads\/2026\/01\/DIY-Crossbody-Tas-YVIE_suede_sage_1.webp","contentUrl":"https:\/\/ddbags.nl\/wp-content\/uploads\/2026\/01\/DIY-Crossbody-Tas-YVIE_suede_sage_1.webp","width":1500,"height":1071},{"@type":"BreadcrumbList","@id":"https:\/\/ddbags.nl\/de\/produkt\/yvie-suede-sage\/#breadcrumb","itemListElement":[{"@type":"ListItem","position":1,"name":"Home","item":"https:\/\/ddbags.nl\/de\/home\/"},{"@type":"ListItem","position":2,"name":"Shop","item":"https:\/\/ddbags.nl\/de\/shop\/"},{"@type":"ListItem","position":3,"name":"YVIE &#8211; Suede Sage"}]},{"@type":"WebSite","@id":"https:\/\/ddbags.nl\/de\/#website","url":"https:\/\/ddbags.nl\/de\/","name":"DDBags","description":"Maak je eigen leren tas!","publisher":{"@id":"https:\/\/ddbags.nl\/de\/#organization"},"potentialAction":[{"@type":"SearchAction","target":{"@type":"EntryPoint","urlTemplate":"https:\/\/ddbags.nl\/de\/?s={search_term_string}"},"query-input":{"@type":"PropertyValueSpecification","valueRequired":true,"valueName":"search_term_string"}}],"inLanguage":"de"},{"@type":"Organization","@id":"https:\/\/ddbags.nl\/de\/#organization","name":"DDBags","url":"https:\/\/ddbags.nl\/de\/","logo":{"@type":"ImageObject","inLanguage":"de","@id":"https:\/\/ddbags.nl\/de\/#\/schema\/logo\/image\/","url":"https:\/\/ddbags.nl\/wp-content\/uploads\/2025\/04\/logo-ddbags.svg","contentUrl":"https:\/\/ddbags.nl\/wp-content\/uploads\/2025\/04\/logo-ddbags.svg","width":174,"height":82,"caption":"DDBags"},"image":{"@id":"https:\/\/ddbags.nl\/de\/#\/schema\/logo\/image\/"}}]}},"_links":{"self":[{"href":"https:\/\/ddbags.nl\/de\/wp-json\/wp\/v2\/product\/22968","targetHints":{"allow":["GET"]}}],"collection":[{"href":"https:\/\/ddbags.nl\/de\/wp-json\/wp\/v2\/product"}],"about":[{"href":"https:\/\/ddbags.nl\/de\/wp-json\/wp\/v2\/types\/product"}],"wp:featuredmedia":[{"embeddable":true,"href":"https:\/\/ddbags.nl\/de\/wp-json\/wp\/v2\/media\/22977"}],"wp:attachment":[{"href":"https:\/\/ddbags.nl\/de\/wp-json\/wp\/v2\/media?parent=22968"}],"wp:term":[{"taxonomy":"product_brand","embeddable":true,"href":"https:\/\/ddbags.nl\/de\/wp-json\/wp\/v2\/product_brand?post=22968"},{"taxonomy":"product_cat","embeddable":true,"href":"https:\/\/ddbags.nl\/de\/wp-json\/wp\/v2\/product_cat?post=22968"},{"taxonomy":"product_tag","embeddable":true,"href":"https:\/\/ddbags.nl\/de\/wp-json\/wp\/v2\/product_tag?post=22968"}],"curies":[{"name":"wp","href":"https:\/\/api.w.org\/{rel}","templated":true}]}}