{"id":22925,"date":"2025-12-16T23:20:46","date_gmt":"2025-12-16T22:20:46","guid":{"rendered":"https:\/\/ddbags.nl\/?post_type=product&#038;p=22925"},"modified":"2026-02-03T16:25:45","modified_gmt":"2026-02-03T15:25:45","slug":"julya-velours-flower-ecru","status":"publish","type":"product","link":"https:\/\/ddbags.nl\/de\/produkt\/julya-velours-flower-ecru\/","title":{"rendered":"JULYA &#8211; Velours Flower Ecru"},"content":{"rendered":"<h4><strong>So einfach machst du deine DIY-Crossbody Tasche JULYA<\/strong><\/h4>\n<p>Mit diesem kompletten <strong>DIY-Set<\/strong> kannst du deine eigene <strong>Leder-Crossbody Tasche<\/strong> ganz einfach selbst herstellen \u2013 perfekt f\u00fcr Anf\u00e4nger und Fortgeschrittene. Alle Schnittmuster sind pr\u00e4zise vorgestanzt und alle ben\u00f6tigten Materialien sind enthalten.<\/p>\n<p>Dank der bebilderten <em>Schritt-f\u00fcr-Schritt-Anleitung<\/em> gelingt dir die DIY-Crossbody Tasche JULYA garantiert. Du brauchst keine N\u00e4hmaschine \u2013 nur ein wenig Zeit und Lust am Selbermachen.<\/p>\n<p>Suchst du ein Modell mit etwas mehr Herausforderung? Dann schau dir auch unsere anderen Modelle an, zum Beispiel die <a href=\"\/?product_cat=vanity-flair\">DIY-Crossbody Tasche VANITY Flair<\/a> oder die <a href=\"\/?product_cat=nychel\">DIY-Crossbody Tasche NYCHEL<\/a>.<\/p>\n<h4><strong>Ben\u00f6tigtes Werkzeug<\/strong><\/h4>\n<p>F\u00fcr dieses DIY-Paket ben\u00f6tigst du ein <strong><a href=\"https:\/\/ddbags.nl\/de\/produkt\/gereedschapset-t-b-v-diy-pakketten\/\">Werkzeugset<\/a><\/strong>. Dieses Set enth\u00e4lt alle Werkzeuge, die du brauchst. Bitte bestelle es direkt mit!<\/p>\n<ul>\n<li>1 Werkzeugset reicht f\u00fcr 1 bis 4 Personen<\/li>\n<li>Bei mehr als 4 Personen bitte zus\u00e4tzliche Sets bestellen<\/li>\n<\/ul>\n<p>F\u00fcr das Werkzeugset f\u00e4llt eine <strong>Kaution<\/strong> von 50 \u20ac pro Set an, die du zur\u00fcckerh\u00e4ltst, sobald du das\/die Set(s) zur\u00fcckgeschickt hast. Deiner Bestellung liegt ein <strong>kostenloses R\u00fccksendeetikett<\/strong> bei.<\/p>\n<h4><strong>Anleitung herunterladen<\/strong><\/h4>\n<p>Die Anleitung f\u00fcr die Tasche kannst du <strong><a href=\"https:\/\/ddbags.nl\/wp-content\/uploads\/2026\/01\/Werkbeschrijving-JULYA_DE.pdf\">hier<\/a> <\/strong>herunterladen.<br \/>\nDie Anleitung f\u00fcr das Portemonnaie kannst du <strong><a href=\"https:\/\/ddbags.nl\/wp-content\/uploads\/2026\/01\/Werkbeschrijving_JUULTJE_DE-1.pdf\">hier<\/a> <\/strong>herunterladen.<\/p>\n<h4><strong>Ma\u00dfe der DIY-Crossbody Tasche JULYA<\/strong><\/h4>\n<ul>\n<li>Breite: 19 cm<\/li>\n<li>H\u00f6he: 15 cm<\/li>\n<li>Tiefe: 5 cm<\/li>\n<\/ul>\n<p><strong>Die Ma\u00dfe des kleinen Portemonnaies sind:<\/strong><\/p>\n<ul>\n<li>Breite: 11 cm<\/li>\n<li>H\u00f6he: 9 cm<\/li>\n<li>Tiefe: 2,5 cm<\/li>\n<\/ul>\n<h4><strong>Ben\u00f6tigte Zeit<\/strong><\/h4>\n<p>Durchschnittlicher Zeitaufwand: \u00b1 2,5 Stunden<\/p>\n<h4><strong>Inhalt des DIY-Crossbody Taschen-Sets JULYA<\/strong><\/h4>\n<ul class=\"list-disc\">\n<li class=\"ml-4\">Gestanztes Leder-Muster<\/li>\n<li class=\"ml-4\">Trageriemen (bestehend aus 2 Teilen)<\/li>\n<li class=\"ml-4\">Flechtriemen &#8211; 2 Stk.<\/li>\n<li class=\"ml-4\">Dekorative Verschlussklappe<\/li>\n<li class=\"ml-4\">Karabinerhaken &#8211; 2 Stk.<\/li>\n<li class=\"ml-4\">Ringe &#8211; 2 Stk.<\/li>\n<li class=\"ml-4\">Schnalle<\/li>\n<li class=\"ml-4\">Gro\u00dfes Schloss<\/li>\n<li class=\"ml-4\">Hohlnieten<\/li>\n<li class=\"ml-4\">Garn (210 cm)<\/li>\n<li class=\"ml-4\">Nadel<\/li>\n<\/ul>\n<h4><strong>Wichtige Hinweise<\/strong><\/h4>\n<ul>\n<li>Leder ist ein Naturprodukt. Kleine Farb- und Strukturabweichungen sind normal.<\/li>\n<li>Lieferzeit: 2\u20133 Werktage<\/li>\n<\/ul>\n<p><strong>Hinweis:<\/strong> Aufgrund einer begrenzten Anzahl an Werkzeugsets bitte innerhalb von 1 Woche nach Erhalt zur\u00fccksenden, damit auch andere sie nutzen k\u00f6nnen.<\/p>\n<h4 style=\"text-align: center;\"><em>\u201eViel Freude beim Selbermachen deiner DIY-Crossbody Tasche JULYA\u201c<\/em><\/h4>\n","protected":false},"excerpt":{"rendered":"<p>Stilvolle <strong>DIY-Crossbody Tasche JULYA<\/strong> aus hochwertigem Leder. Komplettes DIY-Set mit vorgestanzten Schnittmustern, allen Materialien und bebilderter &#8222;Schritt-f\u00fcr-Schritt&#8220; <a href=\"https:\/\/ddbags.nl\/wp-content\/uploads\/2026\/01\/Werkbeschrijving-JULYA_DE.pdf\"><strong>Anleitung<\/strong><\/a> \u2013 ideal zum Selbermachen ohne N\u00e4hmaschine.<\/p>\n","protected":false},"featured_media":22807,"template":"","meta":[],"product_brand":[],"product_cat":[157,215],"product_tag":[],"class_list":{"0":"post-22925","1":"product","2":"type-product","3":"status-publish","4":"has-post-thumbnail","6":"product_cat-diy-crossbody-taschen","7":"product_cat-diy-crossbody-tasche-julya","9":"first","10":"instock","11":"taxable","12":"shipping-taxable","13":"purchasable","14":"product-type-variable"},"yoast_head":"<!-- This site is optimized with the Yoast SEO plugin v27.3 - https:\/\/yoast.com\/product\/yoast-seo-wordpress\/ -->\n<title>DIY-Crossbody Tasche JULYA \u2013 Leder Tasche<\/title>\n<meta name=\"description\" content=\"N\u00e4he deine DIY-Crossbody Tasche JULYA Velours Flower Ecru aus Leder. Komplettes DIY-Set mit allen Materialien und bebilderter Anleitung.\" \/>\n<meta name=\"robots\" content=\"index, follow, max-snippet:-1, max-image-preview:large, max-video-preview:-1\" \/>\n<link rel=\"canonical\" href=\"https:\/\/ddbags.nl\/de\/produkt\/julya-velours-flower-ecru\/\" \/>\n<meta property=\"og:locale\" content=\"de_DE\" \/>\n<meta property=\"og:type\" content=\"article\" \/>\n<meta property=\"og:title\" content=\"DIY-Crossbody Tasche JULYA \u2013 Leder Tasche\" \/>\n<meta property=\"og:description\" content=\"N\u00e4he deine DIY-Crossbody Tasche JULYA Velours Flower Ecru aus Leder. Komplettes DIY-Set mit allen Materialien und bebilderter Anleitung.\" \/>\n<meta property=\"og:url\" content=\"https:\/\/ddbags.nl\/de\/produkt\/julya-velours-flower-ecru\/\" \/>\n<meta property=\"og:site_name\" content=\"ddbags\" \/>\n<meta property=\"article:modified_time\" content=\"2026-02-03T15:25:45+00:00\" \/>\n<meta property=\"og:image\" content=\"https:\/\/ddbags.nl\/wp-content\/uploads\/2025\/12\/DIY-Crossbody-Tas-JULYA_Velours_Flower_Ecru_3.webp\" \/>\n\t<meta property=\"og:image:width\" content=\"1500\" \/>\n\t<meta property=\"og:image:height\" content=\"1000\" \/>\n\t<meta property=\"og:image:type\" content=\"image\/webp\" \/>\n<meta name=\"twitter:card\" content=\"summary_large_image\" \/>\n<meta name=\"twitter:label1\" content=\"Gesch\u00e4tzte Lesezeit\" \/>\n\t<meta name=\"twitter:data1\" content=\"2\u00a0Minuten\" \/>\n<script type=\"application\/ld+json\" class=\"yoast-schema-graph\">{\"@context\":\"https:\\\/\\\/schema.org\",\"@graph\":[{\"@type\":\"WebPage\",\"@id\":\"https:\\\/\\\/ddbags.nl\\\/de\\\/produkt\\\/julya-velours-flower-ecru\\\/\",\"url\":\"https:\\\/\\\/ddbags.nl\\\/de\\\/produkt\\\/julya-velours-flower-ecru\\\/\",\"name\":\"DIY-Crossbody Tasche JULYA \u2013 Leder Tasche\",\"isPartOf\":{\"@id\":\"https:\\\/\\\/ddbags.nl\\\/de\\\/#website\"},\"primaryImageOfPage\":{\"@id\":\"https:\\\/\\\/ddbags.nl\\\/de\\\/produkt\\\/julya-velours-flower-ecru\\\/#primaryimage\"},\"image\":{\"@id\":\"https:\\\/\\\/ddbags.nl\\\/de\\\/produkt\\\/julya-velours-flower-ecru\\\/#primaryimage\"},\"thumbnailUrl\":\"https:\\\/\\\/ddbags.nl\\\/wp-content\\\/uploads\\\/2025\\\/12\\\/DIY-Crossbody-Tas-JULYA_Velours_Flower_Ecru_3.webp\",\"datePublished\":\"2025-12-16T22:20:46+00:00\",\"dateModified\":\"2026-02-03T15:25:45+00:00\",\"description\":\"N\u00e4he deine DIY-Crossbody Tasche JULYA Velours Flower Ecru aus Leder. Komplettes DIY-Set mit allen Materialien und bebilderter Anleitung.\",\"breadcrumb\":{\"@id\":\"https:\\\/\\\/ddbags.nl\\\/de\\\/produkt\\\/julya-velours-flower-ecru\\\/#breadcrumb\"},\"inLanguage\":\"de\",\"potentialAction\":[{\"@type\":\"ReadAction\",\"target\":[\"https:\\\/\\\/ddbags.nl\\\/de\\\/produkt\\\/julya-velours-flower-ecru\\\/\"]}]},{\"@type\":\"ImageObject\",\"inLanguage\":\"de\",\"@id\":\"https:\\\/\\\/ddbags.nl\\\/de\\\/produkt\\\/julya-velours-flower-ecru\\\/#primaryimage\",\"url\":\"https:\\\/\\\/ddbags.nl\\\/wp-content\\\/uploads\\\/2025\\\/12\\\/DIY-Crossbody-Tas-JULYA_Velours_Flower_Ecru_3.webp\",\"contentUrl\":\"https:\\\/\\\/ddbags.nl\\\/wp-content\\\/uploads\\\/2025\\\/12\\\/DIY-Crossbody-Tas-JULYA_Velours_Flower_Ecru_3.webp\",\"width\":1500,\"height\":1000},{\"@type\":\"BreadcrumbList\",\"@id\":\"https:\\\/\\\/ddbags.nl\\\/de\\\/produkt\\\/julya-velours-flower-ecru\\\/#breadcrumb\",\"itemListElement\":[{\"@type\":\"ListItem\",\"position\":1,\"name\":\"Home\",\"item\":\"https:\\\/\\\/ddbags.nl\\\/de\\\/home\\\/\"},{\"@type\":\"ListItem\",\"position\":2,\"name\":\"Shop\",\"item\":\"https:\\\/\\\/ddbags.nl\\\/de\\\/shop\\\/\"},{\"@type\":\"ListItem\",\"position\":3,\"name\":\"JULYA &#8211; Velours Flower Ecru\"}]},{\"@type\":\"WebSite\",\"@id\":\"https:\\\/\\\/ddbags.nl\\\/de\\\/#website\",\"url\":\"https:\\\/\\\/ddbags.nl\\\/de\\\/\",\"name\":\"DDBags\",\"description\":\"Maak je eigen leren tas!\",\"publisher\":{\"@id\":\"https:\\\/\\\/ddbags.nl\\\/de\\\/#organization\"},\"potentialAction\":[{\"@type\":\"SearchAction\",\"target\":{\"@type\":\"EntryPoint\",\"urlTemplate\":\"https:\\\/\\\/ddbags.nl\\\/de\\\/?s={search_term_string}\"},\"query-input\":{\"@type\":\"PropertyValueSpecification\",\"valueRequired\":true,\"valueName\":\"search_term_string\"}}],\"inLanguage\":\"de\"},{\"@type\":\"Organization\",\"@id\":\"https:\\\/\\\/ddbags.nl\\\/de\\\/#organization\",\"name\":\"DDBags\",\"url\":\"https:\\\/\\\/ddbags.nl\\\/de\\\/\",\"logo\":{\"@type\":\"ImageObject\",\"inLanguage\":\"de\",\"@id\":\"https:\\\/\\\/ddbags.nl\\\/de\\\/#\\\/schema\\\/logo\\\/image\\\/\",\"url\":\"https:\\\/\\\/ddbags.nl\\\/wp-content\\\/uploads\\\/2025\\\/04\\\/logo-ddbags.svg\",\"contentUrl\":\"https:\\\/\\\/ddbags.nl\\\/wp-content\\\/uploads\\\/2025\\\/04\\\/logo-ddbags.svg\",\"width\":174,\"height\":82,\"caption\":\"DDBags\"},\"image\":{\"@id\":\"https:\\\/\\\/ddbags.nl\\\/de\\\/#\\\/schema\\\/logo\\\/image\\\/\"}}]}<\/script>\n<!-- \/ Yoast SEO plugin. -->","yoast_head_json":{"title":"DIY-Crossbody Tasche JULYA \u2013 Leder Tasche","description":"N\u00e4he deine DIY-Crossbody Tasche JULYA Velours Flower Ecru aus Leder. Komplettes DIY-Set mit allen Materialien und bebilderter Anleitung.","robots":{"index":"index","follow":"follow","max-snippet":"max-snippet:-1","max-image-preview":"max-image-preview:large","max-video-preview":"max-video-preview:-1"},"canonical":"https:\/\/ddbags.nl\/de\/produkt\/julya-velours-flower-ecru\/","og_locale":"de_DE","og_type":"article","og_title":"DIY-Crossbody Tasche JULYA \u2013 Leder Tasche","og_description":"N\u00e4he deine DIY-Crossbody Tasche JULYA Velours Flower Ecru aus Leder. Komplettes DIY-Set mit allen Materialien und bebilderter Anleitung.","og_url":"https:\/\/ddbags.nl\/de\/produkt\/julya-velours-flower-ecru\/","og_site_name":"ddbags","article_modified_time":"2026-02-03T15:25:45+00:00","og_image":[{"width":1500,"height":1000,"url":"https:\/\/ddbags.nl\/wp-content\/uploads\/2025\/12\/DIY-Crossbody-Tas-JULYA_Velours_Flower_Ecru_3.webp","type":"image\/webp"}],"twitter_card":"summary_large_image","twitter_misc":{"Gesch\u00e4tzte Lesezeit":"2\u00a0Minuten"},"schema":{"@context":"https:\/\/schema.org","@graph":[{"@type":"WebPage","@id":"https:\/\/ddbags.nl\/de\/produkt\/julya-velours-flower-ecru\/","url":"https:\/\/ddbags.nl\/de\/produkt\/julya-velours-flower-ecru\/","name":"DIY-Crossbody Tasche JULYA \u2013 Leder Tasche","isPartOf":{"@id":"https:\/\/ddbags.nl\/de\/#website"},"primaryImageOfPage":{"@id":"https:\/\/ddbags.nl\/de\/produkt\/julya-velours-flower-ecru\/#primaryimage"},"image":{"@id":"https:\/\/ddbags.nl\/de\/produkt\/julya-velours-flower-ecru\/#primaryimage"},"thumbnailUrl":"https:\/\/ddbags.nl\/wp-content\/uploads\/2025\/12\/DIY-Crossbody-Tas-JULYA_Velours_Flower_Ecru_3.webp","datePublished":"2025-12-16T22:20:46+00:00","dateModified":"2026-02-03T15:25:45+00:00","description":"N\u00e4he deine DIY-Crossbody Tasche JULYA Velours Flower Ecru aus Leder. Komplettes DIY-Set mit allen Materialien und bebilderter Anleitung.","breadcrumb":{"@id":"https:\/\/ddbags.nl\/de\/produkt\/julya-velours-flower-ecru\/#breadcrumb"},"inLanguage":"de","potentialAction":[{"@type":"ReadAction","target":["https:\/\/ddbags.nl\/de\/produkt\/julya-velours-flower-ecru\/"]}]},{"@type":"ImageObject","inLanguage":"de","@id":"https:\/\/ddbags.nl\/de\/produkt\/julya-velours-flower-ecru\/#primaryimage","url":"https:\/\/ddbags.nl\/wp-content\/uploads\/2025\/12\/DIY-Crossbody-Tas-JULYA_Velours_Flower_Ecru_3.webp","contentUrl":"https:\/\/ddbags.nl\/wp-content\/uploads\/2025\/12\/DIY-Crossbody-Tas-JULYA_Velours_Flower_Ecru_3.webp","width":1500,"height":1000},{"@type":"BreadcrumbList","@id":"https:\/\/ddbags.nl\/de\/produkt\/julya-velours-flower-ecru\/#breadcrumb","itemListElement":[{"@type":"ListItem","position":1,"name":"Home","item":"https:\/\/ddbags.nl\/de\/home\/"},{"@type":"ListItem","position":2,"name":"Shop","item":"https:\/\/ddbags.nl\/de\/shop\/"},{"@type":"ListItem","position":3,"name":"JULYA &#8211; Velours Flower Ecru"}]},{"@type":"WebSite","@id":"https:\/\/ddbags.nl\/de\/#website","url":"https:\/\/ddbags.nl\/de\/","name":"DDBags","description":"Maak je eigen leren tas!","publisher":{"@id":"https:\/\/ddbags.nl\/de\/#organization"},"potentialAction":[{"@type":"SearchAction","target":{"@type":"EntryPoint","urlTemplate":"https:\/\/ddbags.nl\/de\/?s={search_term_string}"},"query-input":{"@type":"PropertyValueSpecification","valueRequired":true,"valueName":"search_term_string"}}],"inLanguage":"de"},{"@type":"Organization","@id":"https:\/\/ddbags.nl\/de\/#organization","name":"DDBags","url":"https:\/\/ddbags.nl\/de\/","logo":{"@type":"ImageObject","inLanguage":"de","@id":"https:\/\/ddbags.nl\/de\/#\/schema\/logo\/image\/","url":"https:\/\/ddbags.nl\/wp-content\/uploads\/2025\/04\/logo-ddbags.svg","contentUrl":"https:\/\/ddbags.nl\/wp-content\/uploads\/2025\/04\/logo-ddbags.svg","width":174,"height":82,"caption":"DDBags"},"image":{"@id":"https:\/\/ddbags.nl\/de\/#\/schema\/logo\/image\/"}}]}},"_links":{"self":[{"href":"https:\/\/ddbags.nl\/de\/wp-json\/wp\/v2\/product\/22925","targetHints":{"allow":["GET"]}}],"collection":[{"href":"https:\/\/ddbags.nl\/de\/wp-json\/wp\/v2\/product"}],"about":[{"href":"https:\/\/ddbags.nl\/de\/wp-json\/wp\/v2\/types\/product"}],"wp:featuredmedia":[{"embeddable":true,"href":"https:\/\/ddbags.nl\/de\/wp-json\/wp\/v2\/media\/22807"}],"wp:attachment":[{"href":"https:\/\/ddbags.nl\/de\/wp-json\/wp\/v2\/media?parent=22925"}],"wp:term":[{"taxonomy":"product_brand","embeddable":true,"href":"https:\/\/ddbags.nl\/de\/wp-json\/wp\/v2\/product_brand?post=22925"},{"taxonomy":"product_cat","embeddable":true,"href":"https:\/\/ddbags.nl\/de\/wp-json\/wp\/v2\/product_cat?post=22925"},{"taxonomy":"product_tag","embeddable":true,"href":"https:\/\/ddbags.nl\/de\/wp-json\/wp\/v2\/product_tag?post=22925"}],"curies":[{"name":"wp","href":"https:\/\/api.w.org\/{rel}","templated":true}]}}