{"id":20159,"date":"2025-07-16T13:24:06","date_gmt":"2025-07-16T11:24:06","guid":{"rendered":"https:\/\/ddbags.nl\/product\/liv-zanzibar-silver\/"},"modified":"2025-11-19T16:10:38","modified_gmt":"2025-11-19T15:10:38","slug":"liv-zanzibar-silberfarbig","status":"publish","type":"product","link":"https:\/\/ddbags.nl\/de\/produkt\/liv-zanzibar-silberfarbig\/","title":{"rendered":"LIV &#8211; Zanzibar Silberfarbig"},"content":{"rendered":"<h4><strong>Wie funktioniert es?<\/strong><\/h4>\n<p>Dank der einzigartigen Zusammenstellung unseres DIY-Sets kann beim Zusammenbau deines G\u00fcrtels eigentlich nichts schiefgehen. Der Lederriemen ist bereits zugeschnitten, alle Teile sind vorgestanzt und s\u00e4mtliches ben\u00f6tigtes Zubeh\u00f6r ist im Paket enthalten.<br \/>\nMit Hilfe einer \u00fcbersichtlichen \u201eSchritt-f\u00fcr-Schritt\u201c-Anleitung \u2013 mit vielen Fotos \u2013 kannst du diesen Lederg\u00fcrtel ganz einfach selbst anfertigen. Perfekt f\u00fcr Anf\u00e4nger und Fortgeschrittene, die handgefertigte Lederaccessoires lieben.<\/p>\n<h4><strong>Wo finde ich die Anleitung?<\/strong><\/h4>\n<p>Diese <strong>Anleitung<\/strong> kannst du <strong><a href=\"https:\/\/ddbags.nl\/wp-content\/uploads\/2025\/08\/Werkbeschrijving_LIV_DE_online.pdf\">hier<\/a><\/strong> herunterladen.<\/p>\n<h4><strong>Der Inhalt des DIY-Lederg\u00fcrtel LIV Sets:<\/strong><\/h4>\n<ul>\n<li>1 Lederriemen (vorgeschnitten)<\/li>\n<li>1 Endst\u00fcck<\/li>\n<li>1 G\u00fcrtelschnalle<\/li>\n<li>1 Schraubniete<\/li>\n<\/ul>\n<p><em>Der G\u00fcrtel ist mindestens 135 cm lang (je nach Lederhaut auch etwas l\u00e4nger).<\/em><\/p>\n<ul>\n<li>Leder ist ein Naturprodukt. Das bedeutet, dass es IMMER leichte Abweichungen in Farbe oder Struktur geben kann.<\/li>\n<li>Lieferzeit: 2\u20133 Werktage<\/li>\n<\/ul>\n<h4 style=\"text-align: center;\"><em>\u201eViel Freude beim Selbermachen des DIY-Lederg\u00fcrtel LIV!\u201c<\/em><\/h4>\n","protected":false},"excerpt":{"rendered":"<p><strong>DIY-Lederg\u00fcrtel LIV<\/strong> inklusive einer klaren <a href=\"https:\/\/ddbags.nl\/wp-content\/uploads\/2025\/08\/Werkbeschrijving_LIV_DE_online.pdf\"><strong>Schritt-f\u00fcr-Schritt-Anleitung<\/strong><\/a> mit Fotos<strong>.<\/strong><\/p>\n<p><em>\u201eMit diesem <strong>DIY-Set<\/strong> fertigst du dir im Handumdrehen deinen eigenen G\u00fcrtel.\u201c<\/em><\/p>\n","protected":false},"featured_media":18454,"template":"","meta":[],"product_brand":[],"product_cat":[187,152],"product_tag":[],"class_list":{"0":"post-20159","1":"product","2":"type-product","3":"status-publish","4":"has-post-thumbnail","6":"product_cat-hosengurtel","7":"product_cat-zubehor","9":"first","10":"instock","11":"taxable","12":"shipping-taxable","13":"purchasable","14":"product-type-variable"},"yoast_head":"<!-- This site is optimized with the Yoast SEO plugin v27.4 - https:\/\/yoast.com\/product\/yoast-seo-wordpress\/ -->\n<title>DIY-Lederg\u00fcrtel LIV \u2013 Mach deinen eigenen G\u00fcrtel | ddbags<\/title>\n<meta name=\"description\" content=\"Gestalte und fertige deinen Lederg\u00fcrtel selbst mit dem DIY-Set LIV. Inklusive zugeschnittenem Leder, Zubeh\u00f6r und Schritt-f\u00fcr-Schritt-Anleitung.\" \/>\n<meta name=\"robots\" content=\"index, follow, max-snippet:-1, max-image-preview:large, max-video-preview:-1\" \/>\n<link rel=\"canonical\" href=\"https:\/\/ddbags.nl\/de\/produkt\/liv-zanzibar-silberfarbig\/\" \/>\n<meta property=\"og:locale\" content=\"de_DE\" \/>\n<meta property=\"og:type\" content=\"article\" \/>\n<meta property=\"og:title\" content=\"DIY-Lederg\u00fcrtel LIV \u2013 Mach deinen eigenen G\u00fcrtel | ddbags\" \/>\n<meta property=\"og:description\" content=\"Gestalte und fertige deinen Lederg\u00fcrtel selbst mit dem DIY-Set LIV. Inklusive zugeschnittenem Leder, Zubeh\u00f6r und Schritt-f\u00fcr-Schritt-Anleitung.\" \/>\n<meta property=\"og:url\" content=\"https:\/\/ddbags.nl\/de\/produkt\/liv-zanzibar-silberfarbig\/\" \/>\n<meta property=\"og:site_name\" content=\"ddbags\" \/>\n<meta property=\"article:modified_time\" content=\"2025-11-19T15:10:38+00:00\" \/>\n<meta property=\"og:image\" content=\"https:\/\/ddbags.nl\/wp-content\/uploads\/2025\/07\/LIV_zanzibar_silver_1-scaled.jpg\" \/>\n\t<meta property=\"og:image:width\" content=\"1920\" \/>\n\t<meta property=\"og:image:height\" content=\"1371\" \/>\n\t<meta property=\"og:image:type\" content=\"image\/jpeg\" \/>\n<meta name=\"twitter:card\" content=\"summary_large_image\" \/>\n<meta name=\"twitter:label1\" content=\"Gesch\u00e4tzte Lesezeit\" \/>\n\t<meta name=\"twitter:data1\" content=\"1\u00a0Minute\" \/>\n<script type=\"application\/ld+json\" class=\"yoast-schema-graph\">{\"@context\":\"https:\\\/\\\/schema.org\",\"@graph\":[{\"@type\":\"WebPage\",\"@id\":\"https:\\\/\\\/ddbags.nl\\\/de\\\/produkt\\\/liv-zanzibar-silberfarbig\\\/\",\"url\":\"https:\\\/\\\/ddbags.nl\\\/de\\\/produkt\\\/liv-zanzibar-silberfarbig\\\/\",\"name\":\"DIY-Lederg\u00fcrtel LIV \u2013 Mach deinen eigenen G\u00fcrtel | ddbags\",\"isPartOf\":{\"@id\":\"https:\\\/\\\/ddbags.nl\\\/de\\\/#website\"},\"primaryImageOfPage\":{\"@id\":\"https:\\\/\\\/ddbags.nl\\\/de\\\/produkt\\\/liv-zanzibar-silberfarbig\\\/#primaryimage\"},\"image\":{\"@id\":\"https:\\\/\\\/ddbags.nl\\\/de\\\/produkt\\\/liv-zanzibar-silberfarbig\\\/#primaryimage\"},\"thumbnailUrl\":\"https:\\\/\\\/ddbags.nl\\\/wp-content\\\/uploads\\\/2025\\\/07\\\/LIV_zanzibar_silver_1-scaled.jpg\",\"datePublished\":\"2025-07-16T11:24:06+00:00\",\"dateModified\":\"2025-11-19T15:10:38+00:00\",\"description\":\"Gestalte und fertige deinen Lederg\u00fcrtel selbst mit dem DIY-Set LIV. Inklusive zugeschnittenem Leder, Zubeh\u00f6r und Schritt-f\u00fcr-Schritt-Anleitung.\",\"breadcrumb\":{\"@id\":\"https:\\\/\\\/ddbags.nl\\\/de\\\/produkt\\\/liv-zanzibar-silberfarbig\\\/#breadcrumb\"},\"inLanguage\":\"de\",\"potentialAction\":[{\"@type\":\"ReadAction\",\"target\":[\"https:\\\/\\\/ddbags.nl\\\/de\\\/produkt\\\/liv-zanzibar-silberfarbig\\\/\"]}]},{\"@type\":\"ImageObject\",\"inLanguage\":\"de\",\"@id\":\"https:\\\/\\\/ddbags.nl\\\/de\\\/produkt\\\/liv-zanzibar-silberfarbig\\\/#primaryimage\",\"url\":\"https:\\\/\\\/ddbags.nl\\\/wp-content\\\/uploads\\\/2025\\\/07\\\/LIV_zanzibar_silver_1-scaled.jpg\",\"contentUrl\":\"https:\\\/\\\/ddbags.nl\\\/wp-content\\\/uploads\\\/2025\\\/07\\\/LIV_zanzibar_silver_1-scaled.jpg\",\"width\":1920,\"height\":1371,\"caption\":\"LIV_zanzibar_silver\"},{\"@type\":\"BreadcrumbList\",\"@id\":\"https:\\\/\\\/ddbags.nl\\\/de\\\/produkt\\\/liv-zanzibar-silberfarbig\\\/#breadcrumb\",\"itemListElement\":[{\"@type\":\"ListItem\",\"position\":1,\"name\":\"Home\",\"item\":\"https:\\\/\\\/ddbags.nl\\\/de\\\/home\\\/\"},{\"@type\":\"ListItem\",\"position\":2,\"name\":\"Shop\",\"item\":\"https:\\\/\\\/ddbags.nl\\\/de\\\/shop\\\/\"},{\"@type\":\"ListItem\",\"position\":3,\"name\":\"LIV &#8211; Zanzibar Silberfarbig\"}]},{\"@type\":\"WebSite\",\"@id\":\"https:\\\/\\\/ddbags.nl\\\/de\\\/#website\",\"url\":\"https:\\\/\\\/ddbags.nl\\\/de\\\/\",\"name\":\"DDBags\",\"description\":\"Maak je eigen leren tas!\",\"publisher\":{\"@id\":\"https:\\\/\\\/ddbags.nl\\\/de\\\/#organization\"},\"potentialAction\":[{\"@type\":\"SearchAction\",\"target\":{\"@type\":\"EntryPoint\",\"urlTemplate\":\"https:\\\/\\\/ddbags.nl\\\/de\\\/?s={search_term_string}\"},\"query-input\":{\"@type\":\"PropertyValueSpecification\",\"valueRequired\":true,\"valueName\":\"search_term_string\"}}],\"inLanguage\":\"de\"},{\"@type\":\"Organization\",\"@id\":\"https:\\\/\\\/ddbags.nl\\\/de\\\/#organization\",\"name\":\"DDBags\",\"url\":\"https:\\\/\\\/ddbags.nl\\\/de\\\/\",\"logo\":{\"@type\":\"ImageObject\",\"inLanguage\":\"de\",\"@id\":\"https:\\\/\\\/ddbags.nl\\\/de\\\/#\\\/schema\\\/logo\\\/image\\\/\",\"url\":\"https:\\\/\\\/ddbags.nl\\\/wp-content\\\/uploads\\\/2025\\\/04\\\/logo-ddbags.svg\",\"contentUrl\":\"https:\\\/\\\/ddbags.nl\\\/wp-content\\\/uploads\\\/2025\\\/04\\\/logo-ddbags.svg\",\"width\":174,\"height\":82,\"caption\":\"DDBags\"},\"image\":{\"@id\":\"https:\\\/\\\/ddbags.nl\\\/de\\\/#\\\/schema\\\/logo\\\/image\\\/\"}}]}<\/script>\n<!-- \/ Yoast SEO plugin. -->","yoast_head_json":{"title":"DIY-Lederg\u00fcrtel LIV \u2013 Mach deinen eigenen G\u00fcrtel | ddbags","description":"Gestalte und fertige deinen Lederg\u00fcrtel selbst mit dem DIY-Set LIV. Inklusive zugeschnittenem Leder, Zubeh\u00f6r und Schritt-f\u00fcr-Schritt-Anleitung.","robots":{"index":"index","follow":"follow","max-snippet":"max-snippet:-1","max-image-preview":"max-image-preview:large","max-video-preview":"max-video-preview:-1"},"canonical":"https:\/\/ddbags.nl\/de\/produkt\/liv-zanzibar-silberfarbig\/","og_locale":"de_DE","og_type":"article","og_title":"DIY-Lederg\u00fcrtel LIV \u2013 Mach deinen eigenen G\u00fcrtel | ddbags","og_description":"Gestalte und fertige deinen Lederg\u00fcrtel selbst mit dem DIY-Set LIV. Inklusive zugeschnittenem Leder, Zubeh\u00f6r und Schritt-f\u00fcr-Schritt-Anleitung.","og_url":"https:\/\/ddbags.nl\/de\/produkt\/liv-zanzibar-silberfarbig\/","og_site_name":"ddbags","article_modified_time":"2025-11-19T15:10:38+00:00","og_image":[{"width":1920,"height":1371,"url":"https:\/\/ddbags.nl\/wp-content\/uploads\/2025\/07\/LIV_zanzibar_silver_1-scaled.jpg","type":"image\/jpeg"}],"twitter_card":"summary_large_image","twitter_misc":{"Gesch\u00e4tzte Lesezeit":"1\u00a0Minute"},"schema":{"@context":"https:\/\/schema.org","@graph":[{"@type":"WebPage","@id":"https:\/\/ddbags.nl\/de\/produkt\/liv-zanzibar-silberfarbig\/","url":"https:\/\/ddbags.nl\/de\/produkt\/liv-zanzibar-silberfarbig\/","name":"DIY-Lederg\u00fcrtel LIV \u2013 Mach deinen eigenen G\u00fcrtel | ddbags","isPartOf":{"@id":"https:\/\/ddbags.nl\/de\/#website"},"primaryImageOfPage":{"@id":"https:\/\/ddbags.nl\/de\/produkt\/liv-zanzibar-silberfarbig\/#primaryimage"},"image":{"@id":"https:\/\/ddbags.nl\/de\/produkt\/liv-zanzibar-silberfarbig\/#primaryimage"},"thumbnailUrl":"https:\/\/ddbags.nl\/wp-content\/uploads\/2025\/07\/LIV_zanzibar_silver_1-scaled.jpg","datePublished":"2025-07-16T11:24:06+00:00","dateModified":"2025-11-19T15:10:38+00:00","description":"Gestalte und fertige deinen Lederg\u00fcrtel selbst mit dem DIY-Set LIV. Inklusive zugeschnittenem Leder, Zubeh\u00f6r und Schritt-f\u00fcr-Schritt-Anleitung.","breadcrumb":{"@id":"https:\/\/ddbags.nl\/de\/produkt\/liv-zanzibar-silberfarbig\/#breadcrumb"},"inLanguage":"de","potentialAction":[{"@type":"ReadAction","target":["https:\/\/ddbags.nl\/de\/produkt\/liv-zanzibar-silberfarbig\/"]}]},{"@type":"ImageObject","inLanguage":"de","@id":"https:\/\/ddbags.nl\/de\/produkt\/liv-zanzibar-silberfarbig\/#primaryimage","url":"https:\/\/ddbags.nl\/wp-content\/uploads\/2025\/07\/LIV_zanzibar_silver_1-scaled.jpg","contentUrl":"https:\/\/ddbags.nl\/wp-content\/uploads\/2025\/07\/LIV_zanzibar_silver_1-scaled.jpg","width":1920,"height":1371,"caption":"LIV_zanzibar_silver"},{"@type":"BreadcrumbList","@id":"https:\/\/ddbags.nl\/de\/produkt\/liv-zanzibar-silberfarbig\/#breadcrumb","itemListElement":[{"@type":"ListItem","position":1,"name":"Home","item":"https:\/\/ddbags.nl\/de\/home\/"},{"@type":"ListItem","position":2,"name":"Shop","item":"https:\/\/ddbags.nl\/de\/shop\/"},{"@type":"ListItem","position":3,"name":"LIV &#8211; Zanzibar Silberfarbig"}]},{"@type":"WebSite","@id":"https:\/\/ddbags.nl\/de\/#website","url":"https:\/\/ddbags.nl\/de\/","name":"DDBags","description":"Maak je eigen leren tas!","publisher":{"@id":"https:\/\/ddbags.nl\/de\/#organization"},"potentialAction":[{"@type":"SearchAction","target":{"@type":"EntryPoint","urlTemplate":"https:\/\/ddbags.nl\/de\/?s={search_term_string}"},"query-input":{"@type":"PropertyValueSpecification","valueRequired":true,"valueName":"search_term_string"}}],"inLanguage":"de"},{"@type":"Organization","@id":"https:\/\/ddbags.nl\/de\/#organization","name":"DDBags","url":"https:\/\/ddbags.nl\/de\/","logo":{"@type":"ImageObject","inLanguage":"de","@id":"https:\/\/ddbags.nl\/de\/#\/schema\/logo\/image\/","url":"https:\/\/ddbags.nl\/wp-content\/uploads\/2025\/04\/logo-ddbags.svg","contentUrl":"https:\/\/ddbags.nl\/wp-content\/uploads\/2025\/04\/logo-ddbags.svg","width":174,"height":82,"caption":"DDBags"},"image":{"@id":"https:\/\/ddbags.nl\/de\/#\/schema\/logo\/image\/"}}]}},"_links":{"self":[{"href":"https:\/\/ddbags.nl\/de\/wp-json\/wp\/v2\/product\/20159","targetHints":{"allow":["GET"]}}],"collection":[{"href":"https:\/\/ddbags.nl\/de\/wp-json\/wp\/v2\/product"}],"about":[{"href":"https:\/\/ddbags.nl\/de\/wp-json\/wp\/v2\/types\/product"}],"wp:featuredmedia":[{"embeddable":true,"href":"https:\/\/ddbags.nl\/de\/wp-json\/wp\/v2\/media\/18454"}],"wp:attachment":[{"href":"https:\/\/ddbags.nl\/de\/wp-json\/wp\/v2\/media?parent=20159"}],"wp:term":[{"taxonomy":"product_brand","embeddable":true,"href":"https:\/\/ddbags.nl\/de\/wp-json\/wp\/v2\/product_brand?post=20159"},{"taxonomy":"product_cat","embeddable":true,"href":"https:\/\/ddbags.nl\/de\/wp-json\/wp\/v2\/product_cat?post=20159"},{"taxonomy":"product_tag","embeddable":true,"href":"https:\/\/ddbags.nl\/de\/wp-json\/wp\/v2\/product_tag?post=20159"}],"curies":[{"name":"wp","href":"https:\/\/api.w.org\/{rel}","templated":true}]}}