{"id":18771,"date":"2025-06-20T11:41:53","date_gmt":"2025-06-20T09:41:53","guid":{"rendered":"https:\/\/ddbags.nl\/product\/diy-crossbody-tas-vanity-jungle-suede-navy\/"},"modified":"2025-09-05T15:51:40","modified_gmt":"2025-09-05T13:51:40","slug":"vanity-jungle-suede-ocean","status":"publish","type":"product","link":"https:\/\/ddbags.nl\/de\/produkt\/vanity-jungle-suede-ocean\/","title":{"rendered":"VANITY &#8211; Jungle Suede Ocean"},"content":{"rendered":"<h4><strong>Wie funktioniert es?<\/strong><\/h4>\n<p>Mit dieser <strong>DIY-Crossbody Tasche VANITY<\/strong> kannst du dir ganz einfach deine eigene Lederhandtasche selber machen. Das stilvolle Modell kommt im Set mit einem passenden <strong>DIY-Portemonnaie<\/strong> \u2013 perfekt f\u00fcr kreative Selbermacherinnen und DIY-Fans.<\/p>\n<p>Dank der einzigartigen Zusammenstellung unseres <a href=\"https:\/\/ddbags.nl\/de\/diy-pakketten\/\">DIY-Pakets<\/a> kannst du eigentlich nichts falsch machen. Alle Schnittmuster sind gestanzt und s\u00e4mtliches ben\u00f6tigtes Zubeh\u00f6r und alle Teile sind enthalten.<br \/>\nMit Hilfe einer \u00fcbersichtlichen \u201eSchritt-f\u00fcr-Schritt\u201c-Anleitung \u2013 mit vielen Fotos \u2013 kannst du die Tasche und das Portemonnaie ganz einfach selbst zusammensetzen.<\/p>\n<h4><strong>Werkzeugset<\/strong><\/h4>\n<p>F\u00fcr dieses DIY-Paket ben\u00f6tigst du ein <strong><a href=\"https:\/\/ddbags.nl\/de\/produkt\/gereedschapset-t-b-v-diy-pakketten\/\">Werkzeugset<\/a><\/strong>.<br \/>\nDieses enth\u00e4lt alle Werkzeuge, die du brauchst. Vergiss nicht, es mitzubestellen!<br \/>\n<strong>1<\/strong> Werkzeugset reicht f\u00fcr <strong>1 bis 4 Personen<\/strong>.<br \/>\nBist du mit <strong>mehr als 4 Personen<\/strong> dabei, brauchst du zus\u00e4tzliche Sets.<\/p>\n<p>F\u00fcr das Werkzeugset zahlst du eine <strong>Kaution<\/strong> von 50 \u20ac pro Set. Diese erh\u00e4ltst du selbstverst\u00e4ndlich zur\u00fcck, sobald du das\/die Set(s) zur\u00fcckgeschickt hast. Deiner Lieferung liegt ein R\u00fccksendeetikett bei, sodass du das\/die Werkzeugset(s) KOSTENLOS zur\u00fccksenden kannst.<\/p>\n<h4><strong>Wie erhalte ich die Anleitung?<\/strong><\/h4>\n<p>Die <strong>Schritt-f\u00fcr-Schritt-Anleitung<\/strong> kannst du <strong><a href=\"https:\/\/ddbags.nl\/wp-content\/uploads\/2025\/08\/Werkbeschrijving_VANITY_DE_online.pdf\">hier<\/a><\/strong> herunterladen.<\/p>\n<h4><strong>Ma\u00dfe der Tasche:<\/strong><\/h4>\n<ul>\n<li>Breite: 24 cm<\/li>\n<li>H\u00f6he: 18 cm<\/li>\n<li>Tiefe: 5 cm<\/li>\n<\/ul>\n<p><strong>Ma\u00dfe des Portemonnaies:<\/strong><\/p>\n<ul>\n<li>Breite: 11 cm<\/li>\n<li>H\u00f6he: 9 cm<\/li>\n<li>Tiefe: 2,5 cm<\/li>\n<\/ul>\n<h4><strong>Ben\u00f6tigte Zeit:<\/strong><\/h4>\n<p>\u00d8 Arbeitszeit: \u00b1 2 Stunden<\/p>\n<h4><strong>Lieferumfang \u2013 DIY-Crossbody Tasche VANITY:<\/strong><\/h4>\n<ul>\n<li>Gestanzte Lederzuschnitte (1 x Tasche, 1 x Portemonnaie)<\/li>\n<li>Trageriemen (2-teilig)<\/li>\n<li>Flechtb\u00e4nder \u2013 4 St. (2 x Tasche, 2 x Portemonnaie)<\/li>\n<li>Karabinerhaken \u2013 2 St.<\/li>\n<li>Ringe \u2013 2 St.<\/li>\n<li>Schnalle<\/li>\n<li>Schl\u00f6sser (f\u00fcr Tasche und Portemonnaie)<\/li>\n<li>Hohlnieten<\/li>\n<\/ul>\n<p><strong>Hinweis:<\/strong> Aufgrund einer begrenzten Anzahl an Werkzeugsets bitte ich dich, das Werkzeugset 1 Woche nach Erhalt zur\u00fcckzusenden, damit es erneut verwendet werden kann.<\/p>\n<ul>\n<li>Leder ist ein Naturprodukt \u2013 leichte Abweichungen in Farbe oder Struktur sind normal.<\/li>\n<li>Lieferzeit: 2\u20133 Werktage<\/li>\n<\/ul>\n<h4 style=\"text-align: center;\"><em>\u201eViel Spa\u00df beim Anfertigen deiner DIY-Crossbody Tasche VANITY\u201c<\/em><\/h4>\n","protected":false},"excerpt":{"rendered":"<p>Stilvolle <strong>DIY-Crossbody Tasche VANITY<\/strong> aus Leder mit <strong>passendem Portemonnaie<\/strong>. Komplettes N\u00e4hset mit allen Materialien und &#8222;Schritt-f\u00fcr-Schritt <a href=\"https:\/\/ddbags.nl\/wp-content\/uploads\/2025\/08\/Werkbeschrijving_VANITY_DE_online.pdf\"><strong>Anleitung<\/strong><\/a>.<\/p>\n","protected":false},"featured_media":20918,"template":"","meta":[],"product_brand":[],"product_cat":[157,160],"product_tag":[],"class_list":{"0":"post-18771","1":"product","2":"type-product","3":"status-publish","4":"has-post-thumbnail","6":"product_cat-diy-crossbody-taschen","7":"product_cat-diy-crossbody-tasche-vanity","9":"first","10":"instock","11":"taxable","12":"shipping-taxable","13":"purchasable","14":"product-type-variable"},"yoast_head":"<!-- This site is optimized with the Yoast SEO plugin v27.4 - https:\/\/yoast.com\/product\/yoast-seo-wordpress\/ -->\n<title>DIY Lederhandtasche VANITY \u2013 Crossbody Tasche selber machen<\/title>\n<meta name=\"description\" content=\"Stilvolle DIY-Crossbody Tasche VANITY aus Leder mit passendem Portemonnaie. Komplettes N\u00e4hset mit Anleitung \u2013 in ca. 2 Stunden fertig.\" \/>\n<meta name=\"robots\" content=\"index, follow, max-snippet:-1, max-image-preview:large, max-video-preview:-1\" \/>\n<link rel=\"canonical\" href=\"https:\/\/ddbags.nl\/de\/produkt\/vanity-jungle-suede-ocean\/\" \/>\n<meta property=\"og:locale\" content=\"de_DE\" \/>\n<meta property=\"og:type\" content=\"article\" \/>\n<meta property=\"og:title\" content=\"DIY Lederhandtasche VANITY \u2013 Crossbody Tasche selber machen\" \/>\n<meta property=\"og:description\" content=\"Stilvolle DIY-Crossbody Tasche VANITY aus Leder mit passendem Portemonnaie. Komplettes N\u00e4hset mit Anleitung \u2013 in ca. 2 Stunden fertig.\" \/>\n<meta property=\"og:url\" content=\"https:\/\/ddbags.nl\/de\/produkt\/vanity-jungle-suede-ocean\/\" \/>\n<meta property=\"og:site_name\" content=\"ddbags\" \/>\n<meta property=\"article:modified_time\" content=\"2025-09-05T13:51:40+00:00\" \/>\n<meta property=\"og:image\" content=\"https:\/\/ddbags.nl\/wp-content\/uploads\/2025\/09\/DIY_crossbody_tas_vanity_jungle_suede_ocean_1-scaled.jpg\" \/>\n\t<meta property=\"og:image:width\" content=\"1920\" \/>\n\t<meta property=\"og:image:height\" content=\"1372\" \/>\n\t<meta property=\"og:image:type\" content=\"image\/jpeg\" \/>\n<meta name=\"twitter:card\" content=\"summary_large_image\" \/>\n<meta name=\"twitter:label1\" content=\"Gesch\u00e4tzte Lesezeit\" \/>\n\t<meta name=\"twitter:data1\" content=\"2\u00a0Minuten\" \/>\n<script type=\"application\/ld+json\" class=\"yoast-schema-graph\">{\"@context\":\"https:\\\/\\\/schema.org\",\"@graph\":[{\"@type\":\"WebPage\",\"@id\":\"https:\\\/\\\/ddbags.nl\\\/de\\\/produkt\\\/vanity-jungle-suede-ocean\\\/\",\"url\":\"https:\\\/\\\/ddbags.nl\\\/de\\\/produkt\\\/vanity-jungle-suede-ocean\\\/\",\"name\":\"DIY Lederhandtasche VANITY \u2013 Crossbody Tasche selber machen\",\"isPartOf\":{\"@id\":\"https:\\\/\\\/ddbags.nl\\\/de\\\/#website\"},\"primaryImageOfPage\":{\"@id\":\"https:\\\/\\\/ddbags.nl\\\/de\\\/produkt\\\/vanity-jungle-suede-ocean\\\/#primaryimage\"},\"image\":{\"@id\":\"https:\\\/\\\/ddbags.nl\\\/de\\\/produkt\\\/vanity-jungle-suede-ocean\\\/#primaryimage\"},\"thumbnailUrl\":\"https:\\\/\\\/ddbags.nl\\\/wp-content\\\/uploads\\\/2025\\\/09\\\/DIY_crossbody_tas_vanity_jungle_suede_ocean_1-scaled.jpg\",\"datePublished\":\"2025-06-20T09:41:53+00:00\",\"dateModified\":\"2025-09-05T13:51:40+00:00\",\"description\":\"Stilvolle DIY-Crossbody Tasche VANITY aus Leder mit passendem Portemonnaie. Komplettes N\u00e4hset mit Anleitung \u2013 in ca. 2 Stunden fertig.\",\"breadcrumb\":{\"@id\":\"https:\\\/\\\/ddbags.nl\\\/de\\\/produkt\\\/vanity-jungle-suede-ocean\\\/#breadcrumb\"},\"inLanguage\":\"de\",\"potentialAction\":[{\"@type\":\"ReadAction\",\"target\":[\"https:\\\/\\\/ddbags.nl\\\/de\\\/produkt\\\/vanity-jungle-suede-ocean\\\/\"]}]},{\"@type\":\"ImageObject\",\"inLanguage\":\"de\",\"@id\":\"https:\\\/\\\/ddbags.nl\\\/de\\\/produkt\\\/vanity-jungle-suede-ocean\\\/#primaryimage\",\"url\":\"https:\\\/\\\/ddbags.nl\\\/wp-content\\\/uploads\\\/2025\\\/09\\\/DIY_crossbody_tas_vanity_jungle_suede_ocean_1-scaled.jpg\",\"contentUrl\":\"https:\\\/\\\/ddbags.nl\\\/wp-content\\\/uploads\\\/2025\\\/09\\\/DIY_crossbody_tas_vanity_jungle_suede_ocean_1-scaled.jpg\",\"width\":1920,\"height\":1372},{\"@type\":\"BreadcrumbList\",\"@id\":\"https:\\\/\\\/ddbags.nl\\\/de\\\/produkt\\\/vanity-jungle-suede-ocean\\\/#breadcrumb\",\"itemListElement\":[{\"@type\":\"ListItem\",\"position\":1,\"name\":\"Home\",\"item\":\"https:\\\/\\\/ddbags.nl\\\/de\\\/home\\\/\"},{\"@type\":\"ListItem\",\"position\":2,\"name\":\"Shop\",\"item\":\"https:\\\/\\\/ddbags.nl\\\/de\\\/shop\\\/\"},{\"@type\":\"ListItem\",\"position\":3,\"name\":\"VANITY &#8211; Jungle Suede Ocean\"}]},{\"@type\":\"WebSite\",\"@id\":\"https:\\\/\\\/ddbags.nl\\\/de\\\/#website\",\"url\":\"https:\\\/\\\/ddbags.nl\\\/de\\\/\",\"name\":\"DDBags\",\"description\":\"Maak je eigen leren tas!\",\"publisher\":{\"@id\":\"https:\\\/\\\/ddbags.nl\\\/de\\\/#organization\"},\"potentialAction\":[{\"@type\":\"SearchAction\",\"target\":{\"@type\":\"EntryPoint\",\"urlTemplate\":\"https:\\\/\\\/ddbags.nl\\\/de\\\/?s={search_term_string}\"},\"query-input\":{\"@type\":\"PropertyValueSpecification\",\"valueRequired\":true,\"valueName\":\"search_term_string\"}}],\"inLanguage\":\"de\"},{\"@type\":\"Organization\",\"@id\":\"https:\\\/\\\/ddbags.nl\\\/de\\\/#organization\",\"name\":\"DDBags\",\"url\":\"https:\\\/\\\/ddbags.nl\\\/de\\\/\",\"logo\":{\"@type\":\"ImageObject\",\"inLanguage\":\"de\",\"@id\":\"https:\\\/\\\/ddbags.nl\\\/de\\\/#\\\/schema\\\/logo\\\/image\\\/\",\"url\":\"https:\\\/\\\/ddbags.nl\\\/wp-content\\\/uploads\\\/2025\\\/04\\\/logo-ddbags.svg\",\"contentUrl\":\"https:\\\/\\\/ddbags.nl\\\/wp-content\\\/uploads\\\/2025\\\/04\\\/logo-ddbags.svg\",\"width\":174,\"height\":82,\"caption\":\"DDBags\"},\"image\":{\"@id\":\"https:\\\/\\\/ddbags.nl\\\/de\\\/#\\\/schema\\\/logo\\\/image\\\/\"}}]}<\/script>\n<!-- \/ Yoast SEO plugin. -->","yoast_head_json":{"title":"DIY Lederhandtasche VANITY \u2013 Crossbody Tasche selber machen","description":"Stilvolle DIY-Crossbody Tasche VANITY aus Leder mit passendem Portemonnaie. Komplettes N\u00e4hset mit Anleitung \u2013 in ca. 2 Stunden fertig.","robots":{"index":"index","follow":"follow","max-snippet":"max-snippet:-1","max-image-preview":"max-image-preview:large","max-video-preview":"max-video-preview:-1"},"canonical":"https:\/\/ddbags.nl\/de\/produkt\/vanity-jungle-suede-ocean\/","og_locale":"de_DE","og_type":"article","og_title":"DIY Lederhandtasche VANITY \u2013 Crossbody Tasche selber machen","og_description":"Stilvolle DIY-Crossbody Tasche VANITY aus Leder mit passendem Portemonnaie. Komplettes N\u00e4hset mit Anleitung \u2013 in ca. 2 Stunden fertig.","og_url":"https:\/\/ddbags.nl\/de\/produkt\/vanity-jungle-suede-ocean\/","og_site_name":"ddbags","article_modified_time":"2025-09-05T13:51:40+00:00","og_image":[{"width":1920,"height":1372,"url":"https:\/\/ddbags.nl\/wp-content\/uploads\/2025\/09\/DIY_crossbody_tas_vanity_jungle_suede_ocean_1-scaled.jpg","type":"image\/jpeg"}],"twitter_card":"summary_large_image","twitter_misc":{"Gesch\u00e4tzte Lesezeit":"2\u00a0Minuten"},"schema":{"@context":"https:\/\/schema.org","@graph":[{"@type":"WebPage","@id":"https:\/\/ddbags.nl\/de\/produkt\/vanity-jungle-suede-ocean\/","url":"https:\/\/ddbags.nl\/de\/produkt\/vanity-jungle-suede-ocean\/","name":"DIY Lederhandtasche VANITY \u2013 Crossbody Tasche selber machen","isPartOf":{"@id":"https:\/\/ddbags.nl\/de\/#website"},"primaryImageOfPage":{"@id":"https:\/\/ddbags.nl\/de\/produkt\/vanity-jungle-suede-ocean\/#primaryimage"},"image":{"@id":"https:\/\/ddbags.nl\/de\/produkt\/vanity-jungle-suede-ocean\/#primaryimage"},"thumbnailUrl":"https:\/\/ddbags.nl\/wp-content\/uploads\/2025\/09\/DIY_crossbody_tas_vanity_jungle_suede_ocean_1-scaled.jpg","datePublished":"2025-06-20T09:41:53+00:00","dateModified":"2025-09-05T13:51:40+00:00","description":"Stilvolle DIY-Crossbody Tasche VANITY aus Leder mit passendem Portemonnaie. Komplettes N\u00e4hset mit Anleitung \u2013 in ca. 2 Stunden fertig.","breadcrumb":{"@id":"https:\/\/ddbags.nl\/de\/produkt\/vanity-jungle-suede-ocean\/#breadcrumb"},"inLanguage":"de","potentialAction":[{"@type":"ReadAction","target":["https:\/\/ddbags.nl\/de\/produkt\/vanity-jungle-suede-ocean\/"]}]},{"@type":"ImageObject","inLanguage":"de","@id":"https:\/\/ddbags.nl\/de\/produkt\/vanity-jungle-suede-ocean\/#primaryimage","url":"https:\/\/ddbags.nl\/wp-content\/uploads\/2025\/09\/DIY_crossbody_tas_vanity_jungle_suede_ocean_1-scaled.jpg","contentUrl":"https:\/\/ddbags.nl\/wp-content\/uploads\/2025\/09\/DIY_crossbody_tas_vanity_jungle_suede_ocean_1-scaled.jpg","width":1920,"height":1372},{"@type":"BreadcrumbList","@id":"https:\/\/ddbags.nl\/de\/produkt\/vanity-jungle-suede-ocean\/#breadcrumb","itemListElement":[{"@type":"ListItem","position":1,"name":"Home","item":"https:\/\/ddbags.nl\/de\/home\/"},{"@type":"ListItem","position":2,"name":"Shop","item":"https:\/\/ddbags.nl\/de\/shop\/"},{"@type":"ListItem","position":3,"name":"VANITY &#8211; Jungle Suede Ocean"}]},{"@type":"WebSite","@id":"https:\/\/ddbags.nl\/de\/#website","url":"https:\/\/ddbags.nl\/de\/","name":"DDBags","description":"Maak je eigen leren tas!","publisher":{"@id":"https:\/\/ddbags.nl\/de\/#organization"},"potentialAction":[{"@type":"SearchAction","target":{"@type":"EntryPoint","urlTemplate":"https:\/\/ddbags.nl\/de\/?s={search_term_string}"},"query-input":{"@type":"PropertyValueSpecification","valueRequired":true,"valueName":"search_term_string"}}],"inLanguage":"de"},{"@type":"Organization","@id":"https:\/\/ddbags.nl\/de\/#organization","name":"DDBags","url":"https:\/\/ddbags.nl\/de\/","logo":{"@type":"ImageObject","inLanguage":"de","@id":"https:\/\/ddbags.nl\/de\/#\/schema\/logo\/image\/","url":"https:\/\/ddbags.nl\/wp-content\/uploads\/2025\/04\/logo-ddbags.svg","contentUrl":"https:\/\/ddbags.nl\/wp-content\/uploads\/2025\/04\/logo-ddbags.svg","width":174,"height":82,"caption":"DDBags"},"image":{"@id":"https:\/\/ddbags.nl\/de\/#\/schema\/logo\/image\/"}}]}},"_links":{"self":[{"href":"https:\/\/ddbags.nl\/de\/wp-json\/wp\/v2\/product\/18771","targetHints":{"allow":["GET"]}}],"collection":[{"href":"https:\/\/ddbags.nl\/de\/wp-json\/wp\/v2\/product"}],"about":[{"href":"https:\/\/ddbags.nl\/de\/wp-json\/wp\/v2\/types\/product"}],"wp:featuredmedia":[{"embeddable":true,"href":"https:\/\/ddbags.nl\/de\/wp-json\/wp\/v2\/media\/20918"}],"wp:attachment":[{"href":"https:\/\/ddbags.nl\/de\/wp-json\/wp\/v2\/media?parent=18771"}],"wp:term":[{"taxonomy":"product_brand","embeddable":true,"href":"https:\/\/ddbags.nl\/de\/wp-json\/wp\/v2\/product_brand?post=18771"},{"taxonomy":"product_cat","embeddable":true,"href":"https:\/\/ddbags.nl\/de\/wp-json\/wp\/v2\/product_cat?post=18771"},{"taxonomy":"product_tag","embeddable":true,"href":"https:\/\/ddbags.nl\/de\/wp-json\/wp\/v2\/product_tag?post=18771"}],"curies":[{"name":"wp","href":"https:\/\/api.w.org\/{rel}","templated":true}]}}