{"id":18638,"date":"2026-03-31T10:07:35","date_gmt":"2026-03-31T08:07:35","guid":{"rendered":"https:\/\/ddbags.nl\/product\/diy-crossbody-tas-festival-jungle-suede-brick\/"},"modified":"2025-10-06T16:48:12","modified_gmt":"2025-10-06T14:48:12","slug":"festival-jungle-suede-brick","status":"publish","type":"product","link":"https:\/\/ddbags.nl\/de\/produkt\/festival-jungle-suede-brick\/","title":{"rendered":"FESTIVAL &#8211; Jungle Suede Brick"},"content":{"rendered":"<h4><strong>So einfach machst du deine DIY-Crossbody Tasche FESTIVAL<\/strong><\/h4>\n<p>Mit diesem kompletten <strong>DIY-Set<\/strong> kannst du deine eigene <strong>Leder-Crossbody Tasche<\/strong> und das passende <strong>Portemonnaie<\/strong> ganz einfach selbst herstellen \u2013 perfekt f\u00fcr Anf\u00e4nger und Fortgeschrittene. Alle Schnittmuster sind pr\u00e4zise vorgestanzt und alle ben\u00f6tigten Materialien sind enthalten.<\/p>\n<p>Dank der bebilderten <em>Schritt-f\u00fcr-Schritt-Anleitung<\/em> gelingt dir die DIY-Crossbody Tasche FESTIVAL garantiert. Du brauchst keine N\u00e4hmaschine \u2013 nur ein wenig Zeit und Lust am Selbermachen.<\/p>\n<p>Suchst du ein Modell mit etwas mehr Herausforderung? Dann schau dir auch unsere anderen Modelle an, zum Beispiel die <a href=\"https:\/\/ddbags.nl\/de\/kategorie\/diy-crossbody-taschen\/vanity-flair\/\">DIY-Crossbody Tasche VANITY Flair<\/a> oder die <a href=\"https:\/\/ddbags.nl\/de\/kategorie\/diy-crossbody-taschen\/nychel\/\">DIY-Crossbody Tasche NYCHEL<\/a>.<\/p>\n<h4><strong>Ben\u00f6tigtes Werkzeug<\/strong><\/h4>\n<p>F\u00fcr dieses DIY-Paket ben\u00f6tigst du ein <strong><a href=\"https:\/\/ddbags.nl\/de\/produkt\/gereedschapset-t-b-v-diy-pakketten\/\">Werkzeugset<\/a><\/strong>. Dieses Set enth\u00e4lt alle Werkzeuge, die du brauchst. Bitte bestelle es direkt mit!<\/p>\n<ul>\n<li>1 Werkzeugset reicht f\u00fcr 1 bis 4 Personen<\/li>\n<li>Bei mehr als 4 Personen bitte zus\u00e4tzliche Sets bestellen<\/li>\n<\/ul>\n<p>F\u00fcr das Werkzeugset f\u00e4llt eine <strong>Kaution<\/strong> von 50 \u20ac pro Set an, die du zur\u00fcckerh\u00e4ltst, sobald du das\/die Set(s) zur\u00fcckgeschickt hast. Deiner Bestellung liegt ein <strong>kostenloses R\u00fccksendeetikett<\/strong> bei.<\/p>\n<h4><strong>Anleitung herunterladen<\/strong><\/h4>\n<p>Die Anleitung kannst du <strong><a href=\"https:\/\/ddbags.nl\/wp-content\/uploads\/2025\/08\/Werkbeschrijving_FESTIVAL_YARA_DE_online.pdf\">hier<\/a> <\/strong>herunterladen.<\/p>\n<h4><strong>Ma\u00dfe der DIY-Crossbody Tasche FESTIVAL<\/strong><\/h4>\n<ul>\n<li>Breite: 19 cm<\/li>\n<li>H\u00f6he: 15 cm<\/li>\n<li>Tiefe: 5 cm<\/li>\n<\/ul>\n<p><strong>Ma\u00dfe des Portemonnaies:<\/strong><\/p>\n<ul>\n<li>Breite: 11 cm<\/li>\n<li>H\u00f6he: 9 cm<\/li>\n<li>Tiefe: 2,5 cm<\/li>\n<\/ul>\n<h4><strong>Ben\u00f6tigte Zeit<\/strong><\/h4>\n<p>Durchschnittlicher Zeitaufwand: \u00b1 2 Stunden<\/p>\n<h4><strong>Inhalt des DIY-Crossbody Taschen-Sets FESTIVAL<\/strong><\/h4>\n<ul>\n<li>Vorgestanzte Lederschnittmuster (1\u00d7 Tasche, 1\u00d7 Portemonnaie)<\/li>\n<li>Trageriemen (bestehend aus 2 Teilen)<\/li>\n<li>Flechtriemen \u2013 4 Stk. (2 f\u00fcr die Tasche, 2 f\u00fcr das Portemonnaie)<\/li>\n<li>Karabinerhaken \u2013 2 Stk.<\/li>\n<li>Ringe \u2013 2 Stk.<\/li>\n<li>Schnalle<\/li>\n<li>Verschl\u00fcsse (f\u00fcr Tasche und Portemonnaie)<\/li>\n<li>Hohlnieten<\/li>\n<\/ul>\n<h4><strong>Wichtige Hinweise<\/strong><\/h4>\n<ul>\n<li>Leder ist ein Naturprodukt. Kleine Farb- und Strukturabweichungen sind normal.<\/li>\n<li>Lieferzeit: 2\u20133 Werktage<\/li>\n<\/ul>\n<p><strong>Hinweis:<\/strong> Aufgrund einer begrenzten Anzahl an Werkzeugsets bitte innerhalb von 1 Woche nach Erhalt zur\u00fccksenden, damit auch andere sie nutzen k\u00f6nnen.<\/p>\n<h4 style=\"text-align: center;\"><em>\u201eViel Freude beim Selbermachen deiner DIY-Crossbody Tasche FESTIVAL\u201c<\/em><\/h4>\n","protected":false},"excerpt":{"rendered":"<p>Stilvolle <strong>DIY-Crossbody Tasche FESTIVAL<\/strong> aus hochwertigem Leder, inklusive passendem Portemonnaie. Komplettes DIY-Set mit vorgestanzten Schnittmustern, allen Materialien und bebilderter &#8222;Schritt-f\u00fcr-Schritt&#8220; <a href=\"https:\/\/ddbags.nl\/wp-content\/uploads\/2025\/08\/Werkbeschrijving_FESTIVAL_YARA_DE_online.pdf\"><strong>Anleitung<\/strong><\/a> \u2013 ideal zum Selbermachen ohne N\u00e4hmaschine.<\/p>\n","protected":false},"featured_media":17751,"template":"","meta":[],"product_brand":[],"product_cat":[157,158],"product_tag":[],"class_list":{"0":"post-18638","1":"product","2":"type-product","3":"status-publish","4":"has-post-thumbnail","6":"product_cat-diy-crossbody-taschen","7":"product_cat-diy-crossbody-tasche-festival","9":"first","10":"instock","11":"taxable","12":"shipping-taxable","13":"purchasable","14":"product-type-variable"},"yoast_head":"<!-- This site is optimized with the Yoast SEO plugin v27.4 - https:\/\/yoast.com\/product\/yoast-seo-wordpress\/ -->\n<title>DIY-Crossbody Tasche FESTIVAL \u2013 Leder Tasche &amp; Portemonnaie<\/title>\n<meta name=\"description\" content=\"N\u00e4he deine DIY-Crossbody Tasche FESTIVAL aus Leder mit passendem Portemonnaie. Komplettes DIY-Set mit allen Materialien und bebilderter Anleitung.\" \/>\n<meta name=\"robots\" content=\"index, follow, max-snippet:-1, max-image-preview:large, max-video-preview:-1\" \/>\n<link rel=\"canonical\" href=\"https:\/\/ddbags.nl\/de\/produkt\/festival-jungle-suede-brick\/\" \/>\n<meta property=\"og:locale\" content=\"de_DE\" \/>\n<meta property=\"og:type\" content=\"article\" \/>\n<meta property=\"og:title\" content=\"DIY-Crossbody Tasche FESTIVAL \u2013 Leder Tasche &amp; Portemonnaie\" \/>\n<meta property=\"og:description\" content=\"N\u00e4he deine DIY-Crossbody Tasche FESTIVAL aus Leder mit passendem Portemonnaie. Komplettes DIY-Set mit allen Materialien und bebilderter Anleitung.\" \/>\n<meta property=\"og:url\" content=\"https:\/\/ddbags.nl\/de\/produkt\/festival-jungle-suede-brick\/\" \/>\n<meta property=\"og:site_name\" content=\"ddbags\" \/>\n<meta property=\"og:image\" content=\"https:\/\/ddbags.nl\/wp-content\/uploads\/2025\/06\/IMG_8554-scaled.jpg\" \/>\n\t<meta property=\"og:image:width\" content=\"1920\" \/>\n\t<meta property=\"og:image:height\" content=\"1280\" \/>\n\t<meta property=\"og:image:type\" content=\"image\/jpeg\" \/>\n<meta name=\"twitter:card\" content=\"summary_large_image\" \/>\n<meta name=\"twitter:label1\" content=\"Gesch\u00e4tzte Lesezeit\" \/>\n\t<meta name=\"twitter:data1\" content=\"2\u00a0Minuten\" \/>\n<script type=\"application\/ld+json\" class=\"yoast-schema-graph\">{\"@context\":\"https:\\\/\\\/schema.org\",\"@graph\":[{\"@type\":\"WebPage\",\"@id\":\"https:\\\/\\\/ddbags.nl\\\/de\\\/produkt\\\/festival-jungle-suede-brick\\\/\",\"url\":\"https:\\\/\\\/ddbags.nl\\\/de\\\/produkt\\\/festival-jungle-suede-brick\\\/\",\"name\":\"DIY-Crossbody Tasche FESTIVAL \u2013 Leder Tasche &amp; Portemonnaie\",\"isPartOf\":{\"@id\":\"https:\\\/\\\/ddbags.nl\\\/de\\\/#website\"},\"primaryImageOfPage\":{\"@id\":\"https:\\\/\\\/ddbags.nl\\\/de\\\/produkt\\\/festival-jungle-suede-brick\\\/#primaryimage\"},\"image\":{\"@id\":\"https:\\\/\\\/ddbags.nl\\\/de\\\/produkt\\\/festival-jungle-suede-brick\\\/#primaryimage\"},\"thumbnailUrl\":\"https:\\\/\\\/ddbags.nl\\\/wp-content\\\/uploads\\\/2025\\\/06\\\/IMG_8554-scaled.jpg\",\"datePublished\":\"2026-03-31T08:07:35+00:00\",\"description\":\"N\u00e4he deine DIY-Crossbody Tasche FESTIVAL aus Leder mit passendem Portemonnaie. Komplettes DIY-Set mit allen Materialien und bebilderter Anleitung.\",\"breadcrumb\":{\"@id\":\"https:\\\/\\\/ddbags.nl\\\/de\\\/produkt\\\/festival-jungle-suede-brick\\\/#breadcrumb\"},\"inLanguage\":\"de\",\"potentialAction\":[{\"@type\":\"ReadAction\",\"target\":[\"https:\\\/\\\/ddbags.nl\\\/de\\\/produkt\\\/festival-jungle-suede-brick\\\/\"]}]},{\"@type\":\"ImageObject\",\"inLanguage\":\"de\",\"@id\":\"https:\\\/\\\/ddbags.nl\\\/de\\\/produkt\\\/festival-jungle-suede-brick\\\/#primaryimage\",\"url\":\"https:\\\/\\\/ddbags.nl\\\/wp-content\\\/uploads\\\/2025\\\/06\\\/IMG_8554-scaled.jpg\",\"contentUrl\":\"https:\\\/\\\/ddbags.nl\\\/wp-content\\\/uploads\\\/2025\\\/06\\\/IMG_8554-scaled.jpg\",\"width\":1920,\"height\":1280},{\"@type\":\"BreadcrumbList\",\"@id\":\"https:\\\/\\\/ddbags.nl\\\/de\\\/produkt\\\/festival-jungle-suede-brick\\\/#breadcrumb\",\"itemListElement\":[{\"@type\":\"ListItem\",\"position\":1,\"name\":\"Home\",\"item\":\"https:\\\/\\\/ddbags.nl\\\/de\\\/home\\\/\"},{\"@type\":\"ListItem\",\"position\":2,\"name\":\"Shop\",\"item\":\"https:\\\/\\\/ddbags.nl\\\/de\\\/shop\\\/\"},{\"@type\":\"ListItem\",\"position\":3,\"name\":\"FESTIVAL &#8211; Jungle Suede Brick\"}]},{\"@type\":\"WebSite\",\"@id\":\"https:\\\/\\\/ddbags.nl\\\/de\\\/#website\",\"url\":\"https:\\\/\\\/ddbags.nl\\\/de\\\/\",\"name\":\"DDBags\",\"description\":\"Maak je eigen leren tas!\",\"publisher\":{\"@id\":\"https:\\\/\\\/ddbags.nl\\\/de\\\/#organization\"},\"potentialAction\":[{\"@type\":\"SearchAction\",\"target\":{\"@type\":\"EntryPoint\",\"urlTemplate\":\"https:\\\/\\\/ddbags.nl\\\/de\\\/?s={search_term_string}\"},\"query-input\":{\"@type\":\"PropertyValueSpecification\",\"valueRequired\":true,\"valueName\":\"search_term_string\"}}],\"inLanguage\":\"de\"},{\"@type\":\"Organization\",\"@id\":\"https:\\\/\\\/ddbags.nl\\\/de\\\/#organization\",\"name\":\"DDBags\",\"url\":\"https:\\\/\\\/ddbags.nl\\\/de\\\/\",\"logo\":{\"@type\":\"ImageObject\",\"inLanguage\":\"de\",\"@id\":\"https:\\\/\\\/ddbags.nl\\\/de\\\/#\\\/schema\\\/logo\\\/image\\\/\",\"url\":\"https:\\\/\\\/ddbags.nl\\\/wp-content\\\/uploads\\\/2025\\\/04\\\/logo-ddbags.svg\",\"contentUrl\":\"https:\\\/\\\/ddbags.nl\\\/wp-content\\\/uploads\\\/2025\\\/04\\\/logo-ddbags.svg\",\"width\":174,\"height\":82,\"caption\":\"DDBags\"},\"image\":{\"@id\":\"https:\\\/\\\/ddbags.nl\\\/de\\\/#\\\/schema\\\/logo\\\/image\\\/\"}}]}<\/script>\n<!-- \/ Yoast SEO plugin. -->","yoast_head_json":{"title":"DIY-Crossbody Tasche FESTIVAL \u2013 Leder Tasche &amp; Portemonnaie","description":"N\u00e4he deine DIY-Crossbody Tasche FESTIVAL aus Leder mit passendem Portemonnaie. Komplettes DIY-Set mit allen Materialien und bebilderter Anleitung.","robots":{"index":"index","follow":"follow","max-snippet":"max-snippet:-1","max-image-preview":"max-image-preview:large","max-video-preview":"max-video-preview:-1"},"canonical":"https:\/\/ddbags.nl\/de\/produkt\/festival-jungle-suede-brick\/","og_locale":"de_DE","og_type":"article","og_title":"DIY-Crossbody Tasche FESTIVAL \u2013 Leder Tasche &amp; Portemonnaie","og_description":"N\u00e4he deine DIY-Crossbody Tasche FESTIVAL aus Leder mit passendem Portemonnaie. Komplettes DIY-Set mit allen Materialien und bebilderter Anleitung.","og_url":"https:\/\/ddbags.nl\/de\/produkt\/festival-jungle-suede-brick\/","og_site_name":"ddbags","og_image":[{"width":1920,"height":1280,"url":"https:\/\/ddbags.nl\/wp-content\/uploads\/2025\/06\/IMG_8554-scaled.jpg","type":"image\/jpeg"}],"twitter_card":"summary_large_image","twitter_misc":{"Gesch\u00e4tzte Lesezeit":"2\u00a0Minuten"},"schema":{"@context":"https:\/\/schema.org","@graph":[{"@type":"WebPage","@id":"https:\/\/ddbags.nl\/de\/produkt\/festival-jungle-suede-brick\/","url":"https:\/\/ddbags.nl\/de\/produkt\/festival-jungle-suede-brick\/","name":"DIY-Crossbody Tasche FESTIVAL \u2013 Leder Tasche &amp; Portemonnaie","isPartOf":{"@id":"https:\/\/ddbags.nl\/de\/#website"},"primaryImageOfPage":{"@id":"https:\/\/ddbags.nl\/de\/produkt\/festival-jungle-suede-brick\/#primaryimage"},"image":{"@id":"https:\/\/ddbags.nl\/de\/produkt\/festival-jungle-suede-brick\/#primaryimage"},"thumbnailUrl":"https:\/\/ddbags.nl\/wp-content\/uploads\/2025\/06\/IMG_8554-scaled.jpg","datePublished":"2026-03-31T08:07:35+00:00","description":"N\u00e4he deine DIY-Crossbody Tasche FESTIVAL aus Leder mit passendem Portemonnaie. Komplettes DIY-Set mit allen Materialien und bebilderter Anleitung.","breadcrumb":{"@id":"https:\/\/ddbags.nl\/de\/produkt\/festival-jungle-suede-brick\/#breadcrumb"},"inLanguage":"de","potentialAction":[{"@type":"ReadAction","target":["https:\/\/ddbags.nl\/de\/produkt\/festival-jungle-suede-brick\/"]}]},{"@type":"ImageObject","inLanguage":"de","@id":"https:\/\/ddbags.nl\/de\/produkt\/festival-jungle-suede-brick\/#primaryimage","url":"https:\/\/ddbags.nl\/wp-content\/uploads\/2025\/06\/IMG_8554-scaled.jpg","contentUrl":"https:\/\/ddbags.nl\/wp-content\/uploads\/2025\/06\/IMG_8554-scaled.jpg","width":1920,"height":1280},{"@type":"BreadcrumbList","@id":"https:\/\/ddbags.nl\/de\/produkt\/festival-jungle-suede-brick\/#breadcrumb","itemListElement":[{"@type":"ListItem","position":1,"name":"Home","item":"https:\/\/ddbags.nl\/de\/home\/"},{"@type":"ListItem","position":2,"name":"Shop","item":"https:\/\/ddbags.nl\/de\/shop\/"},{"@type":"ListItem","position":3,"name":"FESTIVAL &#8211; Jungle Suede Brick"}]},{"@type":"WebSite","@id":"https:\/\/ddbags.nl\/de\/#website","url":"https:\/\/ddbags.nl\/de\/","name":"DDBags","description":"Maak je eigen leren tas!","publisher":{"@id":"https:\/\/ddbags.nl\/de\/#organization"},"potentialAction":[{"@type":"SearchAction","target":{"@type":"EntryPoint","urlTemplate":"https:\/\/ddbags.nl\/de\/?s={search_term_string}"},"query-input":{"@type":"PropertyValueSpecification","valueRequired":true,"valueName":"search_term_string"}}],"inLanguage":"de"},{"@type":"Organization","@id":"https:\/\/ddbags.nl\/de\/#organization","name":"DDBags","url":"https:\/\/ddbags.nl\/de\/","logo":{"@type":"ImageObject","inLanguage":"de","@id":"https:\/\/ddbags.nl\/de\/#\/schema\/logo\/image\/","url":"https:\/\/ddbags.nl\/wp-content\/uploads\/2025\/04\/logo-ddbags.svg","contentUrl":"https:\/\/ddbags.nl\/wp-content\/uploads\/2025\/04\/logo-ddbags.svg","width":174,"height":82,"caption":"DDBags"},"image":{"@id":"https:\/\/ddbags.nl\/de\/#\/schema\/logo\/image\/"}}]}},"_links":{"self":[{"href":"https:\/\/ddbags.nl\/de\/wp-json\/wp\/v2\/product\/18638","targetHints":{"allow":["GET"]}}],"collection":[{"href":"https:\/\/ddbags.nl\/de\/wp-json\/wp\/v2\/product"}],"about":[{"href":"https:\/\/ddbags.nl\/de\/wp-json\/wp\/v2\/types\/product"}],"wp:featuredmedia":[{"embeddable":true,"href":"https:\/\/ddbags.nl\/de\/wp-json\/wp\/v2\/media\/17751"}],"wp:attachment":[{"href":"https:\/\/ddbags.nl\/de\/wp-json\/wp\/v2\/media?parent=18638"}],"wp:term":[{"taxonomy":"product_brand","embeddable":true,"href":"https:\/\/ddbags.nl\/de\/wp-json\/wp\/v2\/product_brand?post=18638"},{"taxonomy":"product_cat","embeddable":true,"href":"https:\/\/ddbags.nl\/de\/wp-json\/wp\/v2\/product_cat?post=18638"},{"taxonomy":"product_tag","embeddable":true,"href":"https:\/\/ddbags.nl\/de\/wp-json\/wp\/v2\/product_tag?post=18638"}],"curies":[{"name":"wp","href":"https:\/\/api.w.org\/{rel}","templated":true}]}}