{"id":18635,"date":"2025-06-20T11:49:04","date_gmt":"2025-06-20T09:49:04","guid":{"rendered":"https:\/\/ddbags.nl\/product\/diy-crossbody-tas-yill-jungle-suede-ocean\/"},"modified":"2025-09-24T11:34:04","modified_gmt":"2025-09-24T09:34:04","slug":"yill-jungle-suede-ocean","status":"publish","type":"product","link":"https:\/\/ddbags.nl\/de\/produkt\/yill-jungle-suede-ocean\/","title":{"rendered":"YILL &#8211; Jungle Suede Ocean"},"content":{"rendered":"<p>Mit dieser <strong>DIY-Crossbody Tasche YILL<\/strong> fertigst du im Handumdrehen deine eigene Ledertasche an \u2013 ein kreatives Projekt f\u00fcr alle, die eine Crossbody Bag selber machen m\u00f6chten.<\/p>\n<p>Diese DIY-Crossbody Tasche YILL ist ein Modell, das ich selbst entworfen und entwickelt habe. Es ist eine minimalistische Tasche ohne unn\u00f6tigen Schnickschnack, ideal f\u00fcr alle, die eine Ledertasche n\u00e4hen wollen. Die Tasche ist in verschiedenen hochwertigen Lederarten erh\u00e4ltlich.<\/p>\n<p>Tipp: Wenn du ein Modell mit passendem Portemonnaie n\u00e4hen m\u00f6chtest, sieh dir auch unsere <a href=\"https:\/\/ddbags.nl\/de\/kategorie\/diy-crossbody-taschen\/vanity-flair\/\">DIY-Crossbody Tasche Vanity Flair<\/a> oder die <a href=\"https:\/\/ddbags.nl\/de\/kategorie\/diy-crossbody-taschen\/festival\/\">DIY-Crossbody Tasche FESTIVAL<\/a> an.<\/p>\n<p>Sie bietet gen\u00fcgend Platz, um all deine wichtigen Dinge mitzunehmen, und hat ein praktisches Hauptfach.<\/p>\n<h4><strong>Wie l\u00e4uft das N\u00e4hen dieser Tasche ab?<\/strong><\/h4>\n<p>Durch die einzigartige Zusammenstellung des <a href=\"https:\/\/ddbags.nl\/de\/diy-pakketten\/\"><strong>DIY Sets<\/strong><\/a> kannst du eigentlich nichts falsch machen. Die Schnittmuster sind pr\u00e4zise gestanzt und alle ben\u00f6tigten Kurzwaren und Teile sind enthalten.<br \/>\nMit Hilfe einer klaren \u201eSchritt-f\u00fcr-Schritt\u201c-Anleitung \u2013 mit vielen Fotos versehen \u2013 kannst du diese DIY Tasche aus Leder problemlos selbst herstellen.<\/p>\n<h4><strong>Wie erhalte ich diese N\u00e4hanleitung?<\/strong><\/h4>\n<p>Diese <strong>Anleitung<\/strong> ist <a href=\"https:\/\/ddbags.nl\/wp-content\/uploads\/2025\/08\/Werkbeschrijving_YILL_DE_online.pdf\"><strong>hier<\/strong><\/a> herunterzuladen.<\/p>\n<h4><strong>Ma\u00dfe der fertigen Tasche<\/strong><\/h4>\n<p><strong>Die Ma\u00dfe dieser Crossbody Bag sind:<\/strong><\/p>\n<ul>\n<li>Breite: 22 cm<\/li>\n<li>H\u00f6he: 15 cm<\/li>\n<li>Tiefe: 6 cm<\/li>\n<\/ul>\n<h4><strong>Wie viel Zeit brauchst du?<\/strong><\/h4>\n<p>Die durchschnittliche Arbeitszeit betr\u00e4gt ca. 3 Stunden \u2013 perfekt f\u00fcr ein Wochenendprojekt.<\/p>\n<h4><strong>Das ist im DIY-Crossbody Tasche YILL Set enthalten:<\/strong><\/h4>\n<ul>\n<li>Gestanzte Lederzuschnitte (6 St\u00fcck)<\/li>\n<li>Verstellbarer Trageriemen (2-teilig)<\/li>\n<li>Karabinerhaken \u2013 2 St.<\/li>\n<li>Ringe \u2013 2 St.<\/li>\n<li>Schnalle \u2013 1 St.<\/li>\n<li>Verschluss \u2013 1 St.<\/li>\n<li>3 Schraubnieten<\/li>\n<li>7 Meter Garn und Nadel<\/li>\n<\/ul>\n<h4><strong>Welches Werkzeug brauchst du zum Selbermachen der <strong>DIY-Crossbody Tasche YILL<\/strong> (nicht im Set enthalten)<\/strong><\/h4>\n<ul>\n<li>Kleiner Hammer<\/li>\n<li>Schraubendreher<\/li>\n<li>Ma\u00dfband<\/li>\n<li>Stift oder Marker mit feiner Spitze (wei\u00df empfohlen)<\/li>\n<li>Lochzange<\/li>\n<li>Schere<\/li>\n<li>Feuerzeug<\/li>\n<\/ul>\n<p>&nbsp;<\/p>\n<p>Leder ist ein Naturprodukt. Das bedeutet, dass es IMMER kleine Abweichungen in Farbe oder Muster geben kann.<\/p>\n<p>Lieferzeit: 2\u20133 Werktage<\/p>\n<div class=\"resp-tabs-container\">\n<div id=\"tab-description\" class=\"tab-content resp-tab-content resp-tab-content-active\" aria-labelledby=\"tab_item-0\">\n<h4 style=\"text-align: center;\"><em>\u201eViel Spa\u00df beim N\u00e4hen deiner DIY-Crossbody Tasche YILL! &#8222;<\/em><\/h4>\n<p style=\"text-align: center;\">entdecke jetzt auch unsere <a href=\"https:\/\/ddbags.nl\/de\/diy-pakketten\/\">anderen DIY-Taschenmodelle<\/a><\/p>\n<\/div>\n<\/div>\n","protected":false},"excerpt":{"rendered":"<p>Minimalistische <strong>DIY Crossbody Tasche YILL<\/strong> aus Leder. Komplettes N\u00e4hset mit allen Materialien und klarer &#8222;Schritt-f\u00fcr-Schritt&#8220;\u00a0 <a href=\"https:\/\/ddbags.nl\/wp-content\/uploads\/2025\/08\/Werkbeschrijving_YILL_DE_online.pdf\"><strong>Anleitung<\/strong><\/a> \u2013 perfekt f\u00fcr Anf\u00e4nger und Wochenendprojekte.<\/p>\n","protected":false},"featured_media":21591,"template":"","meta":[],"product_brand":[],"product_cat":[157,163],"product_tag":[],"class_list":{"0":"post-18635","1":"product","2":"type-product","3":"status-publish","4":"has-post-thumbnail","6":"product_cat-diy-crossbody-taschen","7":"product_cat-diy-crossbody-tasche-yill","9":"first","10":"instock","11":"taxable","12":"shipping-taxable","13":"purchasable","14":"product-type-variable"},"yoast_head":"<!-- This site is optimized with the Yoast SEO plugin v27.4 - https:\/\/yoast.com\/product\/yoast-seo-wordpress\/ -->\n<title>YILL - Jungle Suede Ocean - ddbags<\/title>\n<meta name=\"description\" content=\"DIY-Crossbody Tas YILL voorzien van een duidelijke\u00a0werkbeschrijving\u00a0met foto\u2019s. Met dit\u00a0DIY-Pakket\u00a0maak jij in een handomdraai je eigen tas.\" \/>\n<meta name=\"robots\" content=\"index, follow, max-snippet:-1, max-image-preview:large, max-video-preview:-1\" \/>\n<link rel=\"canonical\" href=\"https:\/\/ddbags.nl\/de\/produkt\/yill-jungle-suede-ocean\/\" \/>\n<meta property=\"og:locale\" content=\"de_DE\" \/>\n<meta property=\"og:type\" content=\"article\" \/>\n<meta property=\"og:title\" content=\"YILL - Jungle Suede Ocean - ddbags\" \/>\n<meta property=\"og:description\" content=\"DIY-Crossbody Tas YILL voorzien van een duidelijke\u00a0werkbeschrijving\u00a0met foto\u2019s. Met dit\u00a0DIY-Pakket\u00a0maak jij in een handomdraai je eigen tas.\" \/>\n<meta property=\"og:url\" content=\"https:\/\/ddbags.nl\/de\/produkt\/yill-jungle-suede-ocean\/\" \/>\n<meta property=\"og:site_name\" content=\"ddbags\" \/>\n<meta property=\"article:modified_time\" content=\"2025-09-24T09:34:04+00:00\" \/>\n<meta property=\"og:image\" content=\"https:\/\/ddbags.nl\/wp-content\/uploads\/2025\/09\/DIY-Crossbody-Tas-YILL_jungle_suede_navy_1.webp\" \/>\n\t<meta property=\"og:image:width\" content=\"1600\" \/>\n\t<meta property=\"og:image:height\" content=\"1143\" \/>\n\t<meta property=\"og:image:type\" content=\"image\/webp\" \/>\n<meta name=\"twitter:card\" content=\"summary_large_image\" \/>\n<meta name=\"twitter:label1\" content=\"Gesch\u00e4tzte Lesezeit\" \/>\n\t<meta name=\"twitter:data1\" content=\"2\u00a0Minuten\" \/>\n<script type=\"application\/ld+json\" class=\"yoast-schema-graph\">{\"@context\":\"https:\\\/\\\/schema.org\",\"@graph\":[{\"@type\":\"WebPage\",\"@id\":\"https:\\\/\\\/ddbags.nl\\\/de\\\/produkt\\\/yill-jungle-suede-ocean\\\/\",\"url\":\"https:\\\/\\\/ddbags.nl\\\/de\\\/produkt\\\/yill-jungle-suede-ocean\\\/\",\"name\":\"YILL - Jungle Suede Ocean - ddbags\",\"isPartOf\":{\"@id\":\"https:\\\/\\\/ddbags.nl\\\/de\\\/#website\"},\"primaryImageOfPage\":{\"@id\":\"https:\\\/\\\/ddbags.nl\\\/de\\\/produkt\\\/yill-jungle-suede-ocean\\\/#primaryimage\"},\"image\":{\"@id\":\"https:\\\/\\\/ddbags.nl\\\/de\\\/produkt\\\/yill-jungle-suede-ocean\\\/#primaryimage\"},\"thumbnailUrl\":\"https:\\\/\\\/ddbags.nl\\\/wp-content\\\/uploads\\\/2025\\\/09\\\/DIY-Crossbody-Tas-YILL_jungle_suede_navy_1.webp\",\"datePublished\":\"2025-06-20T09:49:04+00:00\",\"dateModified\":\"2025-09-24T09:34:04+00:00\",\"description\":\"DIY-Crossbody Tas YILL voorzien van een duidelijke\u00a0werkbeschrijving\u00a0met foto\u2019s. Met dit\u00a0DIY-Pakket\u00a0maak jij in een handomdraai je eigen tas.\",\"breadcrumb\":{\"@id\":\"https:\\\/\\\/ddbags.nl\\\/de\\\/produkt\\\/yill-jungle-suede-ocean\\\/#breadcrumb\"},\"inLanguage\":\"de\",\"potentialAction\":[{\"@type\":\"ReadAction\",\"target\":[\"https:\\\/\\\/ddbags.nl\\\/de\\\/produkt\\\/yill-jungle-suede-ocean\\\/\"]}]},{\"@type\":\"ImageObject\",\"inLanguage\":\"de\",\"@id\":\"https:\\\/\\\/ddbags.nl\\\/de\\\/produkt\\\/yill-jungle-suede-ocean\\\/#primaryimage\",\"url\":\"https:\\\/\\\/ddbags.nl\\\/wp-content\\\/uploads\\\/2025\\\/09\\\/DIY-Crossbody-Tas-YILL_jungle_suede_navy_1.webp\",\"contentUrl\":\"https:\\\/\\\/ddbags.nl\\\/wp-content\\\/uploads\\\/2025\\\/09\\\/DIY-Crossbody-Tas-YILL_jungle_suede_navy_1.webp\",\"width\":1600,\"height\":1143},{\"@type\":\"BreadcrumbList\",\"@id\":\"https:\\\/\\\/ddbags.nl\\\/de\\\/produkt\\\/yill-jungle-suede-ocean\\\/#breadcrumb\",\"itemListElement\":[{\"@type\":\"ListItem\",\"position\":1,\"name\":\"Home\",\"item\":\"https:\\\/\\\/ddbags.nl\\\/de\\\/home\\\/\"},{\"@type\":\"ListItem\",\"position\":2,\"name\":\"Shop\",\"item\":\"https:\\\/\\\/ddbags.nl\\\/de\\\/shop\\\/\"},{\"@type\":\"ListItem\",\"position\":3,\"name\":\"YILL &#8211; Jungle Suede Ocean\"}]},{\"@type\":\"WebSite\",\"@id\":\"https:\\\/\\\/ddbags.nl\\\/de\\\/#website\",\"url\":\"https:\\\/\\\/ddbags.nl\\\/de\\\/\",\"name\":\"DDBags\",\"description\":\"Maak je eigen leren tas!\",\"publisher\":{\"@id\":\"https:\\\/\\\/ddbags.nl\\\/de\\\/#organization\"},\"potentialAction\":[{\"@type\":\"SearchAction\",\"target\":{\"@type\":\"EntryPoint\",\"urlTemplate\":\"https:\\\/\\\/ddbags.nl\\\/de\\\/?s={search_term_string}\"},\"query-input\":{\"@type\":\"PropertyValueSpecification\",\"valueRequired\":true,\"valueName\":\"search_term_string\"}}],\"inLanguage\":\"de\"},{\"@type\":\"Organization\",\"@id\":\"https:\\\/\\\/ddbags.nl\\\/de\\\/#organization\",\"name\":\"DDBags\",\"url\":\"https:\\\/\\\/ddbags.nl\\\/de\\\/\",\"logo\":{\"@type\":\"ImageObject\",\"inLanguage\":\"de\",\"@id\":\"https:\\\/\\\/ddbags.nl\\\/de\\\/#\\\/schema\\\/logo\\\/image\\\/\",\"url\":\"https:\\\/\\\/ddbags.nl\\\/wp-content\\\/uploads\\\/2025\\\/04\\\/logo-ddbags.svg\",\"contentUrl\":\"https:\\\/\\\/ddbags.nl\\\/wp-content\\\/uploads\\\/2025\\\/04\\\/logo-ddbags.svg\",\"width\":174,\"height\":82,\"caption\":\"DDBags\"},\"image\":{\"@id\":\"https:\\\/\\\/ddbags.nl\\\/de\\\/#\\\/schema\\\/logo\\\/image\\\/\"}}]}<\/script>\n<!-- \/ Yoast SEO plugin. -->","yoast_head_json":{"title":"YILL - Jungle Suede Ocean - ddbags","description":"DIY-Crossbody Tas YILL voorzien van een duidelijke\u00a0werkbeschrijving\u00a0met foto\u2019s. Met dit\u00a0DIY-Pakket\u00a0maak jij in een handomdraai je eigen tas.","robots":{"index":"index","follow":"follow","max-snippet":"max-snippet:-1","max-image-preview":"max-image-preview:large","max-video-preview":"max-video-preview:-1"},"canonical":"https:\/\/ddbags.nl\/de\/produkt\/yill-jungle-suede-ocean\/","og_locale":"de_DE","og_type":"article","og_title":"YILL - Jungle Suede Ocean - ddbags","og_description":"DIY-Crossbody Tas YILL voorzien van een duidelijke\u00a0werkbeschrijving\u00a0met foto\u2019s. Met dit\u00a0DIY-Pakket\u00a0maak jij in een handomdraai je eigen tas.","og_url":"https:\/\/ddbags.nl\/de\/produkt\/yill-jungle-suede-ocean\/","og_site_name":"ddbags","article_modified_time":"2025-09-24T09:34:04+00:00","og_image":[{"width":1600,"height":1143,"url":"https:\/\/ddbags.nl\/wp-content\/uploads\/2025\/09\/DIY-Crossbody-Tas-YILL_jungle_suede_navy_1.webp","type":"image\/webp"}],"twitter_card":"summary_large_image","twitter_misc":{"Gesch\u00e4tzte Lesezeit":"2\u00a0Minuten"},"schema":{"@context":"https:\/\/schema.org","@graph":[{"@type":"WebPage","@id":"https:\/\/ddbags.nl\/de\/produkt\/yill-jungle-suede-ocean\/","url":"https:\/\/ddbags.nl\/de\/produkt\/yill-jungle-suede-ocean\/","name":"YILL - Jungle Suede Ocean - ddbags","isPartOf":{"@id":"https:\/\/ddbags.nl\/de\/#website"},"primaryImageOfPage":{"@id":"https:\/\/ddbags.nl\/de\/produkt\/yill-jungle-suede-ocean\/#primaryimage"},"image":{"@id":"https:\/\/ddbags.nl\/de\/produkt\/yill-jungle-suede-ocean\/#primaryimage"},"thumbnailUrl":"https:\/\/ddbags.nl\/wp-content\/uploads\/2025\/09\/DIY-Crossbody-Tas-YILL_jungle_suede_navy_1.webp","datePublished":"2025-06-20T09:49:04+00:00","dateModified":"2025-09-24T09:34:04+00:00","description":"DIY-Crossbody Tas YILL voorzien van een duidelijke\u00a0werkbeschrijving\u00a0met foto\u2019s. Met dit\u00a0DIY-Pakket\u00a0maak jij in een handomdraai je eigen tas.","breadcrumb":{"@id":"https:\/\/ddbags.nl\/de\/produkt\/yill-jungle-suede-ocean\/#breadcrumb"},"inLanguage":"de","potentialAction":[{"@type":"ReadAction","target":["https:\/\/ddbags.nl\/de\/produkt\/yill-jungle-suede-ocean\/"]}]},{"@type":"ImageObject","inLanguage":"de","@id":"https:\/\/ddbags.nl\/de\/produkt\/yill-jungle-suede-ocean\/#primaryimage","url":"https:\/\/ddbags.nl\/wp-content\/uploads\/2025\/09\/DIY-Crossbody-Tas-YILL_jungle_suede_navy_1.webp","contentUrl":"https:\/\/ddbags.nl\/wp-content\/uploads\/2025\/09\/DIY-Crossbody-Tas-YILL_jungle_suede_navy_1.webp","width":1600,"height":1143},{"@type":"BreadcrumbList","@id":"https:\/\/ddbags.nl\/de\/produkt\/yill-jungle-suede-ocean\/#breadcrumb","itemListElement":[{"@type":"ListItem","position":1,"name":"Home","item":"https:\/\/ddbags.nl\/de\/home\/"},{"@type":"ListItem","position":2,"name":"Shop","item":"https:\/\/ddbags.nl\/de\/shop\/"},{"@type":"ListItem","position":3,"name":"YILL &#8211; Jungle Suede Ocean"}]},{"@type":"WebSite","@id":"https:\/\/ddbags.nl\/de\/#website","url":"https:\/\/ddbags.nl\/de\/","name":"DDBags","description":"Maak je eigen leren tas!","publisher":{"@id":"https:\/\/ddbags.nl\/de\/#organization"},"potentialAction":[{"@type":"SearchAction","target":{"@type":"EntryPoint","urlTemplate":"https:\/\/ddbags.nl\/de\/?s={search_term_string}"},"query-input":{"@type":"PropertyValueSpecification","valueRequired":true,"valueName":"search_term_string"}}],"inLanguage":"de"},{"@type":"Organization","@id":"https:\/\/ddbags.nl\/de\/#organization","name":"DDBags","url":"https:\/\/ddbags.nl\/de\/","logo":{"@type":"ImageObject","inLanguage":"de","@id":"https:\/\/ddbags.nl\/de\/#\/schema\/logo\/image\/","url":"https:\/\/ddbags.nl\/wp-content\/uploads\/2025\/04\/logo-ddbags.svg","contentUrl":"https:\/\/ddbags.nl\/wp-content\/uploads\/2025\/04\/logo-ddbags.svg","width":174,"height":82,"caption":"DDBags"},"image":{"@id":"https:\/\/ddbags.nl\/de\/#\/schema\/logo\/image\/"}}]}},"_links":{"self":[{"href":"https:\/\/ddbags.nl\/de\/wp-json\/wp\/v2\/product\/18635","targetHints":{"allow":["GET"]}}],"collection":[{"href":"https:\/\/ddbags.nl\/de\/wp-json\/wp\/v2\/product"}],"about":[{"href":"https:\/\/ddbags.nl\/de\/wp-json\/wp\/v2\/types\/product"}],"wp:featuredmedia":[{"embeddable":true,"href":"https:\/\/ddbags.nl\/de\/wp-json\/wp\/v2\/media\/21591"}],"wp:attachment":[{"href":"https:\/\/ddbags.nl\/de\/wp-json\/wp\/v2\/media?parent=18635"}],"wp:term":[{"taxonomy":"product_brand","embeddable":true,"href":"https:\/\/ddbags.nl\/de\/wp-json\/wp\/v2\/product_brand?post=18635"},{"taxonomy":"product_cat","embeddable":true,"href":"https:\/\/ddbags.nl\/de\/wp-json\/wp\/v2\/product_cat?post=18635"},{"taxonomy":"product_tag","embeddable":true,"href":"https:\/\/ddbags.nl\/de\/wp-json\/wp\/v2\/product_tag?post=18635"}],"curies":[{"name":"wp","href":"https:\/\/api.w.org\/{rel}","templated":true}]}}