{"id":18631,"date":"2025-06-20T11:49:04","date_gmt":"2025-06-20T09:49:04","guid":{"rendered":"https:\/\/ddbags.nl\/product\/cadeaubon-25-euro\/"},"modified":"2025-09-05T15:53:28","modified_gmt":"2025-09-05T13:53:28","slug":"gift-card-25-euro","status":"publish","type":"product","link":"https:\/\/ddbags.nl\/de\/produkt\/gift-card-25-euro\/","title":{"rendered":"Gift Card 25 EURO"},"content":{"rendered":"<h4><strong>Verschenke Kreativit\u00e4t mit dem ddbags Gutschein im Wert von \u20ac25<\/strong><\/h4>\n<p>Suchst du ein originelles Geschenk f\u00fcr Geburtstag, Feiertage oder einfach so? Mit diesem **Gutschein im Wert von \u20ac25** schenkst du freie Auswahl aus unserem kreativen Sortiment. Bei ddbags findest du komplette <a href=\"https:\/\/ddbags.nl\/de\/diy-pakketten\/\">DIY-Sets<\/a>, um eine Ledertasche, Geldb\u00f6rse oder ein Accessoire selbst herzustellen \u2013 inklusive aller Materialien und einer leicht verst\u00e4ndlichen Schritt-f\u00fcr-Schritt-Anleitung.<\/p>\n<h4><strong>So funktioniert es<\/strong><\/h4>\n<p>Nach dem Kauf erh\u00e4ltst du den Gutschein digital oder per Post. Der Beschenkte kann den Gutschein ganz einfach in unserem Onlineshop einl\u00f6sen, indem er den pers\u00f6nlichen Gutscheincode im Warenkorb eingibt. Der Gutschein ist g\u00fcltig f\u00fcr alle Produkte, unter anderem:<\/p>\n<ul>\n<li>DIY-Sets f\u00fcr Ledertaschen<\/li>\n<li>DIY-Accessoire-Kits<\/li>\n<li><a href=\"https:\/\/ddbags.nl\/de\/workshops\/\">Workshops<\/a> in unserem Atelier in Winterswijk<\/li>\n<li>Einzelne Materialien und Zubeh\u00f6r<\/li>\n<\/ul>\n<h4><strong>Vorteile des ddbags Gutscheins<\/strong><\/h4>\n<ul>\n<li>Immer das passende Geschenk \u2013 der Empf\u00e4nger w\u00e4hlt selbst<\/li>\n<li>Einl\u00f6sbar f\u00fcr alle Produkte und Workshops<\/li>\n<li>Kreativ und besonders \u2013 ideal f\u00fcr Mode- und Handarbeitsliebhaber<\/li>\n<li>G\u00fcltig f\u00fcr \u20ac25<\/li>\n<\/ul>\n<h4><strong>Bestellung &amp; Versand<\/strong><\/h4>\n<p>Die <strong data-start=\"4\" data-end=\"39\">Geschenkkarte im Wert von 100 \u20ac<\/strong> wird direkt nach der Bezahlung <strong data-start=\"71\" data-end=\"92\">digital versendet<\/strong> und kann von dir selbst ausgedruckt werden. Ideal als <strong data-start=\"158\" data-end=\"182\">Last-Minute-Geschenk<\/strong> oder f\u00fcr einen <strong data-start=\"198\" data-end=\"220\">feierlichen Anlass<\/strong>.<\/p>\n","protected":false},"excerpt":{"rendered":"<p><strong data-start=\"268\" data-end=\"312\">Gift Card im Wert von \u20ac25 \u2013 ddbags<\/strong><br data-start=\"312\" data-end=\"315\" \/>Verschenke Kreativit\u00e4t! Gift Card im Wert von \u20ac25 f\u00fcr DIY-Ledertaschen, Accessoires und Workshops. Perfekt f\u00fcr jeden Anlass.<\/p>\n","protected":false},"featured_media":20827,"template":"","meta":[],"product_brand":[],"product_cat":[152,153],"product_tag":[],"class_list":{"0":"post-18631","1":"product","2":"type-product","3":"status-publish","4":"has-post-thumbnail","6":"product_cat-zubehor","7":"product_cat-gift-cards","9":"first","10":"instock","11":"downloadable","12":"virtual","13":"purchasable","14":"product-type-simple"},"yoast_head":"<!-- This site is optimized with the Yoast SEO plugin v27.4 - https:\/\/yoast.com\/product\/yoast-seo-wordpress\/ -->\n<title>Gift Card \u20ac25 \u2013 ddbags | F\u00fcr DIY-Taschen &amp; Workshops<\/title>\n<meta name=\"description\" content=\"Kreativit\u00e4t verschenken! Gift Card im Wert von \u20ac25 f\u00fcr DIY-Ledertaschen, Accessoires und Workshops bei ddbags. F\u00fcr jeden Anlass das passende Geschenk.\" \/>\n<meta name=\"robots\" content=\"index, follow, max-snippet:-1, max-image-preview:large, max-video-preview:-1\" \/>\n<link rel=\"canonical\" href=\"https:\/\/ddbags.nl\/de\/produkt\/gift-card-25-euro\/\" \/>\n<meta property=\"og:locale\" content=\"de_DE\" \/>\n<meta property=\"og:type\" content=\"article\" \/>\n<meta property=\"og:title\" content=\"Gift Card \u20ac25 \u2013 ddbags | F\u00fcr DIY-Taschen &amp; Workshops\" \/>\n<meta property=\"og:description\" content=\"Kreativit\u00e4t verschenken! Gift Card im Wert von \u20ac25 f\u00fcr DIY-Ledertaschen, Accessoires und Workshops bei ddbags. F\u00fcr jeden Anlass das passende Geschenk.\" \/>\n<meta property=\"og:url\" content=\"https:\/\/ddbags.nl\/de\/produkt\/gift-card-25-euro\/\" \/>\n<meta property=\"og:site_name\" content=\"ddbags\" \/>\n<meta property=\"article:modified_time\" content=\"2025-09-05T13:53:28+00:00\" \/>\n<meta property=\"og:image\" content=\"https:\/\/ddbags.nl\/wp-content\/uploads\/2025\/07\/cadeaubon_25-euro.jpg\" \/>\n\t<meta property=\"og:image:width\" content=\"1400\" \/>\n\t<meta property=\"og:image:height\" content=\"1000\" \/>\n\t<meta property=\"og:image:type\" content=\"image\/jpeg\" \/>\n<meta name=\"twitter:card\" content=\"summary_large_image\" \/>\n<meta name=\"twitter:label1\" content=\"Gesch\u00e4tzte Lesezeit\" \/>\n\t<meta name=\"twitter:data1\" content=\"2\u00a0Minuten\" \/>\n<script type=\"application\/ld+json\" class=\"yoast-schema-graph\">{\"@context\":\"https:\\\/\\\/schema.org\",\"@graph\":[{\"@type\":\"WebPage\",\"@id\":\"https:\\\/\\\/ddbags.nl\\\/de\\\/produkt\\\/gift-card-25-euro\\\/\",\"url\":\"https:\\\/\\\/ddbags.nl\\\/de\\\/produkt\\\/gift-card-25-euro\\\/\",\"name\":\"Gift Card \u20ac25 \u2013 ddbags | F\u00fcr DIY-Taschen & Workshops\",\"isPartOf\":{\"@id\":\"https:\\\/\\\/ddbags.nl\\\/de\\\/#website\"},\"primaryImageOfPage\":{\"@id\":\"https:\\\/\\\/ddbags.nl\\\/de\\\/produkt\\\/gift-card-25-euro\\\/#primaryimage\"},\"image\":{\"@id\":\"https:\\\/\\\/ddbags.nl\\\/de\\\/produkt\\\/gift-card-25-euro\\\/#primaryimage\"},\"thumbnailUrl\":\"https:\\\/\\\/ddbags.nl\\\/wp-content\\\/uploads\\\/2025\\\/07\\\/cadeaubon_25-euro.jpg\",\"datePublished\":\"2025-06-20T09:49:04+00:00\",\"dateModified\":\"2025-09-05T13:53:28+00:00\",\"description\":\"Kreativit\u00e4t verschenken! Gift Card im Wert von \u20ac25 f\u00fcr DIY-Ledertaschen, Accessoires und Workshops bei ddbags. F\u00fcr jeden Anlass das passende Geschenk.\",\"breadcrumb\":{\"@id\":\"https:\\\/\\\/ddbags.nl\\\/de\\\/produkt\\\/gift-card-25-euro\\\/#breadcrumb\"},\"inLanguage\":\"de\",\"potentialAction\":[{\"@type\":\"ReadAction\",\"target\":[\"https:\\\/\\\/ddbags.nl\\\/de\\\/produkt\\\/gift-card-25-euro\\\/\"]}]},{\"@type\":\"ImageObject\",\"inLanguage\":\"de\",\"@id\":\"https:\\\/\\\/ddbags.nl\\\/de\\\/produkt\\\/gift-card-25-euro\\\/#primaryimage\",\"url\":\"https:\\\/\\\/ddbags.nl\\\/wp-content\\\/uploads\\\/2025\\\/07\\\/cadeaubon_25-euro.jpg\",\"contentUrl\":\"https:\\\/\\\/ddbags.nl\\\/wp-content\\\/uploads\\\/2025\\\/07\\\/cadeaubon_25-euro.jpg\",\"width\":1400,\"height\":1000},{\"@type\":\"BreadcrumbList\",\"@id\":\"https:\\\/\\\/ddbags.nl\\\/de\\\/produkt\\\/gift-card-25-euro\\\/#breadcrumb\",\"itemListElement\":[{\"@type\":\"ListItem\",\"position\":1,\"name\":\"Home\",\"item\":\"https:\\\/\\\/ddbags.nl\\\/de\\\/home\\\/\"},{\"@type\":\"ListItem\",\"position\":2,\"name\":\"Shop\",\"item\":\"https:\\\/\\\/ddbags.nl\\\/de\\\/shop\\\/\"},{\"@type\":\"ListItem\",\"position\":3,\"name\":\"Gift Card 25 EURO\"}]},{\"@type\":\"WebSite\",\"@id\":\"https:\\\/\\\/ddbags.nl\\\/de\\\/#website\",\"url\":\"https:\\\/\\\/ddbags.nl\\\/de\\\/\",\"name\":\"DDBags\",\"description\":\"Maak je eigen leren tas!\",\"publisher\":{\"@id\":\"https:\\\/\\\/ddbags.nl\\\/de\\\/#organization\"},\"potentialAction\":[{\"@type\":\"SearchAction\",\"target\":{\"@type\":\"EntryPoint\",\"urlTemplate\":\"https:\\\/\\\/ddbags.nl\\\/de\\\/?s={search_term_string}\"},\"query-input\":{\"@type\":\"PropertyValueSpecification\",\"valueRequired\":true,\"valueName\":\"search_term_string\"}}],\"inLanguage\":\"de\"},{\"@type\":\"Organization\",\"@id\":\"https:\\\/\\\/ddbags.nl\\\/de\\\/#organization\",\"name\":\"DDBags\",\"url\":\"https:\\\/\\\/ddbags.nl\\\/de\\\/\",\"logo\":{\"@type\":\"ImageObject\",\"inLanguage\":\"de\",\"@id\":\"https:\\\/\\\/ddbags.nl\\\/de\\\/#\\\/schema\\\/logo\\\/image\\\/\",\"url\":\"https:\\\/\\\/ddbags.nl\\\/wp-content\\\/uploads\\\/2025\\\/04\\\/logo-ddbags.svg\",\"contentUrl\":\"https:\\\/\\\/ddbags.nl\\\/wp-content\\\/uploads\\\/2025\\\/04\\\/logo-ddbags.svg\",\"width\":174,\"height\":82,\"caption\":\"DDBags\"},\"image\":{\"@id\":\"https:\\\/\\\/ddbags.nl\\\/de\\\/#\\\/schema\\\/logo\\\/image\\\/\"}}]}<\/script>\n<!-- \/ Yoast SEO plugin. -->","yoast_head_json":{"title":"Gift Card \u20ac25 \u2013 ddbags | F\u00fcr DIY-Taschen & Workshops","description":"Kreativit\u00e4t verschenken! Gift Card im Wert von \u20ac25 f\u00fcr DIY-Ledertaschen, Accessoires und Workshops bei ddbags. F\u00fcr jeden Anlass das passende Geschenk.","robots":{"index":"index","follow":"follow","max-snippet":"max-snippet:-1","max-image-preview":"max-image-preview:large","max-video-preview":"max-video-preview:-1"},"canonical":"https:\/\/ddbags.nl\/de\/produkt\/gift-card-25-euro\/","og_locale":"de_DE","og_type":"article","og_title":"Gift Card \u20ac25 \u2013 ddbags | F\u00fcr DIY-Taschen & Workshops","og_description":"Kreativit\u00e4t verschenken! Gift Card im Wert von \u20ac25 f\u00fcr DIY-Ledertaschen, Accessoires und Workshops bei ddbags. F\u00fcr jeden Anlass das passende Geschenk.","og_url":"https:\/\/ddbags.nl\/de\/produkt\/gift-card-25-euro\/","og_site_name":"ddbags","article_modified_time":"2025-09-05T13:53:28+00:00","og_image":[{"width":1400,"height":1000,"url":"https:\/\/ddbags.nl\/wp-content\/uploads\/2025\/07\/cadeaubon_25-euro.jpg","type":"image\/jpeg"}],"twitter_card":"summary_large_image","twitter_misc":{"Gesch\u00e4tzte Lesezeit":"2\u00a0Minuten"},"schema":{"@context":"https:\/\/schema.org","@graph":[{"@type":"WebPage","@id":"https:\/\/ddbags.nl\/de\/produkt\/gift-card-25-euro\/","url":"https:\/\/ddbags.nl\/de\/produkt\/gift-card-25-euro\/","name":"Gift Card \u20ac25 \u2013 ddbags | F\u00fcr DIY-Taschen & Workshops","isPartOf":{"@id":"https:\/\/ddbags.nl\/de\/#website"},"primaryImageOfPage":{"@id":"https:\/\/ddbags.nl\/de\/produkt\/gift-card-25-euro\/#primaryimage"},"image":{"@id":"https:\/\/ddbags.nl\/de\/produkt\/gift-card-25-euro\/#primaryimage"},"thumbnailUrl":"https:\/\/ddbags.nl\/wp-content\/uploads\/2025\/07\/cadeaubon_25-euro.jpg","datePublished":"2025-06-20T09:49:04+00:00","dateModified":"2025-09-05T13:53:28+00:00","description":"Kreativit\u00e4t verschenken! Gift Card im Wert von \u20ac25 f\u00fcr DIY-Ledertaschen, Accessoires und Workshops bei ddbags. F\u00fcr jeden Anlass das passende Geschenk.","breadcrumb":{"@id":"https:\/\/ddbags.nl\/de\/produkt\/gift-card-25-euro\/#breadcrumb"},"inLanguage":"de","potentialAction":[{"@type":"ReadAction","target":["https:\/\/ddbags.nl\/de\/produkt\/gift-card-25-euro\/"]}]},{"@type":"ImageObject","inLanguage":"de","@id":"https:\/\/ddbags.nl\/de\/produkt\/gift-card-25-euro\/#primaryimage","url":"https:\/\/ddbags.nl\/wp-content\/uploads\/2025\/07\/cadeaubon_25-euro.jpg","contentUrl":"https:\/\/ddbags.nl\/wp-content\/uploads\/2025\/07\/cadeaubon_25-euro.jpg","width":1400,"height":1000},{"@type":"BreadcrumbList","@id":"https:\/\/ddbags.nl\/de\/produkt\/gift-card-25-euro\/#breadcrumb","itemListElement":[{"@type":"ListItem","position":1,"name":"Home","item":"https:\/\/ddbags.nl\/de\/home\/"},{"@type":"ListItem","position":2,"name":"Shop","item":"https:\/\/ddbags.nl\/de\/shop\/"},{"@type":"ListItem","position":3,"name":"Gift Card 25 EURO"}]},{"@type":"WebSite","@id":"https:\/\/ddbags.nl\/de\/#website","url":"https:\/\/ddbags.nl\/de\/","name":"DDBags","description":"Maak je eigen leren tas!","publisher":{"@id":"https:\/\/ddbags.nl\/de\/#organization"},"potentialAction":[{"@type":"SearchAction","target":{"@type":"EntryPoint","urlTemplate":"https:\/\/ddbags.nl\/de\/?s={search_term_string}"},"query-input":{"@type":"PropertyValueSpecification","valueRequired":true,"valueName":"search_term_string"}}],"inLanguage":"de"},{"@type":"Organization","@id":"https:\/\/ddbags.nl\/de\/#organization","name":"DDBags","url":"https:\/\/ddbags.nl\/de\/","logo":{"@type":"ImageObject","inLanguage":"de","@id":"https:\/\/ddbags.nl\/de\/#\/schema\/logo\/image\/","url":"https:\/\/ddbags.nl\/wp-content\/uploads\/2025\/04\/logo-ddbags.svg","contentUrl":"https:\/\/ddbags.nl\/wp-content\/uploads\/2025\/04\/logo-ddbags.svg","width":174,"height":82,"caption":"DDBags"},"image":{"@id":"https:\/\/ddbags.nl\/de\/#\/schema\/logo\/image\/"}}]}},"_links":{"self":[{"href":"https:\/\/ddbags.nl\/de\/wp-json\/wp\/v2\/product\/18631","targetHints":{"allow":["GET"]}}],"collection":[{"href":"https:\/\/ddbags.nl\/de\/wp-json\/wp\/v2\/product"}],"about":[{"href":"https:\/\/ddbags.nl\/de\/wp-json\/wp\/v2\/types\/product"}],"wp:featuredmedia":[{"embeddable":true,"href":"https:\/\/ddbags.nl\/de\/wp-json\/wp\/v2\/media\/20827"}],"wp:attachment":[{"href":"https:\/\/ddbags.nl\/de\/wp-json\/wp\/v2\/media?parent=18631"}],"wp:term":[{"taxonomy":"product_brand","embeddable":true,"href":"https:\/\/ddbags.nl\/de\/wp-json\/wp\/v2\/product_brand?post=18631"},{"taxonomy":"product_cat","embeddable":true,"href":"https:\/\/ddbags.nl\/de\/wp-json\/wp\/v2\/product_cat?post=18631"},{"taxonomy":"product_tag","embeddable":true,"href":"https:\/\/ddbags.nl\/de\/wp-json\/wp\/v2\/product_tag?post=18631"}],"curies":[{"name":"wp","href":"https:\/\/api.w.org\/{rel}","templated":true}]}}