{"id":18567,"date":"2025-06-20T14:28:19","date_gmt":"2025-06-20T12:28:19","guid":{"rendered":"https:\/\/ddbags.nl\/product\/diy-crossbody-tas-vanity-flair-tosca-cayman-brown\/"},"modified":"2026-04-28T16:17:19","modified_gmt":"2026-04-28T14:17:19","slug":"diy-crossbody-tas-vanity-flair-tosca-cayman-brown","status":"publish","type":"product","link":"https:\/\/ddbags.nl\/de\/produkt\/diy-crossbody-tas-vanity-flair-tosca-cayman-brown\/","title":{"rendered":"VANITY Flair &#8211; Tosca Cayman Brown"},"content":{"rendered":"<div class=\"fusion-fullwidth fullwidth-box fusion-builder-row-1 fusion-flex-container nonhundred-percent-fullwidth non-hundred-percent-height-scrolling\" style=\"--awb-border-radius-top-left:0px;--awb-border-radius-top-right:0px;--awb-border-radius-bottom-right:0px;--awb-border-radius-bottom-left:0px;--awb-flex-wrap:wrap;\" ><div class=\"fusion-builder-row fusion-row fusion-flex-align-items-flex-start fusion-flex-content-wrap\" style=\"max-width:1456px;margin-left: calc(-4% \/ 2 );margin-right: calc(-4% \/ 2 );\"><div class=\"fusion-layout-column fusion_builder_column fusion-builder-column-0 fusion_builder_column_1_1 1_1 fusion-flex-column\" style=\"--awb-bg-size:cover;--awb-width-large:100%;--awb-margin-top-large:0px;--awb-spacing-right-large:1.92%;--awb-margin-bottom-large:0px;--awb-spacing-left-large:1.92%;--awb-width-medium:100%;--awb-spacing-right-medium:1.92%;--awb-spacing-left-medium:1.92%;--awb-width-small:100%;--awb-spacing-right-small:1.92%;--awb-spacing-left-small:1.92%;\"><div class=\"fusion-column-wrapper fusion-flex-justify-content-flex-start fusion-content-layout-column\"><div class=\"fusion-text fusion-text-1\"><h4><strong>Wie funktioniert das Ganze?<\/strong><\/h4>\n<p>Durch die einzigartige Zusammenstellung unseres DIY-Sets kannst du eigentlich nichts falsch machen. Alle Schnittmuster sind ausgestanzt und alle ben\u00f6tigten Materialien und Zubeh\u00f6rteile sind enthalten.<br \/>\nMit Hilfe einer \u00fcbersichtlichen Schritt-f\u00fcr-Schritt-Anleitung \u2013 mit Fotos \u2013 kannst du diese Tasche zusammensetzen.<\/p>\n<h4><strong>Werkzeugset<\/strong><\/h4>\n<p>F\u00fcr dieses DIY-Set ben\u00f6tigst du ein <strong><a href=\"https:\/\/ddbags.nl\/de\/produkt\/gereedschapset-t-b-v-diy-pakketten\/\">Werkzeugset<\/a><\/strong>. Dieses Werkzeugset enth\u00e4lt alle Werkzeuge, die du ben\u00f6tigst. Vergiss nicht, dieses dazuzubestellen.<br \/>\n<strong>1<\/strong> <strong>Werkzeugset<\/strong> ist geeignet f\u00fcr <strong>1 bis 4 Personen<\/strong>.<br \/>\nSeid ihr <strong>mehr als 4 Personen<\/strong>, ben\u00f6tigt ihr zus\u00e4tzliche Sets.<\/p>\n<p>F\u00fcr das Werkzeugset zahlst du eine <strong>Kaution<\/strong> von 50\u202fEuro pro Set, die du selbstverst\u00e4ndlich zur\u00fcckbekommst, sobald du das\/die Set(s) wieder zur\u00fcckgeschickt hast! Deiner Lieferung liegt ein R\u00fccksendeetikett bei, damit du das\/die Werkzeugset(s) KOSTENLOS zur\u00fccksenden kannst.<\/p>\n<h4><strong>Wie komme ich an die Anleitung?<\/strong><\/h4>\n<p>Diese <strong>Anleitung<\/strong> kann <strong><a href=\"https:\/\/ddbags.nl\/wp-content\/uploads\/2026\/01\/Werkbeschrijving_VANITYFLAIR_DE.pdf\">hier<\/a><\/strong> heruntergeladen werden.<\/p>\n<h4><strong>Was sind die Ma\u00dfe?<\/strong><\/h4>\n<p><strong>Die Ma\u00dfe dieser Tasche sind: <\/strong><\/p>\n<ul>\n<li>Breite: 24 cm<\/li>\n<li>H\u00f6he: 18 cm<\/li>\n<li>Tiefe: 5 cm<\/li>\n<\/ul>\n<p><strong>EXTRA Trageriemen:<\/strong><\/p>\n<p>Zu dieser Tasche hast du die M\u00f6glichkeit, einen <strong>EXTRA DIY-Trageriemen<\/strong> mitzubestellen!<\/p>\n<p><img decoding=\"async\" class=\"alignnone wp-image-21117\" src=\"https:\/\/ddbags.nl\/wp-content\/uploads\/2025\/09\/DIY-Crossbody-Tas-VANITY2.0_variatie_1_draagriem.webp\" alt=\"\" width=\"308\" height=\"220\" srcset=\"https:\/\/ddbags.nl\/wp-content\/uploads\/2025\/09\/DIY-Crossbody-Tas-VANITY2.0_variatie_1_draagriem-500x357.webp 500w, https:\/\/ddbags.nl\/wp-content\/uploads\/2025\/09\/DIY-Crossbody-Tas-VANITY2.0_variatie_1_draagriem-700x500.webp 700w, https:\/\/ddbags.nl\/wp-content\/uploads\/2025\/09\/DIY-Crossbody-Tas-VANITY2.0_variatie_1_draagriem-768x549.webp 768w, https:\/\/ddbags.nl\/wp-content\/uploads\/2025\/09\/DIY-Crossbody-Tas-VANITY2.0_variatie_1_draagriem-1536x1097.webp 1536w, https:\/\/ddbags.nl\/wp-content\/uploads\/2025\/09\/DIY-Crossbody-Tas-VANITY2.0_variatie_1_draagriem.webp 1600w\" sizes=\"(max-width: 308px) 100vw, 308px\" \/> <img decoding=\"async\" class=\"alignnone wp-image-21119\" src=\"https:\/\/ddbags.nl\/wp-content\/uploads\/2025\/09\/DIY-Crossbody-Tas-VANITY2.0_variatie_1_draagriem_1.webp\" alt=\"\" width=\"308\" height=\"220\" srcset=\"https:\/\/ddbags.nl\/wp-content\/uploads\/2025\/09\/DIY-Crossbody-Tas-VANITY2.0_variatie_1_draagriem_1-500x357.webp 500w, https:\/\/ddbags.nl\/wp-content\/uploads\/2025\/09\/DIY-Crossbody-Tas-VANITY2.0_variatie_1_draagriem_1-700x500.webp 700w, https:\/\/ddbags.nl\/wp-content\/uploads\/2025\/09\/DIY-Crossbody-Tas-VANITY2.0_variatie_1_draagriem_1-768x549.webp 768w, https:\/\/ddbags.nl\/wp-content\/uploads\/2025\/09\/DIY-Crossbody-Tas-VANITY2.0_variatie_1_draagriem_1-1536x1097.webp 1536w, https:\/\/ddbags.nl\/wp-content\/uploads\/2025\/09\/DIY-Crossbody-Tas-VANITY2.0_variatie_1_draagriem_1.webp 1600w\" sizes=\"(max-width: 308px) 100vw, 308px\" \/> <img decoding=\"async\" class=\"alignnone wp-image-21125\" src=\"https:\/\/ddbags.nl\/wp-content\/uploads\/2025\/09\/DIY-Crossbody-Tas-VANITY2.0_variatie_1_f.webp\" alt=\"\" width=\"308\" height=\"220\" srcset=\"https:\/\/ddbags.nl\/wp-content\/uploads\/2025\/09\/DIY-Crossbody-Tas-VANITY2.0_variatie_1_f-500x357.webp 500w, https:\/\/ddbags.nl\/wp-content\/uploads\/2025\/09\/DIY-Crossbody-Tas-VANITY2.0_variatie_1_f-700x500.webp 700w, https:\/\/ddbags.nl\/wp-content\/uploads\/2025\/09\/DIY-Crossbody-Tas-VANITY2.0_variatie_1_f-768x549.webp 768w, https:\/\/ddbags.nl\/wp-content\/uploads\/2025\/09\/DIY-Crossbody-Tas-VANITY2.0_variatie_1_f-1536x1097.webp 1536w, https:\/\/ddbags.nl\/wp-content\/uploads\/2025\/09\/DIY-Crossbody-Tas-VANITY2.0_variatie_1_f.webp 1600w\" sizes=\"(max-width: 308px) 100vw, 308px\" \/><\/p>\n<h4><strong>Wie lange dauert es?<\/strong><\/h4>\n<p><strong>Der durchschnittliche Zeitaufwand:<\/strong> ca. 2,5 Stunden \/ 3 Stunden (mit EXTRA Trageriemen)<\/p>\n<h4 class=\"fusion-responsive-typography-calculated\" data-fontsize=\"32\" data-lineheight=\"35.2px\"><strong>Was ist der Inhalt dieser DIY-Crossbody-Tasche?<\/strong><\/h4>\n<ul>\n<li style=\"text-align: left;\">Ausgestanzte Lederteile<\/li>\n<li style=\"text-align: left;\">Trageriemen (bestehend aus 2 Teilen)<\/li>\n<li>Dekorative Flechtriemen \u2013 2 St\u00fcck<\/li>\n<li style=\"text-align: left;\">Karabinerhaken \u2013 2 St\u00fcck<\/li>\n<li style=\"text-align: left;\">Ringe \u2013 2 St\u00fcck<\/li>\n<li style=\"text-align: left;\">Schnalle<\/li>\n<li style=\"text-align: left;\">Verschluss<\/li>\n<li>Garn und Nadel<\/li>\n<li>Dekorative Verschlussklappe<\/li>\n<li style=\"text-align: left;\">Hohlnieten<\/li>\n<\/ul>\n<p><strong>Falls du den EXTRA DIY-Trageriemen bestellst:<\/strong><\/p>\n<ul>\n<li>34 ausgestanzte Teile + 1 Endst\u00fcck<\/li>\n<li>2 Karabinerhaken<\/li>\n<li>1 Riemenschraube<\/li>\n<\/ul>\n<p><em>Dieser Riemen ist etwa 135\u2013140\u202fcm lang.<\/em><\/p>\n<p>Die <strong>Anleitung<\/strong> f\u00fcr den EXTRA Trageriemen kannst du <strong><a href=\"https:\/\/ddbags.nl\/wp-content\/uploads\/2025\/08\/Werkbeschrijving_FAYE_DE_online.pdf\">hier<\/a><\/strong> herunterladen.<\/p>\n<ul>\n<li>Leder ist ein Naturprodukt. Das bedeutet, dass es IMMER kleine Abweichungen in Farbe \/ Muster geben kann.<\/li>\n<li>Lieferzeit 2-3 Werktage<\/li>\n<\/ul>\n<p><strong>Hinweis: Aufgrund der begrenzten Anzahl an Werkzeugsets bitte ich dich, das Werkzeugset sp\u00e4testens eine Woche nach Erhalt deiner Bestellung zur\u00fcckzusenden, damit auch andere es wieder nutzen k\u00f6nnen!<\/strong><\/p>\n<h4 style=\"text-align: center;\"><em>\u201eViel Spa\u00df beim Selbermachen dieser DIY-Crossbody-Tasche VANITY Flair!\u201c<\/em><\/h4>\n<\/div><\/div><\/div><\/div><\/div>\n","protected":false},"excerpt":{"rendered":"<p><strong>DIY-Crossbody-Tasche VANITY Flair. <\/strong>Mit einer klaren Schritt-f\u00fcr-Schritt-<a href=\"https:\/\/ddbags.nl\/wp-content\/uploads\/2025\/09\/Werkbeschrijving_VANITY-FLAIR_online_DE.pdf\"><strong>Anleitung<\/strong><\/a> mit Fotos<strong>.<\/strong><\/p>\n<p><em>\u201eMit diesem <strong>DIY-Set<\/strong> kannst du dir im Handumdrehen deine eigene Tasche machen.\u201c<\/em><\/p>\n","protected":false},"featured_media":21111,"template":"","meta":[],"product_brand":[],"product_cat":[161,157],"product_tag":[],"class_list":{"0":"post-18567","1":"product","2":"type-product","3":"status-publish","4":"has-post-thumbnail","6":"product_cat-diy-crossbody-tasche-vanity-flair","7":"product_cat-diy-crossbody-taschen","9":"first","10":"instock","11":"taxable","12":"shipping-taxable","13":"purchasable","14":"product-type-variable"},"yoast_head":"<!-- This site is optimized with the Yoast SEO plugin v27.4 - https:\/\/yoast.com\/product\/yoast-seo-wordpress\/ -->\n<title>VANITY Flair - Tosca Cayman Brown - ddbags<\/title>\n<meta name=\"description\" content=\"DIY-Crossbody-Tasche VANITY Flair mit einer klaren Anleitung. Mit diesem DIY-Set kannst du dir im Handumdrehen deine eigene Tasche machen.\" \/>\n<meta name=\"robots\" content=\"index, follow, max-snippet:-1, max-image-preview:large, max-video-preview:-1\" \/>\n<link rel=\"canonical\" href=\"https:\/\/ddbags.nl\/de\/produkt\/diy-crossbody-tas-vanity-flair-tosca-cayman-brown\/\" \/>\n<meta property=\"og:locale\" content=\"de_DE\" \/>\n<meta property=\"og:type\" content=\"article\" \/>\n<meta property=\"og:title\" content=\"VANITY Flair - Tosca Cayman Brown - ddbags\" \/>\n<meta property=\"og:description\" content=\"DIY-Crossbody-Tasche VANITY Flair mit einer klaren Anleitung. Mit diesem DIY-Set kannst du dir im Handumdrehen deine eigene Tasche machen.\" \/>\n<meta property=\"og:url\" content=\"https:\/\/ddbags.nl\/de\/produkt\/diy-crossbody-tas-vanity-flair-tosca-cayman-brown\/\" \/>\n<meta property=\"og:site_name\" content=\"ddbags\" \/>\n<meta property=\"article:modified_time\" content=\"2026-04-28T14:17:19+00:00\" \/>\n<meta property=\"og:image\" content=\"https:\/\/ddbags.nl\/wp-content\/uploads\/2025\/09\/DIY-Crossbody-Tas-VANITY2.0_variatie_1_b.webp\" \/>\n\t<meta property=\"og:image:width\" content=\"1600\" \/>\n\t<meta property=\"og:image:height\" content=\"1143\" \/>\n\t<meta property=\"og:image:type\" content=\"image\/webp\" \/>\n<meta name=\"twitter:card\" content=\"summary_large_image\" \/>\n<meta name=\"twitter:label1\" content=\"Gesch\u00e4tzte Lesezeit\" \/>\n\t<meta name=\"twitter:data1\" content=\"3\u00a0Minuten\" \/>\n<script type=\"application\/ld+json\" class=\"yoast-schema-graph\">{\"@context\":\"https:\\\/\\\/schema.org\",\"@graph\":[{\"@type\":\"WebPage\",\"@id\":\"https:\\\/\\\/ddbags.nl\\\/de\\\/produkt\\\/diy-crossbody-tas-vanity-flair-tosca-cayman-brown\\\/\",\"url\":\"https:\\\/\\\/ddbags.nl\\\/de\\\/produkt\\\/diy-crossbody-tas-vanity-flair-tosca-cayman-brown\\\/\",\"name\":\"VANITY Flair - Tosca Cayman Brown - ddbags\",\"isPartOf\":{\"@id\":\"https:\\\/\\\/ddbags.nl\\\/de\\\/#website\"},\"primaryImageOfPage\":{\"@id\":\"https:\\\/\\\/ddbags.nl\\\/de\\\/produkt\\\/diy-crossbody-tas-vanity-flair-tosca-cayman-brown\\\/#primaryimage\"},\"image\":{\"@id\":\"https:\\\/\\\/ddbags.nl\\\/de\\\/produkt\\\/diy-crossbody-tas-vanity-flair-tosca-cayman-brown\\\/#primaryimage\"},\"thumbnailUrl\":\"https:\\\/\\\/ddbags.nl\\\/wp-content\\\/uploads\\\/2025\\\/09\\\/DIY-Crossbody-Tas-VANITY2.0_variatie_1_b.webp\",\"datePublished\":\"2025-06-20T12:28:19+00:00\",\"dateModified\":\"2026-04-28T14:17:19+00:00\",\"description\":\"DIY-Crossbody-Tasche VANITY Flair mit einer klaren Anleitung. Mit diesem DIY-Set kannst du dir im Handumdrehen deine eigene Tasche machen.\",\"breadcrumb\":{\"@id\":\"https:\\\/\\\/ddbags.nl\\\/de\\\/produkt\\\/diy-crossbody-tas-vanity-flair-tosca-cayman-brown\\\/#breadcrumb\"},\"inLanguage\":\"de\",\"potentialAction\":[{\"@type\":\"ReadAction\",\"target\":[\"https:\\\/\\\/ddbags.nl\\\/de\\\/produkt\\\/diy-crossbody-tas-vanity-flair-tosca-cayman-brown\\\/\"]}]},{\"@type\":\"ImageObject\",\"inLanguage\":\"de\",\"@id\":\"https:\\\/\\\/ddbags.nl\\\/de\\\/produkt\\\/diy-crossbody-tas-vanity-flair-tosca-cayman-brown\\\/#primaryimage\",\"url\":\"https:\\\/\\\/ddbags.nl\\\/wp-content\\\/uploads\\\/2025\\\/09\\\/DIY-Crossbody-Tas-VANITY2.0_variatie_1_b.webp\",\"contentUrl\":\"https:\\\/\\\/ddbags.nl\\\/wp-content\\\/uploads\\\/2025\\\/09\\\/DIY-Crossbody-Tas-VANITY2.0_variatie_1_b.webp\",\"width\":1600,\"height\":1143},{\"@type\":\"BreadcrumbList\",\"@id\":\"https:\\\/\\\/ddbags.nl\\\/de\\\/produkt\\\/diy-crossbody-tas-vanity-flair-tosca-cayman-brown\\\/#breadcrumb\",\"itemListElement\":[{\"@type\":\"ListItem\",\"position\":1,\"name\":\"Home\",\"item\":\"https:\\\/\\\/ddbags.nl\\\/de\\\/home\\\/\"},{\"@type\":\"ListItem\",\"position\":2,\"name\":\"Shop\",\"item\":\"https:\\\/\\\/ddbags.nl\\\/de\\\/shop\\\/\"},{\"@type\":\"ListItem\",\"position\":3,\"name\":\"VANITY Flair &#8211; Tosca Cayman Brown\"}]},{\"@type\":\"WebSite\",\"@id\":\"https:\\\/\\\/ddbags.nl\\\/de\\\/#website\",\"url\":\"https:\\\/\\\/ddbags.nl\\\/de\\\/\",\"name\":\"DDBags\",\"description\":\"Maak je eigen leren tas!\",\"publisher\":{\"@id\":\"https:\\\/\\\/ddbags.nl\\\/de\\\/#organization\"},\"potentialAction\":[{\"@type\":\"SearchAction\",\"target\":{\"@type\":\"EntryPoint\",\"urlTemplate\":\"https:\\\/\\\/ddbags.nl\\\/de\\\/?s={search_term_string}\"},\"query-input\":{\"@type\":\"PropertyValueSpecification\",\"valueRequired\":true,\"valueName\":\"search_term_string\"}}],\"inLanguage\":\"de\"},{\"@type\":\"Organization\",\"@id\":\"https:\\\/\\\/ddbags.nl\\\/de\\\/#organization\",\"name\":\"DDBags\",\"url\":\"https:\\\/\\\/ddbags.nl\\\/de\\\/\",\"logo\":{\"@type\":\"ImageObject\",\"inLanguage\":\"de\",\"@id\":\"https:\\\/\\\/ddbags.nl\\\/de\\\/#\\\/schema\\\/logo\\\/image\\\/\",\"url\":\"https:\\\/\\\/ddbags.nl\\\/wp-content\\\/uploads\\\/2025\\\/04\\\/logo-ddbags.svg\",\"contentUrl\":\"https:\\\/\\\/ddbags.nl\\\/wp-content\\\/uploads\\\/2025\\\/04\\\/logo-ddbags.svg\",\"width\":174,\"height\":82,\"caption\":\"DDBags\"},\"image\":{\"@id\":\"https:\\\/\\\/ddbags.nl\\\/de\\\/#\\\/schema\\\/logo\\\/image\\\/\"}}]}<\/script>\n<!-- \/ Yoast SEO plugin. -->","yoast_head_json":{"title":"VANITY Flair - Tosca Cayman Brown - ddbags","description":"DIY-Crossbody-Tasche VANITY Flair mit einer klaren Anleitung. Mit diesem DIY-Set kannst du dir im Handumdrehen deine eigene Tasche machen.","robots":{"index":"index","follow":"follow","max-snippet":"max-snippet:-1","max-image-preview":"max-image-preview:large","max-video-preview":"max-video-preview:-1"},"canonical":"https:\/\/ddbags.nl\/de\/produkt\/diy-crossbody-tas-vanity-flair-tosca-cayman-brown\/","og_locale":"de_DE","og_type":"article","og_title":"VANITY Flair - Tosca Cayman Brown - ddbags","og_description":"DIY-Crossbody-Tasche VANITY Flair mit einer klaren Anleitung. Mit diesem DIY-Set kannst du dir im Handumdrehen deine eigene Tasche machen.","og_url":"https:\/\/ddbags.nl\/de\/produkt\/diy-crossbody-tas-vanity-flair-tosca-cayman-brown\/","og_site_name":"ddbags","article_modified_time":"2026-04-28T14:17:19+00:00","og_image":[{"width":1600,"height":1143,"url":"https:\/\/ddbags.nl\/wp-content\/uploads\/2025\/09\/DIY-Crossbody-Tas-VANITY2.0_variatie_1_b.webp","type":"image\/webp"}],"twitter_card":"summary_large_image","twitter_misc":{"Gesch\u00e4tzte Lesezeit":"3\u00a0Minuten"},"schema":{"@context":"https:\/\/schema.org","@graph":[{"@type":"WebPage","@id":"https:\/\/ddbags.nl\/de\/produkt\/diy-crossbody-tas-vanity-flair-tosca-cayman-brown\/","url":"https:\/\/ddbags.nl\/de\/produkt\/diy-crossbody-tas-vanity-flair-tosca-cayman-brown\/","name":"VANITY Flair - Tosca Cayman Brown - ddbags","isPartOf":{"@id":"https:\/\/ddbags.nl\/de\/#website"},"primaryImageOfPage":{"@id":"https:\/\/ddbags.nl\/de\/produkt\/diy-crossbody-tas-vanity-flair-tosca-cayman-brown\/#primaryimage"},"image":{"@id":"https:\/\/ddbags.nl\/de\/produkt\/diy-crossbody-tas-vanity-flair-tosca-cayman-brown\/#primaryimage"},"thumbnailUrl":"https:\/\/ddbags.nl\/wp-content\/uploads\/2025\/09\/DIY-Crossbody-Tas-VANITY2.0_variatie_1_b.webp","datePublished":"2025-06-20T12:28:19+00:00","dateModified":"2026-04-28T14:17:19+00:00","description":"DIY-Crossbody-Tasche VANITY Flair mit einer klaren Anleitung. Mit diesem DIY-Set kannst du dir im Handumdrehen deine eigene Tasche machen.","breadcrumb":{"@id":"https:\/\/ddbags.nl\/de\/produkt\/diy-crossbody-tas-vanity-flair-tosca-cayman-brown\/#breadcrumb"},"inLanguage":"de","potentialAction":[{"@type":"ReadAction","target":["https:\/\/ddbags.nl\/de\/produkt\/diy-crossbody-tas-vanity-flair-tosca-cayman-brown\/"]}]},{"@type":"ImageObject","inLanguage":"de","@id":"https:\/\/ddbags.nl\/de\/produkt\/diy-crossbody-tas-vanity-flair-tosca-cayman-brown\/#primaryimage","url":"https:\/\/ddbags.nl\/wp-content\/uploads\/2025\/09\/DIY-Crossbody-Tas-VANITY2.0_variatie_1_b.webp","contentUrl":"https:\/\/ddbags.nl\/wp-content\/uploads\/2025\/09\/DIY-Crossbody-Tas-VANITY2.0_variatie_1_b.webp","width":1600,"height":1143},{"@type":"BreadcrumbList","@id":"https:\/\/ddbags.nl\/de\/produkt\/diy-crossbody-tas-vanity-flair-tosca-cayman-brown\/#breadcrumb","itemListElement":[{"@type":"ListItem","position":1,"name":"Home","item":"https:\/\/ddbags.nl\/de\/home\/"},{"@type":"ListItem","position":2,"name":"Shop","item":"https:\/\/ddbags.nl\/de\/shop\/"},{"@type":"ListItem","position":3,"name":"VANITY Flair &#8211; Tosca Cayman Brown"}]},{"@type":"WebSite","@id":"https:\/\/ddbags.nl\/de\/#website","url":"https:\/\/ddbags.nl\/de\/","name":"DDBags","description":"Maak je eigen leren tas!","publisher":{"@id":"https:\/\/ddbags.nl\/de\/#organization"},"potentialAction":[{"@type":"SearchAction","target":{"@type":"EntryPoint","urlTemplate":"https:\/\/ddbags.nl\/de\/?s={search_term_string}"},"query-input":{"@type":"PropertyValueSpecification","valueRequired":true,"valueName":"search_term_string"}}],"inLanguage":"de"},{"@type":"Organization","@id":"https:\/\/ddbags.nl\/de\/#organization","name":"DDBags","url":"https:\/\/ddbags.nl\/de\/","logo":{"@type":"ImageObject","inLanguage":"de","@id":"https:\/\/ddbags.nl\/de\/#\/schema\/logo\/image\/","url":"https:\/\/ddbags.nl\/wp-content\/uploads\/2025\/04\/logo-ddbags.svg","contentUrl":"https:\/\/ddbags.nl\/wp-content\/uploads\/2025\/04\/logo-ddbags.svg","width":174,"height":82,"caption":"DDBags"},"image":{"@id":"https:\/\/ddbags.nl\/de\/#\/schema\/logo\/image\/"}}]}},"_links":{"self":[{"href":"https:\/\/ddbags.nl\/de\/wp-json\/wp\/v2\/product\/18567","targetHints":{"allow":["GET"]}}],"collection":[{"href":"https:\/\/ddbags.nl\/de\/wp-json\/wp\/v2\/product"}],"about":[{"href":"https:\/\/ddbags.nl\/de\/wp-json\/wp\/v2\/types\/product"}],"wp:featuredmedia":[{"embeddable":true,"href":"https:\/\/ddbags.nl\/de\/wp-json\/wp\/v2\/media\/21111"}],"wp:attachment":[{"href":"https:\/\/ddbags.nl\/de\/wp-json\/wp\/v2\/media?parent=18567"}],"wp:term":[{"taxonomy":"product_brand","embeddable":true,"href":"https:\/\/ddbags.nl\/de\/wp-json\/wp\/v2\/product_brand?post=18567"},{"taxonomy":"product_cat","embeddable":true,"href":"https:\/\/ddbags.nl\/de\/wp-json\/wp\/v2\/product_cat?post=18567"},{"taxonomy":"product_tag","embeddable":true,"href":"https:\/\/ddbags.nl\/de\/wp-json\/wp\/v2\/product_tag?post=18567"}],"curies":[{"name":"wp","href":"https:\/\/api.w.org\/{rel}","templated":true}]}}