{"id":18527,"date":"2025-06-05T15:02:45","date_gmt":"2025-06-05T13:02:45","guid":{"rendered":"https:\/\/ddbags.nl\/algemene-voorwaarden\/"},"modified":"2026-01-03T16:23:49","modified_gmt":"2026-01-03T15:23:49","slug":"allgemeine-geschaeftsbedingungen","status":"publish","type":"page","link":"https:\/\/ddbags.nl\/de\/allgemeine-geschaeftsbedingungen\/","title":{"rendered":"Allgemeine Gesch\u00e4ftsbedingungen"},"content":{"rendered":"<div class=\"fusion-fullwidth fullwidth-box fusion-builder-row-1 fusion-flex-container has-pattern-background has-mask-background nonhundred-percent-fullwidth non-hundred-percent-height-scrolling\" style=\"--awb-border-radius-top-left:0px;--awb-border-radius-top-right:0px;--awb-border-radius-bottom-right:0px;--awb-border-radius-bottom-left:0px;--awb-padding-top:0px;--awb-background-color:var(--awb-color3);--awb-flex-wrap:wrap;\" ><div class=\"fusion-builder-row fusion-row fusion-flex-align-items-flex-start fusion-flex-content-wrap\" style=\"max-width:1456px;margin-left: calc(-4% \/ 2 );margin-right: calc(-4% \/ 2 );\"><div class=\"fusion-layout-column fusion_builder_column fusion-builder-column-0 fusion_builder_column_1_1 1_1 fusion-flex-column\" style=\"--awb-bg-size:cover;--awb-width-large:100%;--awb-margin-top-large:0px;--awb-spacing-right-large:1.92%;--awb-margin-bottom-large:32px;--awb-spacing-left-large:1.92%;--awb-width-medium:100%;--awb-order-medium:0;--awb-spacing-right-medium:1.92%;--awb-spacing-left-medium:1.92%;--awb-width-small:100%;--awb-order-small:0;--awb-spacing-right-small:1.92%;--awb-spacing-left-small:1.92%;\"><div class=\"fusion-column-wrapper fusion-column-has-shadow fusion-flex-justify-content-flex-start fusion-content-layout-column\"><div class=\"fusion-title title fusion-title-1 fusion-sep-none fusion-title-text fusion-title-size-two\"><h2 class=\"fusion-title-heading title-heading-left fusion-responsive-typography-calculated\" style=\"margin:0;--fontSize:48;line-height:var(--awb-typography1-line-height);\"><h1>Allgemeine Gesch\u00e4ftsbedingungen<\/h1><\/h2><\/div><div class=\"fusion-text fusion-text-1\"><p data-pm-slice=\"1 1 &#091;&#093;\"><strong>Allgemeine Gesch\u00e4ftsbedingungen (AGB)<\/strong><\/p>\n<p><strong>Artikel 1 &#8211; Definitionen<\/strong><\/p>\n<p>1.1 Allgemeine Gesch\u00e4ftsbedingungen (nachfolgend &#8222;Bedingungen&#8220;): Auf alle Verk\u00e4ufe \u00fcber <a>www.ddbags.nl<\/a> sind die folgenden Liefer- und Zahlungsbedingungen anwendbar. Mit Ihrer Bestellung erkl\u00e4ren Sie sich damit einverstanden.<\/p>\n<p>1.2 Unternehmen: <a>www.ddbags.nl<\/a> ist ein Atelier\/Ladengesch\u00e4ft, das Taschen im Fernabsatz an Verbraucher verkauft.<\/p>\n<p>Identit\u00e4t des Unternehmens: daVinci v.o.f.<br \/>\nhandelnd unter dem Namen: ddbags<\/p>\n<p>Betriebs- &amp; Besuchsadresse:<br \/>\nJonendwarsstraat 3, 7101 CG Winterswijk<br \/>\nTel.: 06-14534115<br \/>\nE-Mail: <a>info@ddbags.nl<\/a><br \/>\nHandelskammer: 08051622<br \/>\nUSt-IdNr.: NL8023.60.956.B01<\/p>\n<p>1.3 Verbraucher: Eine nat\u00fcrliche oder juristische Person, die einen Fernabsatzvertrag mit dem Unternehmer abschlie\u00dft.<\/p>\n<p>1.4 Vertrag: Ein Fernabsatzvertrag zwischen ddbags und dem Verbraucher.<\/p>\n<p><strong>Artikel 2 &#8211; Geltungsbereich<\/strong><\/p>\n<p>2.1 Diese Bedingungen gelten f\u00fcr jedes Angebot von ddbags und jeden abgeschlossenen Fernabsatzvertrag zwischen dem Unternehmen und dem Verbraucher.<\/p>\n<p>2.2 Auf alle Angebote, Bestellungen und Vertr\u00e4ge, die unter Nutzung der Website <a>www.ddbags.nl<\/a> abgeschlossen werden, finden diese Bedingungen Anwendung.<\/p>\n<p>2.3 Vor dem Abschluss eines Fernabsatzvertrags werden diese Bedingungen \u00fcber die Website zur Verf\u00fcgung gestellt. Die Annahme eines Angebots oder das Aufgeben einer Bestellung bedeutet, dass diese Bedingungen akzeptiert werden.<\/p>\n<p>2.4 Abweichungen von diesen Bedingungen sind nur schriftlich g\u00fcltig. Sollten einzelne Bestimmungen abweichen, bleiben die \u00fcbrigen Bestimmungen in Kraft. Aus Abweichungen k\u00f6nnen keine Rechte f\u00fcr zuk\u00fcnftige Gesch\u00e4fte abgeleitet werden.<\/p>\n<p>2.5 Sofern nicht schriftlich anders vereinbart, werden die allgemeinen oder besonderen Bedingungen Dritter von ddbags nicht anerkannt.<\/p>\n<p><strong>Artikel 3 &#8211; Vertr\u00e4ge<\/strong><\/p>\n<p>3.1 Ein Vertrag kommt nur nach Annahme Ihrer Bestellung durch ddbags zustande. ddbags beh\u00e4lt sich das Recht vor, Bestellungen abzulehnen oder bestimmte Bedingungen an die Lieferung zu kn\u00fcpfen. Eine Ablehnung wird innerhalb von f\u00fcnf (5) Werktagen unter Angabe von Gr\u00fcnden mitgeteilt.<\/p>\n<p><strong>Artikel 4 &#8211; Preise<\/strong><\/p>\n<p>4.1 Alle Angebote von ddbags sind freibleibend. ddbags beh\u00e4lt sich ausdr\u00fccklich das Recht vor, Preise zu \u00e4ndern, insbesondere wenn dies aufgrund gesetzlicher Vorschriften erforderlich ist.<\/p>\n<p>4.2 Die angegebenen Preise f\u00fcr die angebotenen Produkte verstehen sich in Euro, inklusive Mehrwertsteuer. Versandkosten sind (sofern nicht anders angegeben) nicht in den Preisen enthalten. Vor Vertragsschluss wird der Gesamtpreis auf der Website angezeigt.<\/p>\n<p>4.3 ddbags ist nicht an offensichtlich fehlerhafte Preisangaben gebunden, z. B. infolge von Eingabe-, Schreib- oder Druckfehlern. Aus falschen Preisangaben k\u00f6nnen keine Rechte abgeleitet werden.<\/p>\n<p><strong>Artikel 5 &#8211; Zahlung<\/strong><\/p>\n<p>Die Zahlung erfolgt immer im Voraus.<\/p>\n<p>5.1 Die Zahlung kann auf verschiedene Arten erfolgen, wie w\u00e4hrend des Bestellvorgangs angegeben. An Bestellungen von Verbrauchern k\u00f6nnen zus\u00e4tzliche Bedingungen gekn\u00fcpft werden. Nach Aufgabe der Bestellung erh\u00e4lt der Verbraucher eine Best\u00e4tigung per E-Mail mit den Gesamtkosten.<\/p>\n<p>5.1.1 iDeal: Wenn Sie Online-Banking bei z. B. Fortis, Rabobank, ABN AMRO, SNS Bank oder ING nutzen, k\u00f6nnen Sie sicher online per iDeal bezahlen. Der Zahlungsvorgang entspricht einer Kartenzahlung im Laden. Nach der Bestellung w\u00e4hlen Sie iDeal und Ihre Bank aus. Folgen Sie dann den \u00fcblichen Schritten beim Online-Banking. Die Zahlung wird in der Regel noch am selben Werktag verarbeitet. Weitere Informationen finden Sie auf der iDeal-Website.<\/p>\n<p>5.1.2 Bei Insolvenz oder Zahlungsaufschub des Verbrauchers (oder einem Antrag dazu) werden alle Forderungen von ddbags sofort f\u00e4llig.<\/p>\n<p>5.1.3 Gibt ddbags eine Forderung zur Eintreibung aus, ist der Verbraucher zur Zahlung von pauschal 15 % der offenen Summe f\u00fcr au\u00dfergerichtliche Inkassokosten verpflichtet. Nachweislich h\u00f6here Kosten gehen ebenfalls zu Lasten des Verbrauchers.<\/p>\n<p><strong>Artikel 6 &#8211; Lieferung<\/strong><\/p>\n<p>6.1 Alle Artikel im Online-Shop sind vorr\u00e4tig. Sollte ein Artikel nicht mehr lieferbar sein, wird der Verbraucher schnellstm\u00f6glich informiert.<\/p>\n<p>6.2 ddbags strebt an, alle Bestellungen innerhalb von 1 bis 3 Werktagen nach Zahlungseingang zu versenden, an die bei der Bestellung angegebene Adresse. Sollte die Lieferzeit abweichen, wird der Verbraucher per E-Mail informiert.<\/p>\n<p>6.3 Eine \u00dcberschreitung der Lieferfrist berechtigt den Verbraucher nicht zu Schadenersatz, Vertragsaufl\u00f6sung oder Leistungsverweigerung.<\/p>\n<p>6.4 Die Bestellung muss sp\u00e4testens 30 Tage nach Auftragserteilung geliefert werden. Ist dies nicht m\u00f6glich, wird der Verbraucher rechtzeitig informiert und kann die Bestellung kostenfrei stornieren. Eine R\u00fcckerstattung erfolgt dann umgehend.<\/p>\n<p>6.5 Teillieferungen sind zul\u00e4ssig.<\/p>\n<p>6.6 Die Lieferpflicht ist erf\u00fcllt, sobald die Lieferung einmal angeboten wurde.<\/p>\n<p>6.7 Bei Annahmeverweigerung oder Nichtabholung tr\u00e4gt der Verbraucher alle R\u00fccksende- und Lagerkosten sowie das Risiko von Besch\u00e4digung oder Verlust.<\/p>\n<p>6.8 Die angebotenen Produkte werden so wahrheitsgetreu und vollst\u00e4ndig wie m\u00f6glich dargestellt. Es k\u00f6nnen dennoch Farb-, Tipp- oder Preisabweichungen auftreten.<\/p>\n<p>6.9 ddbags haftet nicht f\u00fcr Folgesch\u00e4den.<\/p>\n<p><strong>Artikel 7 &#8211; Eigentumsvorbehalt<\/strong><\/p>\n<p>7.1 Das Eigentum an gelieferten Produkten geht erst nach vollst\u00e4ndiger Bezahlung aller Forderungen aus dem jeweiligen Vertrag auf den Verbraucher \u00fcber.<\/p>\n<p>7.2 Die kommerzielle Nutzung unserer DIY-Sets und\/oder Anleitungen ist nicht gestattet.<\/p>\n<p><strong>Artikel 8 &#8211; R\u00fcckgabe \/ Umtausch von DIY-Sets<\/strong><\/p>\n<p>8.1 Wir bem\u00fchen uns, unsere DIY-Sets korrekt zu beschreiben. Da die Sets kundenspezifisch gefertigt werden, ist eine R\u00fcckgabe ausgeschlossen.<\/p>\n<p>8.2 Ein Umtausch erfolgt nur nach R\u00fccksprache. Versandkosten f\u00fcr Umtausch tr\u00e4gt immer der Verbraucher.<\/p>\n<p>8.3 Der Verbraucher ist selbst f\u00fcr die R\u00fccksendung verantwortlich.<\/p>\n<p>8.4 Die Best\u00e4tigung erfolgt per E-Mail nach Eingang der R\u00fccksendung.<\/p>\n<p><strong>Artikel 9 &#8211; Beschwerden<\/strong><\/p>\n<p>9.1 Beanstandungen zur Lieferung oder Produktqualit\u00e4t m\u00fcssen umgehend nach Erhalt gemeldet werden: per E-Mail an <a>info@ddbags.nl<\/a>. Die Gew\u00e4hrleistung verf\u00e4llt bei unsachgem\u00e4\u00dfer Nutzung oder eigenm\u00e4chtigen Reparaturversuchen. Folgen Sie bei einer R\u00fccksendung unseren Anweisungen exakt.<\/p>\n<p><strong>Artikel 10 &#8211; Haftung<\/strong><\/p>\n<p>10.1 Jegliche Haftung von ddbags f\u00fcr direkte oder indirekte Sch\u00e4den wird ausgeschlossen. Dies gilt auch f\u00fcr Sch\u00e4den durch Dritte.<\/p>\n<p>10.2 ddbags haftet nicht f\u00fcr Sch\u00e4den durch Gebrauch der Produkte.<\/p>\n<p>10.3 Die maximale Haftung ist auf den Rechnungsbetrag beschr\u00e4nkt.<\/p>\n<p>10.4 F\u00fcr Kommunikationsprobleme infolge von Internetnutzung ist ddbags nicht haftbar, au\u00dfer bei Vorsatz oder grober Fahrl\u00e4ssigkeit.<\/p>\n<p><strong>Artikel 11 &#8211; H\u00f6here Gewalt<\/strong><\/p>\n<p>11.1 Bei h\u00f6herer Gewalt kann ddbags Bestellungen aussetzen oder den Vertrag ohne Schadenersatz aufl\u00f6sen.<\/p>\n<p>11.2 H\u00f6here Gewalt liegt vor, wenn ddbags die Leistung nicht zu vertreten hat.<\/p>\n<p><strong>Artikel 12 &#8211; Anwendbares Recht und Gerichtsstand<\/strong><\/p>\n<p>Es gilt ausschlie\u00dflich niederl\u00e4ndisches Recht.<\/p>\n<p><strong>Artikel 13 &#8211; Workshop-Bedingungen<\/strong><\/p>\n<p>13.1 Allgemeines<\/p>\n<ul data-spread=\"false\">\n<li>Diese Bedingungen gelten f\u00fcr alle Workshops von ddbags.<\/li>\n<li>Preise verstehen sich in Euro inkl. MwSt.<\/li>\n<li>Teilnahme ab 14 Jahren.<\/li>\n<li>Eigenes Material ist nicht erlaubt.<\/li>\n<\/ul>\n<p>13.2 Anmeldung<\/p>\n<ul data-spread=\"false\">\n<li>Nur \u00fcber die Website.<\/li>\n<li>Best\u00e4tigung per E-Mail.<\/li>\n<\/ul>\n<p>13.3 Haftung<\/p>\n<ul data-spread=\"false\">\n<li>Keine Haftung f\u00fcr Personen- oder Sachsch\u00e4den.<\/li>\n<li>Teilnehmer haften f\u00fcr Sch\u00e4den vor Ort.<\/li>\n<li>Fehler auf der Website vorbehalten.<\/li>\n<li>Workshops k\u00f6nnen abgesagt oder verlegt werden.<\/li>\n<li>Bei vermeidbaren Sch\u00e4den an Werkzeugen\/Material haftet der Teilnehmer.<\/li>\n<\/ul>\n<p><strong>Artikel 14 &#8211; Werkzeugset &amp; Pfand<\/strong><\/p>\n<p>F\u00fcr die Nutzung des Werkzeugsets wird ein Pfand von 50,00 \u20ac pro Set erhoben. Bei Verlust oder Nicht-R\u00fcckgabe berechnen wir 195,00 \u20ac und behalten das Pfand ein. Die Rechnung ist innerhalb von 10 Werktagen zu begleichen.<\/p>\n<p><strong>Fragen, Beschwerden oder Anmerkungen<\/strong><\/p>\n<p>Jonendwarsstraat 3, 7101 GC Winterswijk<br \/>\nT: 06-14534115<br \/>\nE: <a>info@ddbags.nl<\/a><br \/>\nW: <a>www.ddbags.nl<\/a><\/p>\n<p>\u00a9 Alle Rechte vorbehalten. Nichts darf ohne schriftliche Zustimmung vervielf\u00e4ltigt, kopiert oder verbreitet werden.<\/p>\n<\/div><\/div><\/div><\/div><\/div>\n","protected":false},"excerpt":{"rendered":"","protected":false},"author":4,"featured_media":0,"parent":0,"menu_order":0,"comment_status":"closed","ping_status":"closed","template":"100-width.php","meta":{"footnotes":""},"class_list":["post-18527","page","type-page","status-publish","hentry"],"yoast_head":"<!-- This site is optimized with the Yoast SEO plugin v27.4 - https:\/\/yoast.com\/product\/yoast-seo-wordpress\/ -->\n<title>Allgemeine Gesch\u00e4ftsbedingungen - ddbags.nl<\/title>\n<meta name=\"robots\" content=\"index, follow, max-snippet:-1, max-image-preview:large, max-video-preview:-1\" \/>\n<link rel=\"canonical\" href=\"https:\/\/ddbags.nl\/de\/allgemeine-geschaeftsbedingungen\/\" \/>\n<meta property=\"og:locale\" content=\"de_DE\" \/>\n<meta property=\"og:type\" content=\"article\" \/>\n<meta property=\"og:title\" content=\"Allgemeine Gesch\u00e4ftsbedingungen - ddbags.nl\" \/>\n<meta property=\"og:url\" content=\"https:\/\/ddbags.nl\/de\/allgemeine-geschaeftsbedingungen\/\" \/>\n<meta property=\"og:site_name\" content=\"ddbags\" \/>\n<meta property=\"article:modified_time\" content=\"2026-01-03T15:23:49+00:00\" \/>\n<meta name=\"twitter:card\" content=\"summary_large_image\" \/>\n<meta name=\"twitter:label1\" content=\"Gesch\u00e4tzte Lesezeit\" \/>\n\t<meta name=\"twitter:data1\" content=\"6\u00a0Minuten\" \/>\n<script type=\"application\/ld+json\" class=\"yoast-schema-graph\">{\"@context\":\"https:\\\/\\\/schema.org\",\"@graph\":[{\"@type\":\"WebPage\",\"@id\":\"https:\\\/\\\/ddbags.nl\\\/de\\\/allgemeine-geschaeftsbedingungen\\\/\",\"url\":\"https:\\\/\\\/ddbags.nl\\\/de\\\/allgemeine-geschaeftsbedingungen\\\/\",\"name\":\"Allgemeine Gesch\u00e4ftsbedingungen - ddbags.nl\",\"isPartOf\":{\"@id\":\"https:\\\/\\\/ddbags.nl\\\/de\\\/#website\"},\"datePublished\":\"2025-06-05T13:02:45+00:00\",\"dateModified\":\"2026-01-03T15:23:49+00:00\",\"breadcrumb\":{\"@id\":\"https:\\\/\\\/ddbags.nl\\\/de\\\/allgemeine-geschaeftsbedingungen\\\/#breadcrumb\"},\"inLanguage\":\"de\",\"potentialAction\":[{\"@type\":\"ReadAction\",\"target\":[\"https:\\\/\\\/ddbags.nl\\\/de\\\/allgemeine-geschaeftsbedingungen\\\/\"]}]},{\"@type\":\"BreadcrumbList\",\"@id\":\"https:\\\/\\\/ddbags.nl\\\/de\\\/allgemeine-geschaeftsbedingungen\\\/#breadcrumb\",\"itemListElement\":[{\"@type\":\"ListItem\",\"position\":1,\"name\":\"Home\",\"item\":\"https:\\\/\\\/ddbags.nl\\\/de\\\/home\\\/\"},{\"@type\":\"ListItem\",\"position\":2,\"name\":\"Allgemeine Gesch\u00e4ftsbedingungen\"}]},{\"@type\":\"WebSite\",\"@id\":\"https:\\\/\\\/ddbags.nl\\\/de\\\/#website\",\"url\":\"https:\\\/\\\/ddbags.nl\\\/de\\\/\",\"name\":\"DDBags\",\"description\":\"Maak je eigen leren tas!\",\"publisher\":{\"@id\":\"https:\\\/\\\/ddbags.nl\\\/de\\\/#organization\"},\"potentialAction\":[{\"@type\":\"SearchAction\",\"target\":{\"@type\":\"EntryPoint\",\"urlTemplate\":\"https:\\\/\\\/ddbags.nl\\\/de\\\/?s={search_term_string}\"},\"query-input\":{\"@type\":\"PropertyValueSpecification\",\"valueRequired\":true,\"valueName\":\"search_term_string\"}}],\"inLanguage\":\"de\"},{\"@type\":\"Organization\",\"@id\":\"https:\\\/\\\/ddbags.nl\\\/de\\\/#organization\",\"name\":\"DDBags\",\"url\":\"https:\\\/\\\/ddbags.nl\\\/de\\\/\",\"logo\":{\"@type\":\"ImageObject\",\"inLanguage\":\"de\",\"@id\":\"https:\\\/\\\/ddbags.nl\\\/de\\\/#\\\/schema\\\/logo\\\/image\\\/\",\"url\":\"https:\\\/\\\/ddbags.nl\\\/wp-content\\\/uploads\\\/2025\\\/04\\\/logo-ddbags.svg\",\"contentUrl\":\"https:\\\/\\\/ddbags.nl\\\/wp-content\\\/uploads\\\/2025\\\/04\\\/logo-ddbags.svg\",\"width\":174,\"height\":82,\"caption\":\"DDBags\"},\"image\":{\"@id\":\"https:\\\/\\\/ddbags.nl\\\/de\\\/#\\\/schema\\\/logo\\\/image\\\/\"}}]}<\/script>\n<!-- \/ Yoast SEO plugin. -->","yoast_head_json":{"title":"Allgemeine Gesch\u00e4ftsbedingungen - ddbags.nl","robots":{"index":"index","follow":"follow","max-snippet":"max-snippet:-1","max-image-preview":"max-image-preview:large","max-video-preview":"max-video-preview:-1"},"canonical":"https:\/\/ddbags.nl\/de\/allgemeine-geschaeftsbedingungen\/","og_locale":"de_DE","og_type":"article","og_title":"Allgemeine Gesch\u00e4ftsbedingungen - ddbags.nl","og_url":"https:\/\/ddbags.nl\/de\/allgemeine-geschaeftsbedingungen\/","og_site_name":"ddbags","article_modified_time":"2026-01-03T15:23:49+00:00","twitter_card":"summary_large_image","twitter_misc":{"Gesch\u00e4tzte Lesezeit":"6\u00a0Minuten"},"schema":{"@context":"https:\/\/schema.org","@graph":[{"@type":"WebPage","@id":"https:\/\/ddbags.nl\/de\/allgemeine-geschaeftsbedingungen\/","url":"https:\/\/ddbags.nl\/de\/allgemeine-geschaeftsbedingungen\/","name":"Allgemeine Gesch\u00e4ftsbedingungen - ddbags.nl","isPartOf":{"@id":"https:\/\/ddbags.nl\/de\/#website"},"datePublished":"2025-06-05T13:02:45+00:00","dateModified":"2026-01-03T15:23:49+00:00","breadcrumb":{"@id":"https:\/\/ddbags.nl\/de\/allgemeine-geschaeftsbedingungen\/#breadcrumb"},"inLanguage":"de","potentialAction":[{"@type":"ReadAction","target":["https:\/\/ddbags.nl\/de\/allgemeine-geschaeftsbedingungen\/"]}]},{"@type":"BreadcrumbList","@id":"https:\/\/ddbags.nl\/de\/allgemeine-geschaeftsbedingungen\/#breadcrumb","itemListElement":[{"@type":"ListItem","position":1,"name":"Home","item":"https:\/\/ddbags.nl\/de\/home\/"},{"@type":"ListItem","position":2,"name":"Allgemeine Gesch\u00e4ftsbedingungen"}]},{"@type":"WebSite","@id":"https:\/\/ddbags.nl\/de\/#website","url":"https:\/\/ddbags.nl\/de\/","name":"DDBags","description":"Maak je eigen leren tas!","publisher":{"@id":"https:\/\/ddbags.nl\/de\/#organization"},"potentialAction":[{"@type":"SearchAction","target":{"@type":"EntryPoint","urlTemplate":"https:\/\/ddbags.nl\/de\/?s={search_term_string}"},"query-input":{"@type":"PropertyValueSpecification","valueRequired":true,"valueName":"search_term_string"}}],"inLanguage":"de"},{"@type":"Organization","@id":"https:\/\/ddbags.nl\/de\/#organization","name":"DDBags","url":"https:\/\/ddbags.nl\/de\/","logo":{"@type":"ImageObject","inLanguage":"de","@id":"https:\/\/ddbags.nl\/de\/#\/schema\/logo\/image\/","url":"https:\/\/ddbags.nl\/wp-content\/uploads\/2025\/04\/logo-ddbags.svg","contentUrl":"https:\/\/ddbags.nl\/wp-content\/uploads\/2025\/04\/logo-ddbags.svg","width":174,"height":82,"caption":"DDBags"},"image":{"@id":"https:\/\/ddbags.nl\/de\/#\/schema\/logo\/image\/"}}]}},"_links":{"self":[{"href":"https:\/\/ddbags.nl\/de\/wp-json\/wp\/v2\/pages\/18527","targetHints":{"allow":["GET"]}}],"collection":[{"href":"https:\/\/ddbags.nl\/de\/wp-json\/wp\/v2\/pages"}],"about":[{"href":"https:\/\/ddbags.nl\/de\/wp-json\/wp\/v2\/types\/page"}],"author":[{"embeddable":true,"href":"https:\/\/ddbags.nl\/de\/wp-json\/wp\/v2\/users\/4"}],"replies":[{"embeddable":true,"href":"https:\/\/ddbags.nl\/de\/wp-json\/wp\/v2\/comments?post=18527"}],"version-history":[{"count":4,"href":"https:\/\/ddbags.nl\/de\/wp-json\/wp\/v2\/pages\/18527\/revisions"}],"predecessor-version":[{"id":20234,"href":"https:\/\/ddbags.nl\/de\/wp-json\/wp\/v2\/pages\/18527\/revisions\/20234"}],"wp:attachment":[{"href":"https:\/\/ddbags.nl\/de\/wp-json\/wp\/v2\/media?parent=18527"}],"curies":[{"name":"wp","href":"https:\/\/api.w.org\/{rel}","templated":true}]}}