{"id":18525,"date":"2025-06-05T15:36:07","date_gmt":"2025-06-05T13:36:07","guid":{"rendered":"https:\/\/ddbags.nl\/privacybeleid\/"},"modified":"2025-07-17T18:11:27","modified_gmt":"2025-07-17T16:11:27","slug":"datenschutzrichtlinie","status":"publish","type":"page","link":"https:\/\/ddbags.nl\/de\/datenschutzrichtlinie\/","title":{"rendered":"Datenschutzrichtlinie"},"content":{"rendered":"<div class=\"fusion-fullwidth fullwidth-box fusion-builder-row-1 fusion-flex-container has-pattern-background has-mask-background nonhundred-percent-fullwidth non-hundred-percent-height-scrolling\" style=\"--awb-border-radius-top-left:0px;--awb-border-radius-top-right:0px;--awb-border-radius-bottom-right:0px;--awb-border-radius-bottom-left:0px;--awb-padding-top:0px;--awb-background-color:var(--awb-color3);--awb-flex-wrap:wrap;\" ><div class=\"fusion-builder-row fusion-row fusion-flex-align-items-flex-start fusion-flex-content-wrap\" style=\"max-width:1456px;margin-left: calc(-4% \/ 2 );margin-right: calc(-4% \/ 2 );\"><div class=\"fusion-layout-column fusion_builder_column fusion-builder-column-0 fusion_builder_column_1_1 1_1 fusion-flex-column\" style=\"--awb-bg-size:cover;--awb-width-large:100%;--awb-margin-top-large:0px;--awb-spacing-right-large:1.92%;--awb-margin-bottom-large:32px;--awb-spacing-left-large:1.92%;--awb-width-medium:100%;--awb-order-medium:0;--awb-spacing-right-medium:1.92%;--awb-spacing-left-medium:1.92%;--awb-width-small:100%;--awb-order-small:0;--awb-spacing-right-small:1.92%;--awb-spacing-left-small:1.92%;\"><div class=\"fusion-column-wrapper fusion-column-has-shadow fusion-flex-justify-content-flex-start fusion-content-layout-column\"><div class=\"fusion-title title fusion-title-1 fusion-sep-none fusion-title-text fusion-title-size-two\"><h2 class=\"fusion-title-heading title-heading-left fusion-responsive-typography-calculated\" style=\"margin:0;--fontSize:48;line-height:var(--awb-typography1-line-height);\"><h1>Datenschutzerkl\u00e4rung<\/h1><\/h2><\/div><div class=\"fusion-text fusion-text-1\"><p>Datenschutzerkl\u00e4rung<\/p>\n<p>ddbags misst dem Schutz Ihrer personenbezogenen Daten gro\u00dfe Bedeutung bei. In dieser Datenschutzerkl\u00e4rung m\u00f6chten wir Ihnen klare und transparente Informationen dar\u00fcber geben, wie wir mit personenbezogenen Daten umgehen. Wir tun alles, um Ihre Privatsph\u00e4re zu wahren, und gehen deshalb sorgf\u00e4ltig mit personenbezogenen Daten um. ddbags h\u00e4lt sich in allen F\u00e4llen an die geltenden Gesetze und Vorschriften, insbesondere an die Datenschutz-Grundverordnung (DSGVO). Dies bedeutet, dass wir:<\/p>\n<p>Ihre personenbezogenen Daten nur entsprechend dem Zweck verarbeiten, f\u00fcr den sie uns zur Verf\u00fcgung gestellt wurden. Diese Zwecke und Datenarten sind in dieser Datenschutzerkl\u00e4rung beschrieben;<\/p>\n<p>die Verarbeitung Ihrer personenbezogenen Daten auf das notwendige Minimum beschr\u00e4nken;<\/p>\n<p>Ihre ausdr\u00fcckliche Zustimmung einholen, wenn wir diese f\u00fcr die Verarbeitung Ihrer personenbezogenen Daten ben\u00f6tigen;<\/p>\n<p>geeignete technische und organisatorische Ma\u00dfnahmen getroffen haben, um die Sicherheit Ihrer personenbezogenen Daten zu gew\u00e4hrleisten;<\/p>\n<p>keine personenbezogenen Daten an Dritte weitergeben, es sei denn, dies ist f\u00fcr die Ausf\u00fchrung der genannten Zwecke erforderlich;<\/p>\n<p>\u00fcber Ihre Rechte in Bezug auf Ihre personenbezogenen Daten informiert sind, Sie darauf hinweisen und diese respektieren.<\/p>\n<p>Als ddbags sind wir f\u00fcr die Verarbeitung Ihrer personenbezogenen Daten verantwortlich. Wenn Sie nach dem Lesen dieser Datenschutzerkl\u00e4rung Fragen haben oder Kontakt mit uns aufnehmen m\u00f6chten, k\u00f6nnen Sie dies \u00fcber die Kontaktdaten am Ende dieses Dokuments tun.<\/p>\n<p>Verarbeitung personenbezogener Daten von Kunden oder Lieferanten<\/p>\n<p>Personenbezogene Daten von Kunden oder Lieferanten werden von ddbags zu folgenden Zwecken verarbeitet:<\/p>\n<p>Administrativer Zweck;<\/p>\n<p>Kommunikation \u00fcber den Auftrag und\/oder Einladungen;<\/p>\n<p>Durchf\u00fchrung oder Erteilung eines Auftrags.<\/p>\n<p>Rechtsgrundlage f\u00fcr diese Datenverarbeitung ist:<\/p>\n<p>Der vereinbarte Auftrag.<\/p>\n<p>F\u00fcr die oben genannten Zwecke kann ddbags folgende personenbezogene Daten von Ihnen anfordern:<\/p>\n<p>Vorname;<\/p>\n<p>Nachsilbe;<\/p>\n<p>Nachname;<\/p>\n<p>(Gesch\u00e4ftliche) Telefonnummer;<\/p>\n<p>(Gesch\u00e4ftliche) E-Mail-Adresse;<\/p>\n<p>Geschlecht.<\/p>\n<p>Speicherdauer:<\/p>\n<p>W\u00e4hrend der Vertragslaufzeit und anschlie\u00dfend nur in der Finanzbuchhaltung f\u00fcr maximal 7 Jahre.<\/p>\n<p>Verarbeitung personenbezogener Daten von Newsletter-Abonnenten<\/p>\n<p>Personenbezogene Daten von Newsletter-Abonnenten werden von ddbags zu folgendem Zweck verarbeitet:<\/p>\n<p>Information der betroffenen Person durch Newsletter.<\/p>\n<p>Rechtsgrundlage:<\/p>\n<p>Das Anmeldeformular f\u00fcr den Newsletter.<\/p>\n<p>Verarbeitete Daten:<\/p>\n<p>Vorname;<\/p>\n<p>Nachsilbe;<\/p>\n<p>Nachname;<\/p>\n<p>E-Mail-Adresse.<\/p>\n<p>Speicherdauer:<\/p>\n<p>Solange die betroffene Person angemeldet ist.<\/p>\n<p>Weitergabe an Dritte<\/p>\n<p>Die von Ihnen bereitgestellten Daten k\u00f6nnen wir an Dritte weitergeben, wenn dies f\u00fcr die Durchf\u00fchrung der oben genannten Zwecke erforderlich ist. Wir nutzen Dritte f\u00fcr:<\/p>\n<p>Bereitstellung der Online-Umgebung des DSGVO-Programms;<\/p>\n<p>Finanzverwaltung;<\/p>\n<p>Versand von Newslettern und Einladungen.<\/p>\n<p>Wir geben keine personenbezogenen Daten an Parteien weiter, mit denen wir keinen Verarbeitungsvertrag abgeschlossen haben. Mit diesen Partnern (Auftragsverarbeitern) treffen wir Vereinbarungen, um den Schutz Ihrer Daten zu gew\u00e4hrleisten. Dar\u00fcber hinaus geben wir Daten nur weiter, wenn wir gesetzlich dazu verpflichtet sind (z. B. Ermittlungen durch die Polizei). Auch ist eine Weitergabe m\u00f6glich, wenn Sie uns Ihre ausdr\u00fcckliche schriftliche Zustimmung dazu erteilen.<\/p>\n<p>Innerhalb der EU<\/p>\n<p>Wir geben keine personenbezogenen Daten an Stellen au\u00dferhalb der EU weiter.<\/p>\n<p>Minderj\u00e4hrige<\/p>\n<p>Wir verarbeiten personenbezogene Daten von Minderj\u00e4hrigen (Personen unter 16 Jahren) nur mit schriftlicher Zustimmung der Eltern oder des gesetzlichen Vertreters.<\/p>\n<p>Speicherdauer<\/p>\n<p>ddbags speichert personenbezogene Daten nicht l\u00e4nger als notwendig f\u00fcr den Zweck, f\u00fcr den sie erhoben wurden, oder so lange, wie es gesetzlich vorgeschrieben ist.<\/p>\n<p>Sicherheit<\/p>\n<p>Wir haben geeignete technische und organisatorische Ma\u00dfnahmen getroffen, um Ihre Daten vor unrechtm\u00e4\u00dfiger Verarbeitung zu sch\u00fctzen. Dazu geh\u00f6ren u. a.:<\/p>\n<p>Alle Mitarbeitenden, die Zugang zu Ihren Daten haben, sind zur Vertraulichkeit verpflichtet;<\/p>\n<p>Benutzername- und Passwortschutz f\u00fcr unsere Systeme;<\/p>\n<p>Pseudonymisierung und Verschl\u00fcsselung von Daten, wenn erforderlich;<\/p>\n<p>Erstellung von Backups zur Wiederherstellung bei Vorf\u00e4llen;<\/p>\n<p>Regelm\u00e4\u00dfige Tests und Bewertungen unserer Sicherheitsma\u00dfnahmen;<\/p>\n<p>Sensibilisierung unserer Mitarbeitenden f\u00fcr Datenschutz.<\/p>\n<p>Ihre Rechte bez\u00fcglich Ihrer Daten<\/p>\n<p>Sie haben das Recht auf Einsicht, Berichtigung oder L\u00f6schung Ihrer personenbezogenen Daten. Sie k\u00f6nnen auch der Verarbeitung widersprechen oder eine Daten\u00fcbertragung an sich oder einen Dritten verlangen. Wir k\u00f6nnen Sie um einen Identit\u00e4tsnachweis bitten, bevor wir Ihrer Anfrage nachkommen.<\/p>\n<p>Verarbeiten wir Ihre Daten mit Ihrer Einwilligung, haben Sie jederzeit das Recht, diese Einwilligung zu widerrufen.<\/p>\n<p>Beschwerden<\/p>\n<p>Wenn Sie eine Beschwerde zur Verarbeitung Ihrer personenbezogenen Daten haben, bitten wir Sie, sich direkt mit uns in Verbindung zu setzen. Kommen wir gemeinsam nicht zu einer L\u00f6sung, haben Sie das Recht, bei der niederl\u00e4ndischen Aufsichtsbeh\u00f6rde f\u00fcr Datenschutz (Autoriteit Persoonsgegevens) Beschwerde einzulegen.<\/p>\n<p>Fragen<\/p>\n<p>Bei Fragen oder Anmerkungen zu dieser Datenschutzerkl\u00e4rung kontaktieren Sie uns bitte:<\/p>\n<p>ddbagsJonendwarsstraat 37101 GC WinterswijkE-Mail: info@ddbags.nl<\/p>\n<\/div><\/div><\/div><\/div><\/div>\n","protected":false},"excerpt":{"rendered":"","protected":false},"author":4,"featured_media":0,"parent":0,"menu_order":0,"comment_status":"closed","ping_status":"closed","template":"100-width.php","meta":{"footnotes":""},"class_list":["post-18525","page","type-page","status-publish","hentry"],"yoast_head":"<!-- This site is optimized with the Yoast SEO plugin v27.4 - https:\/\/yoast.com\/product\/yoast-seo-wordpress\/ -->\n<title>Datenschutzrichtlinie - ddbags.nl<\/title>\n<meta name=\"robots\" content=\"index, follow, max-snippet:-1, max-image-preview:large, max-video-preview:-1\" \/>\n<link rel=\"canonical\" href=\"https:\/\/ddbags.nl\/de\/datenschutzrichtlinie\/\" \/>\n<meta property=\"og:locale\" content=\"de_DE\" \/>\n<meta property=\"og:type\" content=\"article\" \/>\n<meta property=\"og:title\" content=\"Datenschutzrichtlinie - ddbags.nl\" \/>\n<meta property=\"og:url\" content=\"https:\/\/ddbags.nl\/de\/datenschutzrichtlinie\/\" \/>\n<meta property=\"og:site_name\" content=\"ddbags\" \/>\n<meta property=\"article:modified_time\" content=\"2025-07-17T16:11:27+00:00\" \/>\n<meta name=\"twitter:card\" content=\"summary_large_image\" \/>\n<meta name=\"twitter:label1\" content=\"Gesch\u00e4tzte Lesezeit\" \/>\n\t<meta name=\"twitter:data1\" content=\"4\u00a0Minuten\" \/>\n<script type=\"application\/ld+json\" class=\"yoast-schema-graph\">{\"@context\":\"https:\\\/\\\/schema.org\",\"@graph\":[{\"@type\":\"WebPage\",\"@id\":\"https:\\\/\\\/ddbags.nl\\\/de\\\/datenschutzrichtlinie\\\/\",\"url\":\"https:\\\/\\\/ddbags.nl\\\/de\\\/datenschutzrichtlinie\\\/\",\"name\":\"Datenschutzrichtlinie - ddbags.nl\",\"isPartOf\":{\"@id\":\"https:\\\/\\\/ddbags.nl\\\/de\\\/#website\"},\"datePublished\":\"2025-06-05T13:36:07+00:00\",\"dateModified\":\"2025-07-17T16:11:27+00:00\",\"breadcrumb\":{\"@id\":\"https:\\\/\\\/ddbags.nl\\\/de\\\/datenschutzrichtlinie\\\/#breadcrumb\"},\"inLanguage\":\"de\",\"potentialAction\":[{\"@type\":\"ReadAction\",\"target\":[\"https:\\\/\\\/ddbags.nl\\\/de\\\/datenschutzrichtlinie\\\/\"]}]},{\"@type\":\"BreadcrumbList\",\"@id\":\"https:\\\/\\\/ddbags.nl\\\/de\\\/datenschutzrichtlinie\\\/#breadcrumb\",\"itemListElement\":[{\"@type\":\"ListItem\",\"position\":1,\"name\":\"Home\",\"item\":\"https:\\\/\\\/ddbags.nl\\\/de\\\/home\\\/\"},{\"@type\":\"ListItem\",\"position\":2,\"name\":\"Datenschutzrichtlinie\"}]},{\"@type\":\"WebSite\",\"@id\":\"https:\\\/\\\/ddbags.nl\\\/de\\\/#website\",\"url\":\"https:\\\/\\\/ddbags.nl\\\/de\\\/\",\"name\":\"DDBags\",\"description\":\"Maak je eigen leren tas!\",\"publisher\":{\"@id\":\"https:\\\/\\\/ddbags.nl\\\/de\\\/#organization\"},\"potentialAction\":[{\"@type\":\"SearchAction\",\"target\":{\"@type\":\"EntryPoint\",\"urlTemplate\":\"https:\\\/\\\/ddbags.nl\\\/de\\\/?s={search_term_string}\"},\"query-input\":{\"@type\":\"PropertyValueSpecification\",\"valueRequired\":true,\"valueName\":\"search_term_string\"}}],\"inLanguage\":\"de\"},{\"@type\":\"Organization\",\"@id\":\"https:\\\/\\\/ddbags.nl\\\/de\\\/#organization\",\"name\":\"DDBags\",\"url\":\"https:\\\/\\\/ddbags.nl\\\/de\\\/\",\"logo\":{\"@type\":\"ImageObject\",\"inLanguage\":\"de\",\"@id\":\"https:\\\/\\\/ddbags.nl\\\/de\\\/#\\\/schema\\\/logo\\\/image\\\/\",\"url\":\"https:\\\/\\\/ddbags.nl\\\/wp-content\\\/uploads\\\/2025\\\/04\\\/logo-ddbags.svg\",\"contentUrl\":\"https:\\\/\\\/ddbags.nl\\\/wp-content\\\/uploads\\\/2025\\\/04\\\/logo-ddbags.svg\",\"width\":174,\"height\":82,\"caption\":\"DDBags\"},\"image\":{\"@id\":\"https:\\\/\\\/ddbags.nl\\\/de\\\/#\\\/schema\\\/logo\\\/image\\\/\"}}]}<\/script>\n<!-- \/ Yoast SEO plugin. -->","yoast_head_json":{"title":"Datenschutzrichtlinie - ddbags.nl","robots":{"index":"index","follow":"follow","max-snippet":"max-snippet:-1","max-image-preview":"max-image-preview:large","max-video-preview":"max-video-preview:-1"},"canonical":"https:\/\/ddbags.nl\/de\/datenschutzrichtlinie\/","og_locale":"de_DE","og_type":"article","og_title":"Datenschutzrichtlinie - ddbags.nl","og_url":"https:\/\/ddbags.nl\/de\/datenschutzrichtlinie\/","og_site_name":"ddbags","article_modified_time":"2025-07-17T16:11:27+00:00","twitter_card":"summary_large_image","twitter_misc":{"Gesch\u00e4tzte Lesezeit":"4\u00a0Minuten"},"schema":{"@context":"https:\/\/schema.org","@graph":[{"@type":"WebPage","@id":"https:\/\/ddbags.nl\/de\/datenschutzrichtlinie\/","url":"https:\/\/ddbags.nl\/de\/datenschutzrichtlinie\/","name":"Datenschutzrichtlinie - ddbags.nl","isPartOf":{"@id":"https:\/\/ddbags.nl\/de\/#website"},"datePublished":"2025-06-05T13:36:07+00:00","dateModified":"2025-07-17T16:11:27+00:00","breadcrumb":{"@id":"https:\/\/ddbags.nl\/de\/datenschutzrichtlinie\/#breadcrumb"},"inLanguage":"de","potentialAction":[{"@type":"ReadAction","target":["https:\/\/ddbags.nl\/de\/datenschutzrichtlinie\/"]}]},{"@type":"BreadcrumbList","@id":"https:\/\/ddbags.nl\/de\/datenschutzrichtlinie\/#breadcrumb","itemListElement":[{"@type":"ListItem","position":1,"name":"Home","item":"https:\/\/ddbags.nl\/de\/home\/"},{"@type":"ListItem","position":2,"name":"Datenschutzrichtlinie"}]},{"@type":"WebSite","@id":"https:\/\/ddbags.nl\/de\/#website","url":"https:\/\/ddbags.nl\/de\/","name":"DDBags","description":"Maak je eigen leren tas!","publisher":{"@id":"https:\/\/ddbags.nl\/de\/#organization"},"potentialAction":[{"@type":"SearchAction","target":{"@type":"EntryPoint","urlTemplate":"https:\/\/ddbags.nl\/de\/?s={search_term_string}"},"query-input":{"@type":"PropertyValueSpecification","valueRequired":true,"valueName":"search_term_string"}}],"inLanguage":"de"},{"@type":"Organization","@id":"https:\/\/ddbags.nl\/de\/#organization","name":"DDBags","url":"https:\/\/ddbags.nl\/de\/","logo":{"@type":"ImageObject","inLanguage":"de","@id":"https:\/\/ddbags.nl\/de\/#\/schema\/logo\/image\/","url":"https:\/\/ddbags.nl\/wp-content\/uploads\/2025\/04\/logo-ddbags.svg","contentUrl":"https:\/\/ddbags.nl\/wp-content\/uploads\/2025\/04\/logo-ddbags.svg","width":174,"height":82,"caption":"DDBags"},"image":{"@id":"https:\/\/ddbags.nl\/de\/#\/schema\/logo\/image\/"}}]}},"_links":{"self":[{"href":"https:\/\/ddbags.nl\/de\/wp-json\/wp\/v2\/pages\/18525","targetHints":{"allow":["GET"]}}],"collection":[{"href":"https:\/\/ddbags.nl\/de\/wp-json\/wp\/v2\/pages"}],"about":[{"href":"https:\/\/ddbags.nl\/de\/wp-json\/wp\/v2\/types\/page"}],"author":[{"embeddable":true,"href":"https:\/\/ddbags.nl\/de\/wp-json\/wp\/v2\/users\/4"}],"replies":[{"embeddable":true,"href":"https:\/\/ddbags.nl\/de\/wp-json\/wp\/v2\/comments?post=18525"}],"version-history":[{"count":3,"href":"https:\/\/ddbags.nl\/de\/wp-json\/wp\/v2\/pages\/18525\/revisions"}],"predecessor-version":[{"id":20236,"href":"https:\/\/ddbags.nl\/de\/wp-json\/wp\/v2\/pages\/18525\/revisions\/20236"}],"wp:attachment":[{"href":"https:\/\/ddbags.nl\/de\/wp-json\/wp\/v2\/media?parent=18525"}],"curies":[{"name":"wp","href":"https:\/\/api.w.org\/{rel}","templated":true}]}}