{"id":18523,"date":"2025-06-05T17:18:22","date_gmt":"2025-06-05T15:18:22","guid":{"rendered":"https:\/\/ddbags.nl\/hoe-werkt-het\/"},"modified":"2026-04-02T13:51:57","modified_gmt":"2026-04-02T11:51:57","slug":"hoe-werkt-het","status":"publish","type":"page","link":"https:\/\/ddbags.nl\/de\/hoe-werkt-het\/","title":{"rendered":"So funktioniert\u2019s!"},"content":{"rendered":"<p><div class=\"fusion-fullwidth fullwidth-box fusion-builder-row-1 fusion-flex-container has-pattern-background has-mask-background nonhundred-percent-fullwidth non-hundred-percent-height-scrolling\" style=\"--awb-border-radius-top-left:0px;--awb-border-radius-top-right:0px;--awb-border-radius-bottom-right:0px;--awb-border-radius-bottom-left:0px;--awb-padding-top:0px;--awb-background-color:var(--awb-color3);--awb-flex-wrap:wrap;\" ><div class=\"fusion-builder-row fusion-row fusion-flex-align-items-flex-start fusion-flex-content-wrap\" style=\"max-width:1456px;margin-left: calc(-4% \/ 2 );margin-right: calc(-4% \/ 2 );\"><div class=\"fusion-layout-column fusion_builder_column fusion-builder-column-0 fusion_builder_column_1_1 1_1 fusion-flex-column\" style=\"--awb-bg-size:cover;--awb-width-large:100%;--awb-margin-top-large:0px;--awb-spacing-right-large:1.92%;--awb-margin-bottom-large:32px;--awb-spacing-left-large:1.92%;--awb-width-medium:100%;--awb-order-medium:0;--awb-spacing-right-medium:1.92%;--awb-spacing-left-medium:1.92%;--awb-width-small:100%;--awb-order-small:0;--awb-spacing-right-small:1.92%;--awb-spacing-left-small:1.92%;\"><div class=\"fusion-column-wrapper fusion-column-has-shadow fusion-flex-justify-content-flex-start fusion-content-layout-column\"><div class=\"fusion-title title fusion-title-1 fusion-sep-none fusion-title-text fusion-title-size-two\"><h2 class=\"fusion-title-heading title-heading-left fusion-responsive-typography-calculated\" style=\"margin:0;--fontSize:48;line-height:var(--awb-typography1-line-height);\"><h1>So funktioniert\u2019s!<\/h1><\/h2><\/div><div class=\"fusion-text fusion-text-1\"><h4>1. Was ist der Inhalt eines DIY-Sets?<\/h4>\n<p>In den DIY-Sets <span style=\"text-decoration: underline;\"><a href=\"\/?product_cat=festival-de-2\">FESTIVAL<\/a><\/span>, <span style=\"text-decoration: underline;\"><a href=\"https:\/\/ddbags.nl\/de\/kategorie\/diy-crossbody-taschen\/diy-crossbody-tasche-vanity\/\">VANITY<\/a>, <a href=\"\/?product_cat=festival-de-2\">VANITY Flair<\/a>,<\/span><span style=\"text-decoration: underline;\"><a href=\"\/?product_cat=yara-de\">YARA<\/a><\/span> und <a href=\"https:\/\/ddbags.nl\/de\/kategorie\/diy-crossbody-taschen\/diy-crossbody-tasche-julya\/\">JULYA<\/a> sind alle ben\u00f6tigten vorgestanzten Schnittteile f\u00fcr die Tasche und das Portemonnaie enthalten. Au\u00dferdem enth\u00e4lt das Set das n\u00f6tige Zubeh\u00f6r, Hohlnieten und den Trageriemen. In den DIY-Sets <span style=\"text-decoration: underline;\"><a href=\"\/?product_cat=nychel-de-2\">NYCHEL<\/a><\/span>, <span style=\"text-decoration: underline;\"> <a href=\"\/?product_cat=yill-de\">YILL<\/a> <\/span>und <a href=\"\/?product_cat=yvie-de\"><span style=\"text-decoration: underline;\">YVIE<\/span><\/a> sind zus\u00e4tzlich auch Garn und Nadel enthalten.<\/p>\n<p>Alle Teile, die du zum Anfertigen einer DIY-Crossbody-Tasche brauchst, sind also im Set enthalten!<\/p>\n<h4>2. Welches Werkzeug brauche ich?<\/h4>\n<p>F\u00fcr die DIY-Sets FESTIVAL, VANITY und YARA kannst du bei uns das passende Werkzeug mitbestellen. Daf\u00fcr zahlst du eine Kaution von 50\u202fEuro (die du zur\u00fcckbekommst, sobald wir das Werkzeug wieder erhalten haben).<br \/>\nIn diesem WERKZEUGSET sind alle Werkzeuge enthalten, die du zum Zusammenbauen deiner DIY-Crossbody-Tasche brauchst \u2013 zum Beispiel ein Lineal, eine Schere, ein Silberstift, ein Hammer, eine Lochzange und eine Zange zum Befestigen der Hohlnieten.<\/p>\n<p>ACHTUNG!! Das Werkzeug muss eine Woche nach Erhalt wieder zur\u00fcckgeschickt werden, damit auch andere es nutzen k\u00f6nnen.<br \/>\nWenn du ein Werkzeugset bestellt hast, kannst du es kostenlos zur\u00fccksenden \u2013 zusammen mit dem D\u00f6schen mit Hohlnieten und der Anleitung.<br \/>\nWir legen daf\u00fcr ein R\u00fccksendeetikett bei.<\/p>\n<h4>3. Schaffe ich das auch ohne Hilfe?<\/h4>\n<p>Ja, auf jeden Fall!<br \/>\nWir liefern eine klare Schritt-f\u00fcr-Schritt-Anleitung mit \u2013 diese liegt dem Werkzeugset bei.<br \/>\nHast du kein Werkzeugset bestellt, kannst du die Anleitung auch auf unserer Website herunterladen (und bei Bedarf ausdrucken).<br \/>\nF\u00fcr die DIY-Sets NYCHEL, YILL und YVIE ben\u00f6tigst du ebenfalls Werkzeug. Dieses musst du selbst bereitstellen \u2013 es kann nicht mitbestellt werden.<\/p>\n<p>Daf\u00fcr brauchst du:<\/p>\n<ul>\n<li>Kleiner Hammer<\/li>\n<li>Schraubendreher<\/li>\n<li>Ma\u00dfband<\/li>\n<li>Stift oder Marker mit d\u00fcnner Spitze (vorzugsweise wei\u00df)<\/li>\n<li>Lochzange<\/li>\n<li>Schere<\/li>\n<li>Feuerzeug<\/li>\n<\/ul>\n<h4 class=\"ng-star-inserted\"><strong class=\"ng-star-inserted\"><span class=\"ng-star-inserted\">4. Wann sollte ich am besten bestellen?<\/span><\/strong><\/h4>\n<p class=\"ng-star-inserted\"><span class=\"ng-star-inserted\">Bestelle die DIY-Crossbody-Tasche(n) sp\u00e4testens anderthalb Wochen vor dem Datum, an dem du die Tasche(n) anfertigen m\u00f6chtest. <\/span><span class=\"ng-star-inserted\">Vergiss bitte nicht, dieses geplante Datum bei der Bestellung im Bemerkungsfeld anzugeben.<\/span><\/p>\n<p class=\"ng-star-inserted\"><span class=\"ng-star-inserted\">Wenn du rechtzeitig bestellst und uns das Datum mitteilst, wissen wir genau, wann du das Paket ben\u00f6tigst. So haben wir ausreichend Zeit, alles sorgf\u00e4ltig zusammenzustellen und sicherzustellen, dass deine Bestellung rechtzeitig bei dir ankommt.<\/span><\/p>\n<p class=\"ng-star-inserted\"><span class=\"ng-star-inserted\">Au\u00dferdem sorgt diese Planung daf\u00fcr, dass der Verleih des Werkzeugsets reibungslos abl\u00e4uft. Du kannst ganz in Ruhe loslegen und hast im Anschluss genug Zeit, das Set wieder an uns zur\u00fcckzusenden. Bitte denke daran; so sorgen wir gemeinsam daf\u00fcr, dass das Werkzeugset auch f\u00fcr den n\u00e4chsten kreativen Kopf wieder p\u00fcnktlich verf\u00fcgbar ist!<\/span><\/p>\n<\/div><\/div><\/div><\/div><\/div><div class=\"fusion-fullwidth fullwidth-box fusion-builder-row-2 fusion-flex-container has-pattern-background has-mask-background ddb-background line-1 nonhundred-percent-fullwidth non-hundred-percent-height-scrolling\" style=\"--awb-border-radius-top-left:0px;--awb-border-radius-top-right:0px;--awb-border-radius-bottom-right:0px;--awb-border-radius-bottom-left:0px;--awb-background-color:var(--awb-color2);--awb-flex-wrap:wrap;\" ><div class=\"fusion-builder-row fusion-row fusion-flex-align-items-center fusion-flex-content-wrap\" style=\"max-width:1456px;margin-left: calc(-4% \/ 2 );margin-right: calc(-4% \/ 2 );\"><div class=\"fusion-layout-column fusion_builder_column fusion-builder-column-1 fusion_builder_column_2_3 2_3 fusion-flex-column image-wrapper layout-2\" style=\"--awb-bg-size:cover;--awb-width-large:66.666666666667%;--awb-margin-top-large:0px;--awb-spacing-right-large:2.88%;--awb-margin-bottom-large:32px;--awb-spacing-left-large:2.88%;--awb-width-medium:66.666666666667%;--awb-order-medium:0;--awb-spacing-right-medium:2.88%;--awb-spacing-left-medium:2.88%;--awb-width-small:100%;--awb-order-small:0;--awb-spacing-right-small:1.92%;--awb-spacing-left-small:1.92%;\" data-scroll-devices=\"small-visibility,medium-visibility,large-visibility\"><div class=\"fusion-column-wrapper fusion-column-has-shadow fusion-flex-justify-content-flex-start fusion-content-layout-column\"><div class=\"fusion-image-element \" style=\"--awb-caption-title-font-family:var(--h2_typography-font-family);--awb-caption-title-font-weight:var(--h2_typography-font-weight);--awb-caption-title-font-style:var(--h2_typography-font-style);--awb-caption-title-size:var(--h2_typography-font-size);--awb-caption-title-transform:var(--h2_typography-text-transform);--awb-caption-title-line-height:var(--h2_typography-line-height);--awb-caption-title-letter-spacing:var(--h2_typography-letter-spacing);\"><span class=\" fusion-imageframe imageframe-none imageframe-1 hover-type-none\"><img decoding=\"async\" width=\"1080\" height=\"1351\" title=\"ddbags-workshops\" src=\"https:\/\/ddbags.nl\/wp-content\/uploads\/2025\/05\/ddbags-workshops.webp\" alt class=\"img-responsive wp-image-16593\" srcset=\"https:\/\/ddbags.nl\/wp-content\/uploads\/2025\/05\/ddbags-workshops-500x625.webp 500w, https:\/\/ddbags.nl\/wp-content\/uploads\/2025\/05\/ddbags-workshops-700x876.webp 700w, https:\/\/ddbags.nl\/wp-content\/uploads\/2025\/05\/ddbags-workshops-768x961.webp 768w, https:\/\/ddbags.nl\/wp-content\/uploads\/2025\/05\/ddbags-workshops.webp 1080w\" sizes=\"(max-width: 1000px) 100vw, 1080px\" \/><\/span><\/div><div class=\"fusion-image-element \" style=\"--awb-caption-title-font-family:var(--h2_typography-font-family);--awb-caption-title-font-weight:var(--h2_typography-font-weight);--awb-caption-title-font-style:var(--h2_typography-font-style);--awb-caption-title-size:var(--h2_typography-font-size);--awb-caption-title-transform:var(--h2_typography-text-transform);--awb-caption-title-line-height:var(--h2_typography-line-height);--awb-caption-title-letter-spacing:var(--h2_typography-letter-spacing);\"><span class=\" fusion-imageframe imageframe-none imageframe-2 hover-type-none\"><img decoding=\"async\" width=\"1920\" height=\"1080\" alt=\"maak je eigen leren tasje\" title=\"maak je eigen leren tasje\" src=\"https:\/\/ddbags.nl\/wp-content\/uploads\/2025\/06\/maak-je-eigen-leren-tasje.png\" class=\"img-responsive wp-image-16604\" srcset=\"https:\/\/ddbags.nl\/wp-content\/uploads\/2025\/06\/maak-je-eigen-leren-tasje-500x281.png 500w, https:\/\/ddbags.nl\/wp-content\/uploads\/2025\/06\/maak-je-eigen-leren-tasje-700x394.png 700w, https:\/\/ddbags.nl\/wp-content\/uploads\/2025\/06\/maak-je-eigen-leren-tasje-768x432.png 768w, https:\/\/ddbags.nl\/wp-content\/uploads\/2025\/06\/maak-je-eigen-leren-tasje-1536x864.png 1536w, https:\/\/ddbags.nl\/wp-content\/uploads\/2025\/06\/maak-je-eigen-leren-tasje.png 1920w\" sizes=\"(max-width: 1920px) 100vw, 1920px\" \/><\/span><\/div><\/div><\/div><div class=\"fusion-layout-column fusion_builder_column fusion-builder-column-2 fusion_builder_column_1_3 1_3 fusion-flex-column\" style=\"--awb-bg-size:cover;--awb-width-large:33.333333333333%;--awb-margin-top-large:0px;--awb-spacing-right-large:5.76%;--awb-margin-bottom-large:32px;--awb-spacing-left-large:5.76%;--awb-width-medium:33.333333333333%;--awb-order-medium:0;--awb-spacing-right-medium:5.76%;--awb-spacing-left-medium:5.76%;--awb-width-small:100%;--awb-order-small:0;--awb-spacing-right-small:1.92%;--awb-spacing-left-small:1.92%;\"><div class=\"fusion-column-wrapper fusion-column-has-shadow fusion-flex-justify-content-flex-start fusion-content-layout-column\"><div class=\"fusion-title title fusion-title-2 fusion-sep-none fusion-title-text fusion-title-size-two\"><h2 class=\"fusion-title-heading title-heading-left fusion-responsive-typography-calculated\" style=\"margin:0;--fontSize:48;line-height:var(--awb-typography1-line-height);\">Mach dein eigenes Ledert\u00e4schchen!<\/h2><\/div><div class=\"fusion-text fusion-text-2\"><p>Entdecke deine Kreativit\u00e4t und gestalte eine einzigartige Ledertasche mit ddbags! Komm in mein Atelier in Winterswijk oder bestelle einfach deine Lieblingst\u00e4schchen im Webshop. Zu Hause erh\u00e4ltst du neben den T\u00e4schchen auch eine <strong>ausf\u00fchrliche Anleitung und das passende Werkzeug<\/strong>. So kann wirklich jeder ein eigenes Ledert\u00e4schchen machen!<\/p>\n<\/div><div ><a class=\"fusion-button button-flat fusion-button-default-size button-default fusion-button-default button-1 fusion-button-default-span fusion-button-default-type\" target=\"_self\" href=\"https:\/\/ddbags.nl\/de\/diy-pakketten\/\"><span class=\"fusion-button-text awb-button__text awb-button__text--default\">Zum Webshop<\/span><\/a><\/div><\/div><\/div><\/div><\/div><\/p>\n","protected":false},"excerpt":{"rendered":"","protected":false},"author":4,"featured_media":0,"parent":0,"menu_order":0,"comment_status":"closed","ping_status":"closed","template":"100-width.php","meta":{"footnotes":""},"class_list":["post-18523","page","type-page","status-publish","hentry"],"yoast_head":"<!-- This site is optimized with the Yoast SEO plugin v27.3 - https:\/\/yoast.com\/product\/yoast-seo-wordpress\/ -->\n<title>So funktioniert\u2019s! - ddbags.nl<\/title>\n<meta name=\"robots\" content=\"index, follow, max-snippet:-1, max-image-preview:large, max-video-preview:-1\" \/>\n<link rel=\"canonical\" href=\"https:\/\/ddbags.nl\/de\/hoe-werkt-het\/\" \/>\n<meta property=\"og:locale\" content=\"de_DE\" \/>\n<meta property=\"og:type\" content=\"article\" \/>\n<meta property=\"og:title\" content=\"So funktioniert\u2019s! - ddbags.nl\" \/>\n<meta property=\"og:url\" content=\"https:\/\/ddbags.nl\/de\/hoe-werkt-het\/\" \/>\n<meta property=\"og:site_name\" content=\"ddbags\" \/>\n<meta property=\"article:modified_time\" content=\"2026-04-02T11:51:57+00:00\" \/>\n<meta name=\"twitter:card\" content=\"summary_large_image\" \/>\n<meta name=\"twitter:label1\" content=\"Gesch\u00e4tzte Lesezeit\" \/>\n\t<meta name=\"twitter:data1\" content=\"3\u00a0Minuten\" \/>\n<script type=\"application\/ld+json\" class=\"yoast-schema-graph\">{\"@context\":\"https:\\\/\\\/schema.org\",\"@graph\":[{\"@type\":\"WebPage\",\"@id\":\"https:\\\/\\\/ddbags.nl\\\/de\\\/hoe-werkt-het\\\/\",\"url\":\"https:\\\/\\\/ddbags.nl\\\/de\\\/hoe-werkt-het\\\/\",\"name\":\"So funktioniert\u2019s! - ddbags.nl\",\"isPartOf\":{\"@id\":\"https:\\\/\\\/ddbags.nl\\\/de\\\/#website\"},\"datePublished\":\"2025-06-05T15:18:22+00:00\",\"dateModified\":\"2026-04-02T11:51:57+00:00\",\"breadcrumb\":{\"@id\":\"https:\\\/\\\/ddbags.nl\\\/de\\\/hoe-werkt-het\\\/#breadcrumb\"},\"inLanguage\":\"de\",\"potentialAction\":[{\"@type\":\"ReadAction\",\"target\":[\"https:\\\/\\\/ddbags.nl\\\/de\\\/hoe-werkt-het\\\/\"]}]},{\"@type\":\"BreadcrumbList\",\"@id\":\"https:\\\/\\\/ddbags.nl\\\/de\\\/hoe-werkt-het\\\/#breadcrumb\",\"itemListElement\":[{\"@type\":\"ListItem\",\"position\":1,\"name\":\"Home\",\"item\":\"https:\\\/\\\/ddbags.nl\\\/de\\\/home\\\/\"},{\"@type\":\"ListItem\",\"position\":2,\"name\":\"So funktioniert\u2019s!\"}]},{\"@type\":\"WebSite\",\"@id\":\"https:\\\/\\\/ddbags.nl\\\/de\\\/#website\",\"url\":\"https:\\\/\\\/ddbags.nl\\\/de\\\/\",\"name\":\"DDBags\",\"description\":\"Maak je eigen leren tas!\",\"publisher\":{\"@id\":\"https:\\\/\\\/ddbags.nl\\\/de\\\/#organization\"},\"potentialAction\":[{\"@type\":\"SearchAction\",\"target\":{\"@type\":\"EntryPoint\",\"urlTemplate\":\"https:\\\/\\\/ddbags.nl\\\/de\\\/?s={search_term_string}\"},\"query-input\":{\"@type\":\"PropertyValueSpecification\",\"valueRequired\":true,\"valueName\":\"search_term_string\"}}],\"inLanguage\":\"de\"},{\"@type\":\"Organization\",\"@id\":\"https:\\\/\\\/ddbags.nl\\\/de\\\/#organization\",\"name\":\"DDBags\",\"url\":\"https:\\\/\\\/ddbags.nl\\\/de\\\/\",\"logo\":{\"@type\":\"ImageObject\",\"inLanguage\":\"de\",\"@id\":\"https:\\\/\\\/ddbags.nl\\\/de\\\/#\\\/schema\\\/logo\\\/image\\\/\",\"url\":\"https:\\\/\\\/ddbags.nl\\\/wp-content\\\/uploads\\\/2025\\\/04\\\/logo-ddbags.svg\",\"contentUrl\":\"https:\\\/\\\/ddbags.nl\\\/wp-content\\\/uploads\\\/2025\\\/04\\\/logo-ddbags.svg\",\"width\":174,\"height\":82,\"caption\":\"DDBags\"},\"image\":{\"@id\":\"https:\\\/\\\/ddbags.nl\\\/de\\\/#\\\/schema\\\/logo\\\/image\\\/\"}}]}<\/script>\n<!-- \/ Yoast SEO plugin. -->","yoast_head_json":{"title":"So funktioniert\u2019s! - ddbags.nl","robots":{"index":"index","follow":"follow","max-snippet":"max-snippet:-1","max-image-preview":"max-image-preview:large","max-video-preview":"max-video-preview:-1"},"canonical":"https:\/\/ddbags.nl\/de\/hoe-werkt-het\/","og_locale":"de_DE","og_type":"article","og_title":"So funktioniert\u2019s! - ddbags.nl","og_url":"https:\/\/ddbags.nl\/de\/hoe-werkt-het\/","og_site_name":"ddbags","article_modified_time":"2026-04-02T11:51:57+00:00","twitter_card":"summary_large_image","twitter_misc":{"Gesch\u00e4tzte Lesezeit":"3\u00a0Minuten"},"schema":{"@context":"https:\/\/schema.org","@graph":[{"@type":"WebPage","@id":"https:\/\/ddbags.nl\/de\/hoe-werkt-het\/","url":"https:\/\/ddbags.nl\/de\/hoe-werkt-het\/","name":"So funktioniert\u2019s! - ddbags.nl","isPartOf":{"@id":"https:\/\/ddbags.nl\/de\/#website"},"datePublished":"2025-06-05T15:18:22+00:00","dateModified":"2026-04-02T11:51:57+00:00","breadcrumb":{"@id":"https:\/\/ddbags.nl\/de\/hoe-werkt-het\/#breadcrumb"},"inLanguage":"de","potentialAction":[{"@type":"ReadAction","target":["https:\/\/ddbags.nl\/de\/hoe-werkt-het\/"]}]},{"@type":"BreadcrumbList","@id":"https:\/\/ddbags.nl\/de\/hoe-werkt-het\/#breadcrumb","itemListElement":[{"@type":"ListItem","position":1,"name":"Home","item":"https:\/\/ddbags.nl\/de\/home\/"},{"@type":"ListItem","position":2,"name":"So funktioniert\u2019s!"}]},{"@type":"WebSite","@id":"https:\/\/ddbags.nl\/de\/#website","url":"https:\/\/ddbags.nl\/de\/","name":"DDBags","description":"Maak je eigen leren tas!","publisher":{"@id":"https:\/\/ddbags.nl\/de\/#organization"},"potentialAction":[{"@type":"SearchAction","target":{"@type":"EntryPoint","urlTemplate":"https:\/\/ddbags.nl\/de\/?s={search_term_string}"},"query-input":{"@type":"PropertyValueSpecification","valueRequired":true,"valueName":"search_term_string"}}],"inLanguage":"de"},{"@type":"Organization","@id":"https:\/\/ddbags.nl\/de\/#organization","name":"DDBags","url":"https:\/\/ddbags.nl\/de\/","logo":{"@type":"ImageObject","inLanguage":"de","@id":"https:\/\/ddbags.nl\/de\/#\/schema\/logo\/image\/","url":"https:\/\/ddbags.nl\/wp-content\/uploads\/2025\/04\/logo-ddbags.svg","contentUrl":"https:\/\/ddbags.nl\/wp-content\/uploads\/2025\/04\/logo-ddbags.svg","width":174,"height":82,"caption":"DDBags"},"image":{"@id":"https:\/\/ddbags.nl\/de\/#\/schema\/logo\/image\/"}}]}},"_links":{"self":[{"href":"https:\/\/ddbags.nl\/de\/wp-json\/wp\/v2\/pages\/18523","targetHints":{"allow":["GET"]}}],"collection":[{"href":"https:\/\/ddbags.nl\/de\/wp-json\/wp\/v2\/pages"}],"about":[{"href":"https:\/\/ddbags.nl\/de\/wp-json\/wp\/v2\/types\/page"}],"author":[{"embeddable":true,"href":"https:\/\/ddbags.nl\/de\/wp-json\/wp\/v2\/users\/4"}],"replies":[{"embeddable":true,"href":"https:\/\/ddbags.nl\/de\/wp-json\/wp\/v2\/comments?post=18523"}],"version-history":[{"count":7,"href":"https:\/\/ddbags.nl\/de\/wp-json\/wp\/v2\/pages\/18523\/revisions"}],"predecessor-version":[{"id":24283,"href":"https:\/\/ddbags.nl\/de\/wp-json\/wp\/v2\/pages\/18523\/revisions\/24283"}],"wp:attachment":[{"href":"https:\/\/ddbags.nl\/de\/wp-json\/wp\/v2\/media?parent=18523"}],"curies":[{"name":"wp","href":"https:\/\/api.w.org\/{rel}","templated":true}]}}